{"id":146668,"date":"2021-01-15T10:54:02","date_gmt":"2021-01-15T10:54:02","guid":{"rendered":"https:\/\/codengine3.ch\/?product=import-placeholder-for-206746"},"modified":"2023-04-26T09:17:47","modified_gmt":"2023-04-26T07:17:47","slug":"crack-climbing-la-bible-de-lescalade-en-fissures","status":"publish","type":"product","link":"https:\/\/pizbube.ch\/en\/shop\/crack-climbing-la-bible-de-lescalade-en-fissures\/","title":{"rendered":"Crack climbing &#8211; La bible de l&#8217;escalade en fissures"},"content":{"rendered":"<p>Savoir grimper en fissures est indispensable pour tout grimpeur. Crack<br \/>\nClimbing par Pete Whittaker fournit une r\u00e9f\u00e9rence unique sur toutes les<br \/>\ntechniques d\u2019escalade en fissures, quel que soit votre niveau.<\/p>\n<p>Pete est largement consid\u00e9r\u00e9 comme l\u2019un des meilleurs grimpeurs de fissures au<br \/>\nmonde, ayant r\u00e9ussi des dizaines de premi\u00e8res ascensions et de r\u00e9p\u00e9titions<br \/>\ndifficiles, dont la premi\u00e8re ascension de Century Crack (5.14b ou 8c) \u00e0<br \/>\nCanyon-lands, Utah. Dans ce livre, Pete s\u2019est appuy\u00e9 sur des ann\u00e9es<br \/>\nd\u2019exp\u00e9rience pour expliquer l\u2019ensemble des techniques et vous faire comprendre<br \/>\nquand, pourquoi et comment les utiliser. Vous pourrez d\u00e9velopper vos<br \/>\ncomp\u00e9tences en toute confiance et am\u00e9liorer ainsi votre niveau en escalade.<\/p>\n<p>Ce livre est divis\u00e9 en parties facilement accessibles sur les techniques<br \/>\npropres \u00e0 chaque largeur de fissures comme celles \u00e0 doigts, de main et de<br \/>\npoing, les offwidths et les chemin\u00e9es. Pete aborde les gestes de base, comme<br \/>\ncelui du coincement de main &#8211; outil essentiel dans le r\u00e9pertoire de tout<br \/>\ngrimpeur de fissures &#8211; jusqu\u2019aux techniques les plus avanc\u00e9es comme le serpent<br \/>\n\u00e0 sonnette ou le caresseur de truite. Une multitude d\u2019informations pratiques<br \/>\net d\u2019explications \u00e9tape par \u00e9tape sont compl\u00e9t\u00e9es par des conseils et des<br \/>\nastuces, ainsi que des illustrations d\u2019Alex Poyzer et des photographies. Des<br \/>\nchapitres sp\u00e9cifiques sont consacr\u00e9s aux bandages des mains, ainsi qu\u2019au<br \/>\nmat\u00e9riel et \u00e0 la pose des protections.<\/p>\n<p>Pete a \u00e9galement interview\u00e9 certains des meilleurs grimpeurs de fissures du<br \/>\nmonde afin que vous puissiez apprendre d\u2019eux. D\u00e9couvrez les t\u00e9moignages de<br \/>\nLynn Hill, Alex Honnold, Barbara Zangerl, Peter Croft et bien d\u2019autres encore.<\/p>\n<p>Faites progresser votre escalade en maitrisant ces techniques. Bons<br \/>\ncoincements !<\/p>\n<p>Traduit de l\u2019anglais par David Chambre<\/p>","protected":false},"excerpt":{"rendered":"<p>Savoir grimper en fissures est indispensable pour tout grimpeur. Crack Climbing par Pete Whittaker fournit une r\u00e9f\u00e9rence unique sur toutes les techniques d\u2019escalade en fissures, quel que soit votre niveau. Pete est largement consid\u00e9r\u00e9 comme l\u2019un des meilleurs grimpeurs de fissures au monde, ayant r\u00e9ussi des dizaines de premi\u00e8res ascensions et de r\u00e9p\u00e9titions difficiles, dont [&#8230;]\n","protected":false},"featured_media":36016,"template":"","meta":[],"product_brand":[],"product_cat":[21538],"product_tag":[],"class_list":{"0":"post-146668","1":"product","2":"type-product","3":"status-publish","4":"has-post-thumbnail","6":"product_cat-lehrbuecher","7":"pa_autor-whittaker","8":"pa_erscheinungsjahr-21558","9":"pa_sprache-fr","11":"first","12":"instock","13":"taxable","14":"shipping-taxable","15":"purchasable","16":"product-type-simple"},"_links":{"self":[{"href":"https:\/\/pizbube.ch\/en\/wp-json\/wp\/v2\/product\/146668","targetHints":{"allow":["GET"]}}],"collection":[{"href":"https:\/\/pizbube.ch\/en\/wp-json\/wp\/v2\/product"}],"about":[{"href":"https:\/\/pizbube.ch\/en\/wp-json\/wp\/v2\/types\/product"}],"wp:featuredmedia":[{"embeddable":true,"href":"https:\/\/pizbube.ch\/en\/wp-json\/wp\/v2\/media\/36016"}],"wp:attachment":[{"href":"https:\/\/pizbube.ch\/en\/wp-json\/wp\/v2\/media?parent=146668"}],"wp:term":[{"taxonomy":"product_brand","embeddable":true,"href":"https:\/\/pizbube.ch\/en\/wp-json\/wp\/v2\/product_brand?post=146668"},{"taxonomy":"product_cat","embeddable":true,"href":"https:\/\/pizbube.ch\/en\/wp-json\/wp\/v2\/product_cat?post=146668"},{"taxonomy":"product_tag","embeddable":true,"href":"https:\/\/pizbube.ch\/en\/wp-json\/wp\/v2\/product_tag?post=146668"}],"curies":[{"name":"wp","href":"https:\/\/api.w.org\/{rel}","templated":true}]}}