{"id":146674,"date":"2021-01-15T10:54:02","date_gmt":"2021-01-15T10:54:02","guid":{"rendered":"https:\/\/codengine3.ch\/?product=import-placeholder-for-205042"},"modified":"2022-06-28T09:34:22","modified_gmt":"2022-06-28T07:34:22","slug":"brenta","status":"publish","type":"product","link":"https:\/\/pizbube.ch\/en\/shop\/brenta\/","title":{"rendered":"Brenta mit Adamello, Presanella und Paganella."},"content":{"rendered":"<p>Mit Adamello, Presanella und Paganella. 52 Touren.<\/p>\n<p>Die Brenta ist schon immer beliebt bei deutschsprachigen Alpinisten, bekannt<br \/>\nvor allem f\u00fcr Klettertouren und Klettersteige. Dieser F\u00fchrer zeigt, dass es<br \/>\nsich auch f\u00fcr den Wanderer lohnt, ihr einen Besuch abzustatten. Die durch<br \/>\nzahlreiche Schutzh\u00fctten erschlossenen Felsr\u00e4ume des Zentralbezirks, die Grate<br \/>\nund K\u00e4mme der Nordgruppe, die einsamen H\u00f6henz\u00fcge der Campa weiter \u00f6stlich, die<br \/>\nausgedehnten Almengebiete im S\u00fcden sowie das Riesenpult der Paganella &#8211; sie<br \/>\nalle erm\u00f6glichen lohnende Unternehmungen in Form von Gipfelbesteigungen,<br \/>\n\u00dcberschreitungen und Rundwanderungen. Nat\u00fcrlich fehlen auch einige der<br \/>\nber\u00fchmten Klettersteige nicht, ohne die ein Brentabesuch nicht zu denken ist.<\/p>\n<p>Daneben werden lohnende Wanderungen in den angrenzenden Kristallingebieten der<br \/>\nAdamello und Presanellagruppe mit ihren B\u00e4chen und tosenden Wasserf\u00e4llen,<br \/>\nihren Gletschern und reicher Fauna und Flora vorgestellt. Ein<br \/>\nTourensteckbrief, farbige Wanderk\u00e4rtchen im Ma\u00dfstab 1:50.000 bzw. 1:75.000 mit<br \/>\neingetragenem Routenverlauf, eine gr\u00fcndliche Wegbeschreibung zu jeder der 52<br \/>\nTouren sowie eine \u00dcbersichtskarte erleichtern dem Wanderer Planung und<br \/>\nDurchf\u00fchrung seiner Touren. Streckendiagramme machen den Routenverlauf auf<br \/>\neinen Blick erfassbar. Viele ansprechende Farbfotos illustrieren den Text und<br \/>\nwecken Lust auf einen ausgedehnten Urlaub in der Brenta.<br \/>\n60 farb. Fotos, Karten. 160 S..<\/p>\n<p>4. Auflage 2021<br \/>\n160 Seiten mit 85 Farbabbildungen<br \/>\n52 H\u00f6henprofile, 51 Wanderk\u00e4rtchen im Ma\u00dfstab 1:50.000 und 1:75.000, zwei \u00dcbersichtskarten im Ma\u00dfstab 1:300.000 und 1:500.000<br \/>\nFormat 11,5 x 16,5 cm<\/p>","protected":false},"excerpt":{"rendered":"<ul>\n<li><a href=\"https:\/\/pizbube.ch\/wp-content\/uploads\/attachments\/a_003\/291AA215E3588BF2E789C021E84DE689.pdf\" target=\"_blank\" rel=\"noopener\">PDF: brenta_inhalt.pdf<\/a><\/li>\n<\/ul>","protected":false},"featured_media":156828,"template":"","meta":[],"product_brand":[],"product_cat":[21605],"product_tag":[],"class_list":{"0":"post-146674","1":"product","2":"type-product","3":"status-publish","4":"has-post-thumbnail","6":"product_cat-wanderfuehrer-trekking","7":"pa_autor-hauleitner","8":"pa_erscheinungsjahr-25440","9":"pa_region-italien","10":"pa_sprache-de","12":"first","13":"instock","14":"taxable","15":"shipping-taxable","16":"purchasable","17":"product-type-simple"},"_links":{"self":[{"href":"https:\/\/pizbube.ch\/en\/wp-json\/wp\/v2\/product\/146674","targetHints":{"allow":["GET"]}}],"collection":[{"href":"https:\/\/pizbube.ch\/en\/wp-json\/wp\/v2\/product"}],"about":[{"href":"https:\/\/pizbube.ch\/en\/wp-json\/wp\/v2\/types\/product"}],"wp:featuredmedia":[{"embeddable":true,"href":"https:\/\/pizbube.ch\/en\/wp-json\/wp\/v2\/media\/156828"}],"wp:attachment":[{"href":"https:\/\/pizbube.ch\/en\/wp-json\/wp\/v2\/media?parent=146674"}],"wp:term":[{"taxonomy":"product_brand","embeddable":true,"href":"https:\/\/pizbube.ch\/en\/wp-json\/wp\/v2\/product_brand?post=146674"},{"taxonomy":"product_cat","embeddable":true,"href":"https:\/\/pizbube.ch\/en\/wp-json\/wp\/v2\/product_cat?post=146674"},{"taxonomy":"product_tag","embeddable":true,"href":"https:\/\/pizbube.ch\/en\/wp-json\/wp\/v2\/product_tag?post=146674"}],"curies":[{"name":"wp","href":"https:\/\/api.w.org\/{rel}","templated":true}]}}