{"id":146681,"date":"2021-01-15T10:54:02","date_gmt":"2021-01-15T10:54:02","guid":{"rendered":"https:\/\/codengine3.ch\/?product=import-placeholder-for-207147"},"modified":"2021-01-15T14:55:36","modified_gmt":"2021-01-15T14:55:36","slug":"mountainbiken-in-den-dolomiten","status":"publish","type":"product","link":"https:\/\/pizbube.ch\/en\/shop\/mountainbiken-in-den-dolomiten\/","title":{"rendered":"Mountainbiken in den Dolomiten"},"content":{"rendered":"<p>20 ausgew\u00e4hlte Touren rund um Rosengarten und Latemar  <\/p>\n<p>Traumrevier Die Region um Rosengarten und Latemar ist eine der bekanntesten<br \/>\nund beliebtesten Mountainbike-Gebiete der Dolomiten. Die hier vorgestellten<br \/>\nTouren eignen sich besonders f\u00fcr genussvolles Biken und bieten einen<br \/>\nabwechslungsreichen Einstieg in die Dolomiten-Region. Thomas R\u00f6gner beschreibt<br \/>\n20 ausgew\u00e4hlte Mountainbike-Touren mit einer L\u00e4nge von 15 bis maximal 50<br \/>\nKilometern und einer moderaten H\u00f6henmeterzahl zwischen 300 und 1600. Pr\u00e4zise<br \/>\nWegbeschreibungen, farbige Routenskizzen und herausnehmbare Roadbooks sorgen<br \/>\nf\u00fcr gute Orientierung unterwegs. Informationen zur Region, zu Anreise,<br \/>\nUnterkunfts- und Verpflegungsm\u00f6glichkeiten erg\u00e4nzen die Streckenvorstellung.<br \/>\nGPS-Nutzer erhalten mit dem Kauf des Buches kostenlosen Internetzugang zu den<br \/>\nGPS-Daten der Touren. Die Region bietet eine Vielzahl von Tourenm\u00f6glichkeiten<br \/>\nmit unterschiedlichen Schwerpunkten, eine ausgezeichnete und z.T. speziell auf<br \/>\nMountainbiker ausgerichtete touristische Infrastruktur und nat\u00fcrlich ein<br \/>\nfantastisches Gebirgspanorama. Startorte sind Obereggen, Steinegg,<br \/>\nDeutschnofen und Welschnofen &#8211; alle innerhalb von 30 Minuten von Bozen aus<br \/>\nerreichbar.  <\/p>","protected":false},"excerpt":{"rendered":"<p>20 ausgew\u00e4hlte Touren rund um Rosengarten und Latemar Traumrevier Die Region um Rosengarten und Latemar ist eine der bekanntesten und beliebtesten Mountainbike-Gebiete der Dolomiten. Die hier vorgestellten Touren eignen sich besonders f\u00fcr genussvolles Biken und bieten einen abwechslungsreichen Einstieg in die Dolomiten-Region. Thomas R\u00f6gner beschreibt 20 ausgew\u00e4hlte Mountainbike-Touren mit einer L\u00e4nge von 15 bis maximal [&#8230;]\n","protected":false},"featured_media":36764,"template":"","meta":[],"product_brand":[],"product_cat":[21606],"product_tag":[],"class_list":{"0":"post-146681","1":"product","2":"type-product","3":"status-publish","4":"has-post-thumbnail","6":"product_cat-mountainbikefuehrer","7":"pa_autor-roegner","8":"pa_erscheinungsjahr-21621","9":"pa_region-italien","10":"pa_sprache-de","12":"first","13":"instock","14":"taxable","15":"shipping-taxable","16":"purchasable","17":"product-type-simple"},"_links":{"self":[{"href":"https:\/\/pizbube.ch\/en\/wp-json\/wp\/v2\/product\/146681","targetHints":{"allow":["GET"]}}],"collection":[{"href":"https:\/\/pizbube.ch\/en\/wp-json\/wp\/v2\/product"}],"about":[{"href":"https:\/\/pizbube.ch\/en\/wp-json\/wp\/v2\/types\/product"}],"wp:featuredmedia":[{"embeddable":true,"href":"https:\/\/pizbube.ch\/en\/wp-json\/wp\/v2\/media\/36764"}],"wp:attachment":[{"href":"https:\/\/pizbube.ch\/en\/wp-json\/wp\/v2\/media?parent=146681"}],"wp:term":[{"taxonomy":"product_brand","embeddable":true,"href":"https:\/\/pizbube.ch\/en\/wp-json\/wp\/v2\/product_brand?post=146681"},{"taxonomy":"product_cat","embeddable":true,"href":"https:\/\/pizbube.ch\/en\/wp-json\/wp\/v2\/product_cat?post=146681"},{"taxonomy":"product_tag","embeddable":true,"href":"https:\/\/pizbube.ch\/en\/wp-json\/wp\/v2\/product_tag?post=146681"}],"curies":[{"name":"wp","href":"https:\/\/api.w.org\/{rel}","templated":true}]}}