{"id":146682,"date":"2021-01-15T10:54:02","date_gmt":"2021-01-15T10:54:02","guid":{"rendered":"https:\/\/codengine3.ch\/?product=import-placeholder-for-200531"},"modified":"2021-01-15T10:58:33","modified_gmt":"2021-01-15T10:58:33","slug":"mountainbiken-in-den-dolomiten-52-ringtouren","status":"publish","type":"product","link":"https:\/\/pizbube.ch\/en\/shop\/mountainbiken-in-den-dolomiten-52-ringtouren\/","title":{"rendered":"MOUNTAINBIKEN IN DEN DOLOMITEN &#8211; 52 Ringtouren"},"content":{"rendered":"<p>Dieser F\u00fchrer ist das Ergebnis von ca. 20 Jahren Leidenschaft f\u00fcr das<br \/>\nMountainbike und bietet eine sorgf\u00e4ltige Auswahl der sch\u00f6nsten Strecken in den<br \/>\nDolomiten.<\/p>\n<p>Gadertal<br \/>\nPustertal<br \/>\nFassatal<br \/>\nGr\u00f6dental<br \/>\nFleimstal<br \/>\nCadore \u2013 Comelico<br \/>\nZoldotal \u2013 Longarone<br \/>\nAgordino \u2013 Val Fiorentina<br \/>\nCortina d\u2019Ampezzo \u2013 Val Boite<br \/>\nPrimiero \u2013 S. Martino di Castrozza  <\/p>\n<p>Die vorgeschlagenen Touren variieren in L\u00e4nge, H\u00f6henunterschied, sowie in<br \/>\ntechnischem und physischem Anspruch. Alle Touren verlaufen ringf\u00f6rmig, wir<br \/>\ndurchqueren stets neue und unerwartete Landschaften und k\u00f6nnen so das<br \/>\nAbenteuer Mountainbike in vollem Ausma\u00df genie\u00dfen. In einem Umfeld mit<br \/>\neinzigartigem Panorama folgen auf sch\u00f6ne Anstiege \u00fcber Schotter- und Forstwege<br \/>\ntolle und abwechslungsreiche Abfahrten, die jede Menge Spa\u00df versprechen.<br \/>\nWir haben Passagen auf verkehrsreichen Stra\u00dfen auf ein Minimum reduziert und<br \/>\nStrecken in der Natur, weit ab von Verkehr und Abgasen den Vorzug gegeben. In<br \/>\neinigen F\u00e4llen empfehlen wir die Nutzung von Seilbahnen oder anderen<br \/>\n\u201eErleichterungen\u201c, um die Touren f\u00fcr m\u00f6glichst viele MTB-Liebhaber zug\u00e4nglich<br \/>\nzu machen. Das Ganze wird vervollst\u00e4ndigt durch eine besonders sorgf\u00e4ltige<br \/>\nAufbereitung und hochwertiges Bildmaterial.<\/p>","protected":false},"excerpt":{"rendered":"<p>Dieser F\u00fchrer ist das Ergebnis von ca. 20 Jahren Leidenschaft f\u00fcr das Mountainbike und bietet eine sorgf\u00e4ltige Auswahl der sch\u00f6nsten Strecken in den Dolomiten. Gadertal Pustertal Fassatal Gr\u00f6dental Fleimstal Cadore \u2013 Comelico Zoldotal \u2013 Longarone Agordino \u2013 Val Fiorentina Cortina d\u2019Ampezzo \u2013 Val Boite Primiero \u2013 S. Martino di Castrozza Die vorgeschlagenen Touren variieren in [&#8230;]\n","protected":false},"featured_media":27194,"template":"","meta":[],"product_brand":[],"product_cat":[21606],"product_tag":[],"class_list":{"0":"post-146682","1":"product","2":"type-product","3":"status-publish","4":"has-post-thumbnail","6":"product_cat-mountainbikefuehrer","7":"pa_autor-raccanelli-de-antoni","8":"pa_erscheinungsjahr-21568","9":"pa_region-italien","10":"pa_sprache-de","12":"first","13":"instock","14":"taxable","15":"shipping-taxable","16":"purchasable","17":"product-type-simple"},"_links":{"self":[{"href":"https:\/\/pizbube.ch\/en\/wp-json\/wp\/v2\/product\/146682","targetHints":{"allow":["GET"]}}],"collection":[{"href":"https:\/\/pizbube.ch\/en\/wp-json\/wp\/v2\/product"}],"about":[{"href":"https:\/\/pizbube.ch\/en\/wp-json\/wp\/v2\/types\/product"}],"wp:featuredmedia":[{"embeddable":true,"href":"https:\/\/pizbube.ch\/en\/wp-json\/wp\/v2\/media\/27194"}],"wp:attachment":[{"href":"https:\/\/pizbube.ch\/en\/wp-json\/wp\/v2\/media?parent=146682"}],"wp:term":[{"taxonomy":"product_brand","embeddable":true,"href":"https:\/\/pizbube.ch\/en\/wp-json\/wp\/v2\/product_brand?post=146682"},{"taxonomy":"product_cat","embeddable":true,"href":"https:\/\/pizbube.ch\/en\/wp-json\/wp\/v2\/product_cat?post=146682"},{"taxonomy":"product_tag","embeddable":true,"href":"https:\/\/pizbube.ch\/en\/wp-json\/wp\/v2\/product_tag?post=146682"}],"curies":[{"name":"wp","href":"https:\/\/api.w.org\/{rel}","templated":true}]}}