{"id":146683,"date":"2021-01-15T10:54:02","date_gmt":"2021-01-15T10:54:02","guid":{"rendered":"https:\/\/codengine3.ch\/?product=import-placeholder-for-207144"},"modified":"2022-08-16T09:42:56","modified_gmt":"2022-08-16T07:42:56","slug":"bike-guide-dolomiten-band-1","status":"publish","type":"product","link":"https:\/\/pizbube.ch\/en\/shop\/bike-guide-dolomiten-band-1\/","title":{"rendered":"BIKE Guide Dolomiten Band 1."},"content":{"rendered":"<p>30 Toptouren<br \/>\nS\u00fcdtirol zwischen Sexten und Rosengarten<\/p>\n<p>Dieser BIKE Guide stellt je f\u00fcnf Mountainbike-Touren aus den folgenden<br \/>\nRegionen der S\u00fcdtiroler Dolomiten vor:<br \/>\n&#8211; Sextener Dolomiten mit Hochpustertal<br \/>\n&#8211; Bruneck \/ Kronplatz<br \/>\n&#8211; Alta Badia<br \/>\n&#8211; Gr\u00f6dner Tal<br \/>\n&#8211; Region Brixen<br \/>\n&#8211; Rosengarten \/ Latemar<\/p>\n<p>Neben zahlreichen hochkar\u00e4tigen Klassikern beschreibt er viele noch recht<br \/>\nunbekannte Trails. F\u00fcr Einsteiger wie Fortgeschrittene gibt es reichlich<br \/>\nTrailkilometer mit unvergleichlichem Dolomitenblick. Fahrspa\u00df garantiert!<\/p>\n<p>Der BIKE Guide bietet perfekt recherchierte Touren, praxisnahe Darstellung in<br \/>\nText und Roadbooks, H\u00f6henprofile und Routenkarten &#8211; in bew\u00e4hrter Qualit\u00e4t aus<br \/>\nder Redaktion von BIKE, Europas gr\u00f6\u00dftem Mountainbikemagazin. Achtung GPS-Fans:<br \/>\nAlle vorgestellten Routen gibt es kostenlos zum Download. Die Dolomiten z\u00e4hlen<br \/>\nzu den landschaftlich sch\u00f6nsten und fahrtechnisch interessantesten Revieren<br \/>\nf\u00fcr Mountainbiker, und zwar weltweit! Das einzigartige Panorama und eine Netz<br \/>\nvon Wegen und Trails aller Schwierigkeitsgrade sorgen f\u00fcr Begeisterung bei<br \/>\nallen, die hier unterwegs sind.<\/p>","protected":false},"excerpt":{"rendered":"<p>30 Toptouren S\u00fcdtirol zwischen Sexten und Rosengarten Dieser BIKE Guide stellt je f\u00fcnf Mountainbike-Touren aus den folgenden Regionen der S\u00fcdtiroler Dolomiten vor: &#8211; Sextener Dolomiten mit Hochpustertal &#8211; Bruneck \/ Kronplatz &#8211; Alta Badia &#8211; Gr\u00f6dner Tal &#8211; Region Brixen &#8211; Rosengarten \/ Latemar Neben zahlreichen hochkar\u00e4tigen Klassikern beschreibt er viele noch recht unbekannte Trails. [&#8230;]\n","protected":false},"featured_media":36760,"template":"","meta":[],"product_brand":[],"product_cat":[21606],"product_tag":[],"class_list":{"0":"post-146683","1":"product","2":"type-product","3":"status-publish","4":"has-post-thumbnail","6":"product_cat-mountainbikefuehrer","7":"pa_autor-glaser","8":"pa_erscheinungsjahr-21621","9":"pa_region-italien","10":"pa_sprache-de","12":"first","13":"outofstock","14":"taxable","15":"shipping-taxable","16":"purchasable","17":"product-type-simple"},"_links":{"self":[{"href":"https:\/\/pizbube.ch\/en\/wp-json\/wp\/v2\/product\/146683","targetHints":{"allow":["GET"]}}],"collection":[{"href":"https:\/\/pizbube.ch\/en\/wp-json\/wp\/v2\/product"}],"about":[{"href":"https:\/\/pizbube.ch\/en\/wp-json\/wp\/v2\/types\/product"}],"wp:featuredmedia":[{"embeddable":true,"href":"https:\/\/pizbube.ch\/en\/wp-json\/wp\/v2\/media\/36760"}],"wp:attachment":[{"href":"https:\/\/pizbube.ch\/en\/wp-json\/wp\/v2\/media?parent=146683"}],"wp:term":[{"taxonomy":"product_brand","embeddable":true,"href":"https:\/\/pizbube.ch\/en\/wp-json\/wp\/v2\/product_brand?post=146683"},{"taxonomy":"product_cat","embeddable":true,"href":"https:\/\/pizbube.ch\/en\/wp-json\/wp\/v2\/product_cat?post=146683"},{"taxonomy":"product_tag","embeddable":true,"href":"https:\/\/pizbube.ch\/en\/wp-json\/wp\/v2\/product_tag?post=146683"}],"curies":[{"name":"wp","href":"https:\/\/api.w.org\/{rel}","templated":true}]}}