{"id":146684,"date":"2021-01-15T10:54:02","date_gmt":"2021-01-15T10:54:02","guid":{"rendered":"https:\/\/codengine3.ch\/?product=import-placeholder-for-201226"},"modified":"2022-09-01T10:22:27","modified_gmt":"2022-09-01T08:22:27","slug":"mountainbiken-in-den-dolomiten-band-2","status":"publish","type":"product","link":"https:\/\/pizbube.ch\/en\/shop\/mountainbiken-in-den-dolomiten-band-2\/","title":{"rendered":"Mountainbiken in den Dolomiten, Band 2"},"content":{"rendered":"<p>Sextner und Belluneser Dolomiten, Pale di San Martino, Valsugana<\/p>\n<p>In diesem MTB-Guide sind die sch\u00f6nsten Mountainbiketouren in den Dolomiten<br \/>\naufgef\u00fchrt: Sextner und Belluneser Dolomiten, Pale di San Martino sowie die<br \/>\nValsugana sind diesmal die Hauptzonen des F\u00fchrers. Jede Tour ist versehen mit<br \/>\neiner 3D-Map oder einem topografischen Ausschnitt, auf der die Tour mit ihren<br \/>\nWegbeschaffenheiten und waypoints eingezeichnet ist. Ein detailliertes<br \/>\nH\u00f6henprofil, genaue technische Daten sowie eine genaue Wegbeschreibung<br \/>\nvervollst\u00e4ndigen jede Tour.<\/p>\n<p>&#8211; 3D-Maps und topografische Ausschnitte f\u00fcr jede Tour<br \/>\n&#8211; Jede Tour mit H\u00f6henprofil<br \/>\n&#8211; QR-Code mit Verlinkung zu jeder Tour<\/p>\n<p>144 Seiten<\/p>","protected":false},"excerpt":{"rendered":"<p>Sextner und Belluneser Dolomiten, Pale di San Martino, Valsugana In diesem MTB-Guide sind die sch\u00f6nsten Mountainbiketouren in den Dolomiten aufgef\u00fchrt: Sextner und Belluneser Dolomiten, Pale di San Martino sowie die Valsugana sind diesmal die Hauptzonen des F\u00fchrers. Jede Tour ist versehen mit einer 3D-Map oder einem topografischen Ausschnitt, auf der die Tour mit ihren Wegbeschaffenheiten [&#8230;]\n","protected":false},"featured_media":28473,"template":"","meta":[],"product_brand":[],"product_cat":[21606],"product_tag":[],"class_list":{"0":"post-146684","1":"product","2":"type-product","3":"status-publish","4":"has-post-thumbnail","6":"product_cat-mountainbikefuehrer","7":"pa_autor-tumler","8":"pa_erscheinungsjahr-21550","9":"pa_region-italien","10":"pa_sprache-de","12":"first","13":"outofstock","14":"taxable","15":"shipping-taxable","16":"purchasable","17":"product-type-simple"},"_links":{"self":[{"href":"https:\/\/pizbube.ch\/en\/wp-json\/wp\/v2\/product\/146684","targetHints":{"allow":["GET"]}}],"collection":[{"href":"https:\/\/pizbube.ch\/en\/wp-json\/wp\/v2\/product"}],"about":[{"href":"https:\/\/pizbube.ch\/en\/wp-json\/wp\/v2\/types\/product"}],"wp:featuredmedia":[{"embeddable":true,"href":"https:\/\/pizbube.ch\/en\/wp-json\/wp\/v2\/media\/28473"}],"wp:attachment":[{"href":"https:\/\/pizbube.ch\/en\/wp-json\/wp\/v2\/media?parent=146684"}],"wp:term":[{"taxonomy":"product_brand","embeddable":true,"href":"https:\/\/pizbube.ch\/en\/wp-json\/wp\/v2\/product_brand?post=146684"},{"taxonomy":"product_cat","embeddable":true,"href":"https:\/\/pizbube.ch\/en\/wp-json\/wp\/v2\/product_cat?post=146684"},{"taxonomy":"product_tag","embeddable":true,"href":"https:\/\/pizbube.ch\/en\/wp-json\/wp\/v2\/product_tag?post=146684"}],"curies":[{"name":"wp","href":"https:\/\/api.w.org\/{rel}","templated":true}]}}