{"id":146685,"date":"2021-01-15T10:54:02","date_gmt":"2021-01-15T10:54:02","guid":{"rendered":"https:\/\/codengine3.ch\/?product=import-placeholder-for-208253"},"modified":"2021-01-15T17:51:56","modified_gmt":"2021-01-15T17:51:56","slug":"biken-von-huette-zu-huette-suedtirol-und-dolomiten","status":"publish","type":"product","link":"https:\/\/pizbube.ch\/en\/shop\/biken-von-huette-zu-huette-suedtirol-und-dolomiten\/","title":{"rendered":"Biken von H\u00fctte zu H\u00fctte &#8211; S\u00fcdtirol und Dolomiten"},"content":{"rendered":"<p>14 Traumtouren und \u00fcber 80 H\u00fctten auf der Sonnenseite der Alpen<\/p>\n<p>Nicht nur Wandern von H\u00fctte zu H\u00fctte erfreut sich gr\u00f6\u00dfter Beliebtheit, auch<br \/>\nMountainbiker genie\u00dfen die Vorz\u00fcge: gem\u00fctliches Ambiente, kulinarische<br \/>\nSchmankerl, herrliches Panorama. Und das Beste: Wer oben schl\u00e4ft, kann am<br \/>\nn\u00e4chsten Tag auch oben starten! Dieses Buch beschreibt 16 spannende Wege und<br \/>\nTrails mit zahlreichen Varianten von H\u00fctte zu H\u00fctte in S\u00fcdtirol und den<br \/>\nDolomiten &#8211; der Paraderegion f\u00fcr Biker!<\/p>\n<p>192 Seiten, ca. 160 Abbildungen, Format 16,5 x 23,5 cm, Klappenbroschur mit<br \/>\nFadenheftung<\/p>","protected":false},"excerpt":{"rendered":"<p>14 Traumtouren und \u00fcber 80 H\u00fctten auf der Sonnenseite der Alpen Nicht nur Wandern von H\u00fctte zu H\u00fctte erfreut sich gr\u00f6\u00dfter Beliebtheit, auch Mountainbiker genie\u00dfen die Vorz\u00fcge: gem\u00fctliches Ambiente, kulinarische Schmankerl, herrliches Panorama. Und das Beste: Wer oben schl\u00e4ft, kann am n\u00e4chsten Tag auch oben starten! Dieses Buch beschreibt 16 spannende Wege und Trails mit [&#8230;]\n","protected":false},"featured_media":39759,"template":"","meta":[],"product_brand":[],"product_cat":[21606],"product_tag":[],"class_list":{"0":"post-146685","1":"product","2":"type-product","3":"status-publish","4":"has-post-thumbnail","6":"product_cat-mountainbikefuehrer","7":"pa_autor-preunkert-bach-schaarschmidt","8":"pa_erscheinungsjahr-21550","9":"pa_region-italien","10":"pa_sprache-de","12":"first","13":"instock","14":"taxable","15":"shipping-taxable","16":"purchasable","17":"product-type-simple"},"_links":{"self":[{"href":"https:\/\/pizbube.ch\/en\/wp-json\/wp\/v2\/product\/146685","targetHints":{"allow":["GET"]}}],"collection":[{"href":"https:\/\/pizbube.ch\/en\/wp-json\/wp\/v2\/product"}],"about":[{"href":"https:\/\/pizbube.ch\/en\/wp-json\/wp\/v2\/types\/product"}],"wp:featuredmedia":[{"embeddable":true,"href":"https:\/\/pizbube.ch\/en\/wp-json\/wp\/v2\/media\/39759"}],"wp:attachment":[{"href":"https:\/\/pizbube.ch\/en\/wp-json\/wp\/v2\/media?parent=146685"}],"wp:term":[{"taxonomy":"product_brand","embeddable":true,"href":"https:\/\/pizbube.ch\/en\/wp-json\/wp\/v2\/product_brand?post=146685"},{"taxonomy":"product_cat","embeddable":true,"href":"https:\/\/pizbube.ch\/en\/wp-json\/wp\/v2\/product_cat?post=146685"},{"taxonomy":"product_tag","embeddable":true,"href":"https:\/\/pizbube.ch\/en\/wp-json\/wp\/v2\/product_tag?post=146685"}],"curies":[{"name":"wp","href":"https:\/\/api.w.org\/{rel}","templated":true}]}}