{"id":146686,"date":"2021-01-15T10:54:02","date_gmt":"2021-01-15T10:54:02","guid":{"rendered":"https:\/\/codengine3.ch\/?product=import-placeholder-for-200086"},"modified":"2026-02-20T09:58:36","modified_gmt":"2026-02-20T08:58:36","slug":"skitourenfuehrer-suedtirol-band-1-pustertal-noerdliche-dolomiten","status":"publish","type":"product","link":"https:\/\/pizbube.ch\/en\/shop\/skitourenfuehrer-suedtirol-band-1-pustertal-noerdliche-dolomiten\/","title":{"rendered":"Skitourenf\u00fchrer S\u00fcdtirol Band 1: Pustertal &amp; N\u00f6rdliche Dolomiten &amp; s\u00fcdliches Osttirol"},"content":{"rendered":"<p>Die Dolomiten &#8211; eine Landschaft der Superlative. Unsere Gebietsf\u00fchrer f\u00fcr S\u00fcdtirol zeigen die ganze Vielfalt der Region f\u00fcr Skitourengeher. Rassige Kare, schmale Rinnen durch steile Felsw\u00e4nde hindurch, aber genauso weitl\u00e4ufiges Gel\u00e4nde und sanfte Wiesenh\u00e4nge &#8211; und dies immer inmitten grandioser Umgebung.<\/p>\n<p>Jan Piepenstock, Peter Raffin und Florian Wenter geben einen umfangreichen Einblick in die Tourenm\u00f6glichkeiten, wobei der Fokus auf die einfachen und mittelschweren Touren gelegt wurde. Extreme Touren, die den Spezialisten vorbehalten sind (z.B. Hochgall, Cristallino- &amp; Cristallo-Scharte, Zw\u00f6lferrinne, Holzerrinne am Peitlerkofel u.v.m.), werden selbstverst\u00e4ndlich ebenfalls beschrieben. Somit findet der Skitourenbegeisterte, egal ob Profi oder Anf\u00e4nger, ein schier unersch\u00f6pfliches Bet\u00e4tigungsfeld.<\/p>\n<p>Ideal ist, dass der \u00fcberwiegende Teil der Touren vom Tal aus gestartet werden. Dadurch stehen unterschiedlichste Unterkunfts-Optionen zur Auswahl. Bei mehrt\u00e4gigen Aufenthalten bedeutet dies gerade im Winter ein gro\u00dfes Komfort- Plus. So kann bei schlechtem Wetter einfach ein Alternativprogramm durchgef\u00fchrt, oder die langen Winterabende nach den Touren zum Entspannen, lecker Essen und Trinken genutzt werden. Die Seitent\u00e4ler des Pustertals und die in Osttirol liegenden Villgratener Berge und das Defereggental wurden mit aufgenommen, da diese eine gro\u00dfe Anzahl an relativ lawinensicheren Touren zu bieten haben und zudem (insbesondere Defereggen und Villgraten) als sehr schneesicher bekannt sind.<\/p>\n<p>Tourenziele:<br \/>\nTerentner Berge<br \/>\nRieserferner<br \/>\nAntholz<br \/>\nGsieser Tal<br \/>\nToblach<br \/>\nVillgratental<br \/>\nDefereggental<br \/>\nSexten<br \/>\nH\u00f6hlensteintal &#8211; Misurina<br \/>\nPrags<br \/>\nKronplatz<br \/>\nSennes<br \/>\nFanes &#8211; Peder\u00fc<br \/>\nOberes Gadertal<br \/>\nCampill<\/p>\n<p>inkl. Downloadcode f\u00fcr GPS Tracks<br \/>\n2. Auflage 2025, 438 Seiten, 120 x 185 mm, Softcover, komplett 4 Farbig<\/p>","protected":false},"excerpt":{"rendered":"<p><strong><a href=\"https:\/\/pizbube.ch\/wp-content\/uploads\/2021\/01\/Skitourenfuehrer-Suedtirol-Band-1_Leseprobe.pdf\" target=\"_blank\" rel=\"noopener\">Skitourenf\u00fchrer S\u00fcdtirol Band 1_Leseprobe<\/a><\/strong><\/p>","protected":false},"featured_media":178203,"template":"","meta":[],"product_brand":[],"product_cat":[21540],"product_tag":[],"class_list":{"0":"post-146686","1":"product","2":"type-product","3":"status-publish","4":"has-post-thumbnail","6":"product_cat-fuehrerliteratur-alpin-winter","7":"pa_autor-piepenstock-raffin-wenter","8":"pa_erscheinungsjahr-27415","9":"pa_region-italien","10":"pa_sprache-de","12":"first","13":"instock","14":"taxable","15":"shipping-taxable","16":"purchasable","17":"product-type-simple"},"_links":{"self":[{"href":"https:\/\/pizbube.ch\/en\/wp-json\/wp\/v2\/product\/146686","targetHints":{"allow":["GET"]}}],"collection":[{"href":"https:\/\/pizbube.ch\/en\/wp-json\/wp\/v2\/product"}],"about":[{"href":"https:\/\/pizbube.ch\/en\/wp-json\/wp\/v2\/types\/product"}],"wp:featuredmedia":[{"embeddable":true,"href":"https:\/\/pizbube.ch\/en\/wp-json\/wp\/v2\/media\/178203"}],"wp:attachment":[{"href":"https:\/\/pizbube.ch\/en\/wp-json\/wp\/v2\/media?parent=146686"}],"wp:term":[{"taxonomy":"product_brand","embeddable":true,"href":"https:\/\/pizbube.ch\/en\/wp-json\/wp\/v2\/product_brand?post=146686"},{"taxonomy":"product_cat","embeddable":true,"href":"https:\/\/pizbube.ch\/en\/wp-json\/wp\/v2\/product_cat?post=146686"},{"taxonomy":"product_tag","embeddable":true,"href":"https:\/\/pizbube.ch\/en\/wp-json\/wp\/v2\/product_tag?post=146686"}],"curies":[{"name":"wp","href":"https:\/\/api.w.org\/{rel}","templated":true}]}}