{"id":146687,"date":"2021-01-15T10:54:02","date_gmt":"2021-01-15T10:54:02","guid":{"rendered":"https:\/\/codengine3.ch\/?product=import-placeholder-for-200107"},"modified":"2021-01-15T10:54:22","modified_gmt":"2021-01-15T10:54:22","slug":"skitouren-im-hochpustertal","status":"publish","type":"product","link":"https:\/\/pizbube.ch\/en\/shop\/skitouren-im-hochpustertal\/","title":{"rendered":"Skitouren im Hochpustertal"},"content":{"rendered":"<p>S\u00fcdtirol &#038; Osttirol: Die sch\u00f6nsten Routen im Reich der Drei Zinnen<\/p>\n<p>Dieser Skitourenf\u00fchrer f\u00fcr das Gebiet Hochpustertal beeindruckt mit<br \/>\nspektakul\u00e4ren und informativen Luftbildern, mit eingezeichneten Routen inkl.<br \/>\nStartpunkt, Routenverlauf und Gipfel bzw. Ziel. In diesem F\u00fchrer werden 60 der<br \/>\nsch\u00f6nsten Skitouren im Hochpustertal vorgestellt.<\/p>\n<p>Jede Tour ist versehen mit den wichtigsten technischen Daten wie Anfahrt,<br \/>\nAusgangspunkt, Parkm\u00f6glichkeiten, Gehzeit, H\u00f6henunterschied, Karten sowie<br \/>\neiner detaillierten Wegbeschreibung. Eine fantastische Luftbildaufnahme mit<br \/>\neingezeichneter Route vervollst\u00e4ndigt die jeweilige Skitour.<\/p>\n<p>Gsies &#038; Toblach<br \/>\nVillgraten<br \/>\nLesachtal<br \/>\nSextener Dolomiten<br \/>\nCadini &#038; Cristallo<br \/>\nPragser Dolomiten<\/p>\n<p>2. Auflage 2018; 136 Seiten  <\/p>","protected":false},"excerpt":{"rendered":"<p>S\u00fcdtirol &#038; Osttirol: Die sch\u00f6nsten Routen im Reich der Drei Zinnen Dieser Skitourenf\u00fchrer f\u00fcr das Gebiet Hochpustertal beeindruckt mit spektakul\u00e4ren und informativen Luftbildern, mit eingezeichneten Routen inkl. Startpunkt, Routenverlauf und Gipfel bzw. Ziel. In diesem F\u00fchrer werden 60 der sch\u00f6nsten Skitouren im Hochpustertal vorgestellt. Jede Tour ist versehen mit den wichtigsten technischen Daten wie Anfahrt, [&#8230;]\n","protected":false},"featured_media":25947,"template":"","meta":[],"product_brand":[],"product_cat":[21540],"product_tag":[],"class_list":{"0":"post-146687","1":"product","2":"type-product","3":"status-publish","4":"has-post-thumbnail","6":"product_cat-fuehrerliteratur-alpin-winter","7":"pa_autor-tappeiner","8":"pa_erscheinungsjahr-21546","9":"pa_region-italien","10":"pa_sprache-de","12":"first","13":"instock","14":"taxable","15":"shipping-taxable","16":"purchasable","17":"product-type-simple"},"_links":{"self":[{"href":"https:\/\/pizbube.ch\/en\/wp-json\/wp\/v2\/product\/146687","targetHints":{"allow":["GET"]}}],"collection":[{"href":"https:\/\/pizbube.ch\/en\/wp-json\/wp\/v2\/product"}],"about":[{"href":"https:\/\/pizbube.ch\/en\/wp-json\/wp\/v2\/types\/product"}],"wp:featuredmedia":[{"embeddable":true,"href":"https:\/\/pizbube.ch\/en\/wp-json\/wp\/v2\/media\/25947"}],"wp:attachment":[{"href":"https:\/\/pizbube.ch\/en\/wp-json\/wp\/v2\/media?parent=146687"}],"wp:term":[{"taxonomy":"product_brand","embeddable":true,"href":"https:\/\/pizbube.ch\/en\/wp-json\/wp\/v2\/product_brand?post=146687"},{"taxonomy":"product_cat","embeddable":true,"href":"https:\/\/pizbube.ch\/en\/wp-json\/wp\/v2\/product_cat?post=146687"},{"taxonomy":"product_tag","embeddable":true,"href":"https:\/\/pizbube.ch\/en\/wp-json\/wp\/v2\/product_tag?post=146687"}],"curies":[{"name":"wp","href":"https:\/\/api.w.org\/{rel}","templated":true}]}}