{"id":146688,"date":"2021-01-15T10:54:02","date_gmt":"2021-01-15T10:54:02","guid":{"rendered":"https:\/\/codengine3.ch\/?product=import-placeholder-for-207742"},"modified":"2023-02-15T09:54:59","modified_gmt":"2023-02-15T08:54:59","slug":"skitouren-unteres-pustertal-und-tauferer-ahrntal","status":"publish","type":"product","link":"https:\/\/pizbube.ch\/en\/shop\/skitouren-unteres-pustertal-und-tauferer-ahrntal\/","title":{"rendered":"Skitouren Unteres Pustertal und Tauferer Ahrntal"},"content":{"rendered":"<p>Vals, Pfunders, Terenten, M\u00fchlbach, Wei\u00dfenbach, Ahrntal, Rein &#8211; 105 Touren<\/p>\n<p>Dieser Gebietsf\u00fchrer f\u00fcr die Regionen Vals, Terenten, M\u00fchlbach, Wei\u00dfenbach, Ahrntal und Rein beeindruckt mit spektakul\u00e4ren und informativen Luftbildern mit genau eingezeichneten Routen. Der F\u00fchrer enth\u00e4lt ca. 90 Skitouren: Jede Tour enth\u00e4lt die wichtigsten Daten wie Anfahrt, Ausgangspunkt, Parkm\u00f6glichkeiten, Aufstiegszeit, H\u00f6henunterschied, Kartenmaterial, skitechnische und alpintechnische Schwierigkeiten sowie eine detaillierte Routenbeschreibung, die mit einer fantastischen Luftbildaufnahme f\u00fcr jede Tour vervollst\u00e4ndigt wird. &#8211; Detaillierte Routenbeschreibung f\u00fcr jede Skitour &#8211; Luftbildaufnahmen mit eingezeichneter Route &#8211; Angabe von allen technischen Details<\/p>\n<p>Ulli K\u00f6ssler begeistert durch seine<br \/>\nakribische Vorarbeit f\u00fcr einen neuen Skitourenf\u00fchrer, indem er teilweise<br \/>\nbereits im Sommer die Touren mit Mountainbike und zu Fu\u00df abgeht, um dann<br \/>\nzusammen mit der Winterbegehung eine haargenaue Beschreibung der Tour liefern<br \/>\nzu k\u00f6nnen. Er kennt die Berge wie seine Westentasche und ist auch bei den<br \/>\nFlugbildaufnahmen dabei, um den Fotografen genaue Hinweise zu geben.<\/p>\n<div class=\"views-field views-field-field-pages\"><span class=\"views-label views-label-field-pages\">Seiten: <\/span><span class=\"field-content\">144<\/span><\/div>\n<div class=\"views-field views-field-description\">\n<div class=\"field-content\">Buch flexibler Einband (Paperback)<\/div>\n<\/div>\n<div class=\"views-field views-field-field-produktsprache\"><span class=\"views-label views-label-field-produktsprache\">Sprache: <\/span><span class=\"field-content\">Deutsch<\/span><\/div>\n<div class=\"views-field views-field-field-width\"><span class=\"views-label views-label-field-width\">Format: <\/span><span class=\"field-content\">165 x 212 mm<\/span><\/div>","protected":false},"excerpt":{"rendered":"<p>Vals, Pfunders, Terenten, M\u00fchlbach, Wei\u00dfenbach, Ahrntal, Rein &#8211; 105 Touren Dieser Gebietsf\u00fchrer f\u00fcr die Regionen Vals, Terenten, M\u00fchlbach, Wei\u00dfenbach, Ahrntal und Rein beeindruckt mit spektakul\u00e4ren und informativen Luftbildern mit genau eingezeichneten Routen. Der F\u00fchrer enth\u00e4lt ca. 90 Skitouren: Jede Tour enth\u00e4lt die wichtigsten Daten wie Anfahrt, Ausgangspunkt, Parkm\u00f6glichkeiten, Aufstiegszeit, H\u00f6henunterschied, Kartenmaterial, skitechnische und alpintechnische Schwierigkeiten [&#8230;]\n","protected":false},"featured_media":166173,"template":"","meta":[],"product_brand":[],"product_cat":[21540],"product_tag":[],"class_list":{"0":"post-146688","1":"product","2":"type-product","3":"status-publish","4":"has-post-thumbnail","6":"product_cat-fuehrerliteratur-alpin-winter","7":"pa_autor-koessler","8":"pa_erscheinungsjahr-21597","9":"pa_region-italien","10":"pa_sprache-de","12":"first","13":"instock","14":"taxable","15":"shipping-taxable","16":"purchasable","17":"product-type-simple"},"_links":{"self":[{"href":"https:\/\/pizbube.ch\/en\/wp-json\/wp\/v2\/product\/146688","targetHints":{"allow":["GET"]}}],"collection":[{"href":"https:\/\/pizbube.ch\/en\/wp-json\/wp\/v2\/product"}],"about":[{"href":"https:\/\/pizbube.ch\/en\/wp-json\/wp\/v2\/types\/product"}],"wp:featuredmedia":[{"embeddable":true,"href":"https:\/\/pizbube.ch\/en\/wp-json\/wp\/v2\/media\/166173"}],"wp:attachment":[{"href":"https:\/\/pizbube.ch\/en\/wp-json\/wp\/v2\/media?parent=146688"}],"wp:term":[{"taxonomy":"product_brand","embeddable":true,"href":"https:\/\/pizbube.ch\/en\/wp-json\/wp\/v2\/product_brand?post=146688"},{"taxonomy":"product_cat","embeddable":true,"href":"https:\/\/pizbube.ch\/en\/wp-json\/wp\/v2\/product_cat?post=146688"},{"taxonomy":"product_tag","embeddable":true,"href":"https:\/\/pizbube.ch\/en\/wp-json\/wp\/v2\/product_tag?post=146688"}],"curies":[{"name":"wp","href":"https:\/\/api.w.org\/{rel}","templated":true}]}}