{"id":146689,"date":"2021-01-15T10:54:02","date_gmt":"2021-01-15T10:54:02","guid":{"rendered":"https:\/\/codengine3.ch\/?product=import-placeholder-for-203199"},"modified":"2024-10-31T09:02:16","modified_gmt":"2024-10-31T08:02:16","slug":"pustertal-tauferer-ahrntal-villgraten-dolomiten","status":"publish","type":"product","link":"https:\/\/pizbube.ch\/en\/shop\/pustertal-tauferer-ahrntal-villgraten-dolomiten\/","title":{"rendered":"Pustertal : Tauferer Tal \u2013 Ahrntal \u2013 Villgraten \u2013 Dolomiten"},"content":{"rendered":"<p><span class=\"value\">Abwechslungsreicher als das Pustertal kann ein Skitourengebiet wohl nicht sein. Das Tal, auch Val Pusteria genannt, erstreckt sich von S\u00fcdtirol in Italien bis nach Osttirol in \u00d6sterreich und bietet auf der Sonnenseite des Alpenhauptkamms ein Paradies f\u00fcr Skitourengeher. Der Rother Skitourenf\u00fchrer \u00bbPustertal\u00ab stellt 57 der sch\u00f6nsten Touren in dieser schneesicheren Region vor, darunter im Tauferer Tal, Ahrntal, Villgraten und in den weltber\u00fchmten Dolomiten.<\/span><\/p>\n<p>Im Pustertal beginnt die Skitourensaison bereits im fr\u00fchen Winter und reicht oft bis in den sp\u00e4ten Fr\u00fchling hinein. Die Vielfalt der Skitouren l\u00e4sst keine W\u00fcnsche offen: Von leichten Routen f\u00fcr Einsteiger bis hin zu anspruchsvollen Gipfelbesteigungen f\u00fcr erfahrene Skitourengeher ist f\u00fcr jedes K\u00f6nnen etwas dabei. Die Touren f\u00fchren durch die majest\u00e4tische Bergwelt der Pfunderer Berge, Zillertaler Alpen, Rieserfernergruppe, Villgratner Berge, Lienzer Dolomiten und \u00fcber den Karnischen Hauptkamm. Ein Highlight ist die Skitour rund um die legend\u00e4ren Drei Zinnen, deren markante Felsformationen die Dolomitenwelt pr\u00e4gen. Entlang der Skitouren laden urige Bergh\u00fctten zur Einkehr ein, wo man typische S\u00fcdtiroler Spezialit\u00e4ten genie\u00dfen kann \u2013 das Buch gibt dazu viele kulinarische Empfehlungen.<\/p>\n<p>Jede Tour im Buch ist detailliert beschrieben und mit allen wichtigen Infos versehen: Routenbeschreibung, Tourenk\u00e4rtchen mit Streckenverlauf, H\u00f6henprofil und gepr\u00fcfte GPS-Tracks sorgen f\u00fcr eine sichere Orientierung unterwegs. Zudem enth\u00e4lt der Skitourenf\u00fchrer essenzielle Angaben zu H\u00f6henunterschieden, Gehzeiten, Lawinengefahr, Hangausrichtung und der optimalen Jahreszeit, sodass die Tourenplanung ein Leichtes wird. Tipps zu Tourenvarianten erweitern das Spektrum f\u00fcr alle, die noch mehr erleben m\u00f6chten. Zus\u00e4tzlich bietet der Skitourenf\u00fchrer wertvolle Hinweise f\u00fcr sicheres und umweltfreundliches Verhalten in der Natur.<\/p>\n<p>176 Seiten, 57 Tourenk\u00e4rtchen im Ma\u00dfstab 1:50.000,<br \/>\nzwei \u00dcbersichtskarten im Ma\u00dfstab 1:500.000 und 1:850.000<\/p>\n<p>4., vollst\u00e4ndig \u00fcberarbeitete Auflage 2025<\/p>","protected":false},"excerpt":{"rendered":"<p>Abwechslungsreicher als das Pustertal kann ein Skitourengebiet wohl nicht sein. Das Tal, auch Val Pusteria genannt, erstreckt sich von S\u00fcdtirol in Italien bis nach Osttirol in \u00d6sterreich und bietet auf der Sonnenseite des Alpenhauptkamms ein Paradies f\u00fcr Skitourengeher. Der Rother Skitourenf\u00fchrer \u00bbPustertal\u00ab stellt 57 der sch\u00f6nsten Touren in dieser schneesicheren Region vor, darunter im Tauferer [&#8230;]\n","protected":false},"featured_media":172016,"template":"","meta":[],"product_brand":[],"product_cat":[21540],"product_tag":[],"class_list":{"0":"post-146689","1":"product","2":"type-product","3":"status-publish","4":"has-post-thumbnail","6":"product_cat-fuehrerliteratur-alpin-winter","7":"pa_autor-weiss","8":"pa_erscheinungsjahr-27415","9":"pa_region-italien","10":"pa_sprache-de","12":"first","13":"instock","14":"taxable","15":"shipping-taxable","16":"purchasable","17":"product-type-simple"},"_links":{"self":[{"href":"https:\/\/pizbube.ch\/en\/wp-json\/wp\/v2\/product\/146689","targetHints":{"allow":["GET"]}}],"collection":[{"href":"https:\/\/pizbube.ch\/en\/wp-json\/wp\/v2\/product"}],"about":[{"href":"https:\/\/pizbube.ch\/en\/wp-json\/wp\/v2\/types\/product"}],"wp:featuredmedia":[{"embeddable":true,"href":"https:\/\/pizbube.ch\/en\/wp-json\/wp\/v2\/media\/172016"}],"wp:attachment":[{"href":"https:\/\/pizbube.ch\/en\/wp-json\/wp\/v2\/media?parent=146689"}],"wp:term":[{"taxonomy":"product_brand","embeddable":true,"href":"https:\/\/pizbube.ch\/en\/wp-json\/wp\/v2\/product_brand?post=146689"},{"taxonomy":"product_cat","embeddable":true,"href":"https:\/\/pizbube.ch\/en\/wp-json\/wp\/v2\/product_cat?post=146689"},{"taxonomy":"product_tag","embeddable":true,"href":"https:\/\/pizbube.ch\/en\/wp-json\/wp\/v2\/product_tag?post=146689"}],"curies":[{"name":"wp","href":"https:\/\/api.w.org\/{rel}","templated":true}]}}