{"id":146690,"date":"2021-01-15T10:54:02","date_gmt":"2021-01-15T10:54:02","guid":{"rendered":"https:\/\/codengine3.ch\/?product=import-placeholder-for-200339"},"modified":"2021-11-10T09:59:41","modified_gmt":"2021-11-10T08:59:41","slug":"skitourenatlas-suedtirol-dolomiten","status":"publish","type":"product","link":"https:\/\/pizbube.ch\/en\/shop\/skitourenatlas-suedtirol-dolomiten\/","title":{"rendered":"Skitourenatlas S\u00fcdtirol-Dolomiten"},"content":{"rendered":"<p>Die sch\u00f6nsten Touren vom Vinschgau bis in die Dolomiten<\/p>\n<p>S\u00fcdtirol mit seinen Dolomiten geh\u00f6rt aufgrund der Vielfalt an M\u00f6glichkeiten zu<br \/>\nden sch\u00f6nsten Skitourengebieten der Welt. In diesem Skitourenatlas werden 130<br \/>\nder sch\u00f6nsten und interessantesten Touren in allem Schwierigkeitsstufen<br \/>\nzusammengefasst.<\/p>\n<p>Jede Tour ist versehen mit den wichtigsten technische Daten wie Anfahrt,<br \/>\nAusgangspunkt, Parkm\u00f6glichkeiten, Aufstiegszeit, H\u00f6henunterscheid,<br \/>\nKartenmaterial, skitechnische und alpintechnische Schwierigkeiten sowie eine<br \/>\ndetaillierte Routenbeschreibung, die mit einer phantastischen Luftaufnahme<br \/>\nvervollst\u00e4ndigt wird.<\/p>\n<p>&#8211; Mit kostenloser Skitouren-APP zum Buch!<br \/>\n&#8211; Offline Navigieren in allen Touren zum Buch<br \/>\n&#8211; Der umfangreichste Skitourenatlas S\u00fcdtirol-Dolomiten<br \/>\n&#8211; Mit einer \u00dcbersichtskartekarte des Skitourengebiets 1:125&#8217;000 als Beilage<\/p>","protected":false},"excerpt":{"rendered":"<p>Die sch\u00f6nsten Touren vom Vinschgau bis in die Dolomiten S\u00fcdtirol mit seinen Dolomiten geh\u00f6rt aufgrund der Vielfalt an M\u00f6glichkeiten zu den sch\u00f6nsten Skitourengebieten der Welt. In diesem Skitourenatlas werden 130 der sch\u00f6nsten und interessantesten Touren in allem Schwierigkeitsstufen zusammengefasst. Jede Tour ist versehen mit den wichtigsten technische Daten wie Anfahrt, Ausgangspunkt, Parkm\u00f6glichkeiten, Aufstiegszeit, H\u00f6henunterscheid, Kartenmaterial, [&#8230;]\n","protected":false},"featured_media":159574,"template":"","meta":[],"product_brand":[],"product_cat":[21540],"product_tag":[],"class_list":{"0":"post-146690","1":"product","2":"type-product","3":"status-publish","4":"has-post-thumbnail","6":"product_cat-fuehrerliteratur-alpin-winter","7":"pa_autor-koessler","8":"pa_erscheinungsjahr-21571","9":"pa_region-italien","10":"pa_sprache-de","12":"first","13":"instock","14":"taxable","15":"shipping-taxable","16":"purchasable","17":"product-type-simple"},"_links":{"self":[{"href":"https:\/\/pizbube.ch\/en\/wp-json\/wp\/v2\/product\/146690","targetHints":{"allow":["GET"]}}],"collection":[{"href":"https:\/\/pizbube.ch\/en\/wp-json\/wp\/v2\/product"}],"about":[{"href":"https:\/\/pizbube.ch\/en\/wp-json\/wp\/v2\/types\/product"}],"wp:featuredmedia":[{"embeddable":true,"href":"https:\/\/pizbube.ch\/en\/wp-json\/wp\/v2\/media\/159574"}],"wp:attachment":[{"href":"https:\/\/pizbube.ch\/en\/wp-json\/wp\/v2\/media?parent=146690"}],"wp:term":[{"taxonomy":"product_brand","embeddable":true,"href":"https:\/\/pizbube.ch\/en\/wp-json\/wp\/v2\/product_brand?post=146690"},{"taxonomy":"product_cat","embeddable":true,"href":"https:\/\/pizbube.ch\/en\/wp-json\/wp\/v2\/product_cat?post=146690"},{"taxonomy":"product_tag","embeddable":true,"href":"https:\/\/pizbube.ch\/en\/wp-json\/wp\/v2\/product_tag?post=146690"}],"curies":[{"name":"wp","href":"https:\/\/api.w.org\/{rel}","templated":true}]}}