{"id":146692,"date":"2021-01-15T10:54:02","date_gmt":"2021-01-15T10:54:02","guid":{"rendered":"https:\/\/codengine3.ch\/?product=import-placeholder-for-207256"},"modified":"2024-11-19T09:35:49","modified_gmt":"2024-11-19T08:35:49","slug":"skitouren-in-den-dolomiten-2","status":"publish","type":"product","link":"https:\/\/pizbube.ch\/en\/shop\/skitouren-in-den-dolomiten-2\/","title":{"rendered":"SKITOUREN IN DEN DOLOMITEN"},"content":{"rendered":"<p>Mehr all 100 Touren, 6 Mehrtagestouren<\/p>\n<p>Die neue Auflage von \u201eSkitouren in den Dolomiten\u201c erscheint mit mehr als 30<br \/>\nneuen, ein- und mehrt\u00e4gigen Tourenvorschl\u00e4gen, stets mit der Absicht, bei der<br \/>\nStreckensuche so gut wie m\u00f6glich die abwechslungsreichen und spektakul\u00e4ren<br \/>\nLandschaften hervorzuheben, die die Dolomiten den Liebhabern dieser Disziplin<br \/>\nzu bieten haben.<\/p>\n<p>In diesem Buch findet ihr ber\u00fchmte Klassiker und bisher unver\u00f6ffentlichte<br \/>\nStrecken, Varianten oder auch \u00dcberschreitungen, bei denen das Skifahren im<br \/>\nVordergrund steht und bei denen die modernen Tendenzen des Skibergsteigens<br \/>\nber\u00fccksichtigt werden. Auch in Hinblick auf technischen Anspruch,<br \/>\nSchwierigkeiten und Tourenl\u00e4nge haben wir versucht, ein m\u00f6glichst breites<br \/>\nSpektrum in den verschiedenen Gebieten abzudecken, so dass jeder Tourengeher<br \/>\nje nach K\u00f6nnen die richtige Tour f\u00fcr sich finden kann.<\/p>\n<p>F\u00fcr jede Tour gibt es eine detaillierte Beschreibung, eine Legende mit den<br \/>\nwichtigsten Informationen, eine Karte mit der Strecke, sowie Panorama- und<br \/>\nDetailfotos der Strecke.<\/p>\n<p>Das Thema dieses F\u00fchrers sind die zentralen Dolomiten, mit besonderem<br \/>\nAugenmerk auf den Schutzgebieten, wo Skitourengeher noch den Zauber<br \/>\nunber\u00fchrter Naturlandschaften erleben k\u00f6nnen. Das Buch ist in neun Kapitel<br \/>\naufgeteilt, die neun Berggruppen oder geographisch einheitliche Zonen<br \/>\nabdecken; das letzte Kapitel wid- met sich den Haute Routes und k\u00fcrzeren<br \/>\n\u00dcberschreitungen, die sehr erfolgreich sind und immer mehr Tourengeher<br \/>\nanziehen, um in die Welt der Dolomiten einzutauchen.<\/p>\n<p>424 Seiten<\/p>","protected":false},"excerpt":{"rendered":"<p>Mehr all 100 Touren, 6 Mehrtagestouren Die neue Auflage von \u201eSkitouren in den Dolomiten\u201c erscheint mit mehr als 30 neuen, ein- und mehrt\u00e4gigen Tourenvorschl\u00e4gen, stets mit der Absicht, bei der Streckensuche so gut wie m\u00f6glich die abwechslungsreichen und spektakul\u00e4ren Landschaften hervorzuheben, die die Dolomiten den Liebhabern dieser Disziplin zu bieten haben. In diesem Buch findet [&#8230;]\n","protected":false},"featured_media":164227,"template":"","meta":[],"product_brand":[],"product_cat":[21540],"product_tag":[],"class_list":{"0":"post-146692","1":"product","2":"type-product","3":"status-publish","4":"has-post-thumbnail","6":"product_cat-fuehrerliteratur-alpin-winter","7":"pa_autor-baccanti-tremolada","8":"pa_erscheinungsjahr-21558","9":"pa_region-italien","10":"pa_sprache-de","12":"first","13":"instock","14":"taxable","15":"shipping-taxable","16":"purchasable","17":"product-type-simple"},"_links":{"self":[{"href":"https:\/\/pizbube.ch\/en\/wp-json\/wp\/v2\/product\/146692","targetHints":{"allow":["GET"]}}],"collection":[{"href":"https:\/\/pizbube.ch\/en\/wp-json\/wp\/v2\/product"}],"about":[{"href":"https:\/\/pizbube.ch\/en\/wp-json\/wp\/v2\/types\/product"}],"wp:featuredmedia":[{"embeddable":true,"href":"https:\/\/pizbube.ch\/en\/wp-json\/wp\/v2\/media\/164227"}],"wp:attachment":[{"href":"https:\/\/pizbube.ch\/en\/wp-json\/wp\/v2\/media?parent=146692"}],"wp:term":[{"taxonomy":"product_brand","embeddable":true,"href":"https:\/\/pizbube.ch\/en\/wp-json\/wp\/v2\/product_brand?post=146692"},{"taxonomy":"product_cat","embeddable":true,"href":"https:\/\/pizbube.ch\/en\/wp-json\/wp\/v2\/product_cat?post=146692"},{"taxonomy":"product_tag","embeddable":true,"href":"https:\/\/pizbube.ch\/en\/wp-json\/wp\/v2\/product_tag?post=146692"}],"curies":[{"name":"wp","href":"https:\/\/api.w.org\/{rel}","templated":true}]}}