{"id":146693,"date":"2021-01-15T10:54:02","date_gmt":"2021-01-15T10:54:02","guid":{"rendered":"https:\/\/codengine3.ch\/?product=import-placeholder-for-200087"},"modified":"2022-03-22T13:54:18","modified_gmt":"2022-03-22T12:54:18","slug":"les-alpes-de-doisneau-coffret-cartes-postales","status":"publish","type":"product","link":"https:\/\/pizbube.ch\/en\/shop\/les-alpes-de-doisneau-coffret-cartes-postales\/","title":{"rendered":"Les Alpes de Doisneau (coffret cartes postales)"},"content":{"rendered":"<p>Son Baiser de l\u2019h\u00f4tel de ville est aujourd\u2019hui une ic\u00f4ne universelle et il est<br \/>\nlui-m\u00eame une l\u00e9gende de la photographie humaniste du xxe si\u00e8cle. Populaire,<br \/>\nRobert Doisneau l\u2019est devenu gr\u00e2ce \u00e0 ses images po\u00e9tiques et cocasses du<br \/>\npeuple de Paris et des banlieues, faisant finalement \u0153uvre ethnologique.<\/p>\n<p>C\u2019est le m\u00eame regard aiguis\u00e9 et tendre qu\u2019il a port\u00e9 sur les Alpes tout au<br \/>\nlong de sa carri\u00e8re de photographe-reporter et illustrateur.<\/p>\n<p>De la fin des ann\u00e9es 1930 \u00e0 la fin des ann\u00e9es 1960, en mission ou au gr\u00e9 de<br \/>\nvacances, il y a r\u00e9alis\u00e9 aussi bien des photos de commande pour la publicit\u00e9,<br \/>\nla mode, la presse ou l\u2019\u00e9dition, que des recherches personnelles.<\/p>\n<p>Au ski \u00e0 Meg\u00e8ve ou au Tyrol, en famille dans le Dauphin\u00e9, avec Maurice Baquet<br \/>\n\u00e0 Chamonix, dans le plus haut village d\u2019Europe en Queyras ou lors d\u2019une<br \/>\ntranshumance dans le Mercantour, les Alpes ont \u00e9t\u00e9 pour Doisneau un d\u00e9cor<br \/>\nspectaculaire, pr\u00e9texte \u00e0 d\u2019\u00e9tonnantes mises en sc\u00e8ne.<\/p>\n<p>Un coffret 20 x 20 cm, r\u00e9unissant<br \/>\n&#8211; un livre cartonn\u00e9, 16 x 19 cm, 64 pages<br \/>\n&#8211; 20 tir\u00e9s \u00e0 part 19 x 19 cm<\/p>","protected":false},"excerpt":{"rendered":"<p>Son Baiser de l\u2019h\u00f4tel de ville est aujourd\u2019hui une ic\u00f4ne universelle et il est lui-m\u00eame une l\u00e9gende de la photographie humaniste du xxe si\u00e8cle. Populaire, Robert Doisneau l\u2019est devenu gr\u00e2ce \u00e0 ses images po\u00e9tiques et cocasses du peuple de Paris et des banlieues, faisant finalement \u0153uvre ethnologique. C\u2019est le m\u00eame regard aiguis\u00e9 et tendre qu\u2019il [&#8230;]\n","protected":false},"featured_media":25881,"template":"","meta":[],"product_brand":[],"product_cat":[21580],"product_tag":[],"class_list":{"0":"post-146693","1":"product","2":"type-product","3":"status-publish","4":"has-post-thumbnail","6":"product_cat-kunst-kultur","7":"pa_autor-doisneau-vasak","8":"pa_erscheinungsjahr-21568","9":"pa_region-frankreich","10":"pa_sprache-fr","12":"first","13":"outofstock","14":"taxable","15":"shipping-taxable","16":"purchasable","17":"product-type-simple"},"_links":{"self":[{"href":"https:\/\/pizbube.ch\/en\/wp-json\/wp\/v2\/product\/146693","targetHints":{"allow":["GET"]}}],"collection":[{"href":"https:\/\/pizbube.ch\/en\/wp-json\/wp\/v2\/product"}],"about":[{"href":"https:\/\/pizbube.ch\/en\/wp-json\/wp\/v2\/types\/product"}],"wp:featuredmedia":[{"embeddable":true,"href":"https:\/\/pizbube.ch\/en\/wp-json\/wp\/v2\/media\/25881"}],"wp:attachment":[{"href":"https:\/\/pizbube.ch\/en\/wp-json\/wp\/v2\/media?parent=146693"}],"wp:term":[{"taxonomy":"product_brand","embeddable":true,"href":"https:\/\/pizbube.ch\/en\/wp-json\/wp\/v2\/product_brand?post=146693"},{"taxonomy":"product_cat","embeddable":true,"href":"https:\/\/pizbube.ch\/en\/wp-json\/wp\/v2\/product_cat?post=146693"},{"taxonomy":"product_tag","embeddable":true,"href":"https:\/\/pizbube.ch\/en\/wp-json\/wp\/v2\/product_tag?post=146693"}],"curies":[{"name":"wp","href":"https:\/\/api.w.org\/{rel}","templated":true}]}}