{"id":146694,"date":"2021-01-15T10:54:02","date_gmt":"2021-01-15T10:54:02","guid":{"rendered":"https:\/\/codengine3.ch\/?product=import-placeholder-for-200267"},"modified":"2021-01-15T10:55:56","modified_gmt":"2021-01-15T10:55:56","slug":"les-alpes-de-doisneau","status":"publish","type":"product","link":"https:\/\/pizbube.ch\/en\/shop\/les-alpes-de-doisneau\/","title":{"rendered":"Les Alpes de Doisneau"},"content":{"rendered":"<p>L\u2019ann\u00e9e du centenaire de Robert Doisneau, cet hommage alpin tombe \u00e0 pic !  <\/p>\n<p>Un versant m\u00e9connu de l\u2019oeuvre comme de la vie du photographe est \u00e9clair\u00e9 par<br \/>\nce livre et l\u2019exposition qu\u2019il accompagne. On y retrouve la po\u00e9sie de<br \/>\nDoisneau, avec les Alpes comme d\u00e9cor.  <\/p>\n<p>Tout au long de sa vie, Robert Doisneau a eu l\u2019occasion d\u2019exercer ses talents<br \/>\ndans les Alpes. Tant\u00f4t \u00ab Parisien \u00e0 la montagne \u00bb : au ski \u00e0 Meg\u00e8ve d\u00e8s 1936,<br \/>\nen vacances familiales \u00e0 Laffrey (Is\u00e8re) des ann\u00e9es durant, et jusque sur la<br \/>\nMer de Glace \u00e0 Chamonix avec son ami le violoncelliste Maurice Baquet ; tant\u00f4t<br \/>\nphotographe travaillant sur commande pour des publicit\u00e9s Simca au col de<br \/>\nl\u2019Izoard, pour des sujets de soci\u00e9t\u00e9 en Autriche \u00e0 l\u2019instigation de la presse<br \/>\ncommuniste, et m\u00eame pour des photos de mode \u00e0 para\u00eetre dans Vogue ; tant\u00f4t<br \/>\nreporter-ethnologue quand il s\u2019immerge dans le plus haut village d\u2019Europe, \u00e0<br \/>\nSaint-V\u00e9ran (Hautes-Alpes), ou lorsqu\u2019il suit une transhumance dans le<br \/>\nMercantour.  <\/p>\n<p>Que s\u2019imposent les contraintes du reportage ou la libert\u00e9 de l\u2019artiste, sa<br \/>\nfa\u00e7on singuli\u00e8re de photographier les Alpes en r\u00e9v\u00e8le la g\u00e9ographie physique<br \/>\net humaine comme nul autre ne l\u2019a fait. Le regard de Doisneau, curieux,<br \/>\nattentif, concern\u00e9, fac\u00e9tieux, a dessin\u00e9 une image de la montagne qui reste<br \/>\nind\u00e9l\u00e9bile.  <\/p>","protected":false},"excerpt":{"rendered":"<p>L\u2019ann\u00e9e du centenaire de Robert Doisneau, cet hommage alpin tombe \u00e0 pic ! Un versant m\u00e9connu de l\u2019oeuvre comme de la vie du photographe est \u00e9clair\u00e9 par ce livre et l\u2019exposition qu\u2019il accompagne. On y retrouve la po\u00e9sie de Doisneau, avec les Alpes comme d\u00e9cor. Tout au long de sa vie, Robert Doisneau a eu [&#8230;]\n","protected":false},"featured_media":26399,"template":"","meta":[],"product_brand":[],"product_cat":[21580],"product_tag":[],"class_list":{"0":"post-146694","1":"product","2":"type-product","3":"status-publish","4":"has-post-thumbnail","6":"product_cat-kunst-kultur","7":"pa_autor-doisneau-vasak","8":"pa_erscheinungsjahr-21621","9":"pa_region-frankreich","10":"pa_sprache-fr","12":"first","13":"instock","14":"taxable","15":"shipping-taxable","16":"purchasable","17":"product-type-simple"},"_links":{"self":[{"href":"https:\/\/pizbube.ch\/en\/wp-json\/wp\/v2\/product\/146694","targetHints":{"allow":["GET"]}}],"collection":[{"href":"https:\/\/pizbube.ch\/en\/wp-json\/wp\/v2\/product"}],"about":[{"href":"https:\/\/pizbube.ch\/en\/wp-json\/wp\/v2\/types\/product"}],"wp:featuredmedia":[{"embeddable":true,"href":"https:\/\/pizbube.ch\/en\/wp-json\/wp\/v2\/media\/26399"}],"wp:attachment":[{"href":"https:\/\/pizbube.ch\/en\/wp-json\/wp\/v2\/media?parent=146694"}],"wp:term":[{"taxonomy":"product_brand","embeddable":true,"href":"https:\/\/pizbube.ch\/en\/wp-json\/wp\/v2\/product_brand?post=146694"},{"taxonomy":"product_cat","embeddable":true,"href":"https:\/\/pizbube.ch\/en\/wp-json\/wp\/v2\/product_cat?post=146694"},{"taxonomy":"product_tag","embeddable":true,"href":"https:\/\/pizbube.ch\/en\/wp-json\/wp\/v2\/product_tag?post=146694"}],"curies":[{"name":"wp","href":"https:\/\/api.w.org\/{rel}","templated":true}]}}