{"id":146695,"date":"2021-01-15T10:54:02","date_gmt":"2021-01-15T10:54:02","guid":{"rendered":"https:\/\/codengine3.ch\/?product=import-placeholder-for-206362"},"modified":"2021-01-15T14:48:22","modified_gmt":"2021-01-15T14:48:22","slug":"tairraz-les-alpes-de-pere-en-fils","status":"publish","type":"product","link":"https:\/\/pizbube.ch\/en\/shop\/tairraz-les-alpes-de-pere-en-fils\/","title":{"rendered":"Tairraz &#8211; les Alpes de p\u00e8re en fils"},"content":{"rendered":"<p>Entre 1857 et 2000, quatre photographes vont, de p\u00e8re en fils, inventer et se<br \/>\ntransmettre l\u2019art de la photographie de montagne. Ils s\u2019appellent Tairraz.<br \/>\nJoseph Tairraz, Georges Tairraz I, Georges Tairraz II, et Pierre Tairraz.<br \/>\nL\u2019histoire commence \u00e0 Chamonix en 1857. Joseph Tairraz, fils du syndic<br \/>\n(maire), ach\u00e8te \u00e0 Gen\u00e8ve un appareil \u00e0 daguerr\u00e9otype. Quatre ans plus tard, il<br \/>\nr\u00e9alise, avant Auguste-Rosalie Bisson, photographe officiel de l\u2019empereur, la<br \/>\npremi\u00e8re photographie au sommet du Mont-Blanc. Tr\u00e8s vite, le jeune homme ouvre<br \/>\nun studio, au centre de Chamonix. Il passera le relais \u00e0 son fils Georges. La<br \/>\ndynastie est lanc\u00e9e. Tairraz, les Alpes de p\u00e8re en fils retrace l\u2019histoire de<br \/>\ncette famille et donne \u00e0 voir dans une belle fluidit\u00e9 chronologique leurs<br \/>\nimages qui \u00e9voluent en accompagnant les transformations de Chamonix et de<br \/>\nl\u2019alpinisme.  <\/p>\n<p>Pendant un si\u00e8cle et demi, les Tairraz seront les incomparables photographes<br \/>\ndu Mont-Blanc et, au fil des g\u00e9n\u00e9rations, go\u00fbteront au cin\u00e9ma et se lieront<br \/>\nd\u2019amiti\u00e9 avec d\u2019autres grands passeurs des Alpes, tels Roger Frison-Roche et<br \/>\nGaston R\u00e9buffat. La dynastie est entr\u00e9e en sommeil \u00e0 la mort de Pierre, en<br \/>\n2000. Elle nous laisse une certaine fa\u00e7on de regarder la montagne, d\u2019en<br \/>\nmagnifier les formes pour exprimer les \u00e9motions de ceux qui s\u2019y risquent.  <\/p>","protected":false},"excerpt":{"rendered":"<ul>\n<li><b>INFO: En r\u00e9impression sans date<b><\/li>\n<\/ul>","protected":false},"featured_media":35372,"template":"","meta":[],"product_brand":[],"product_cat":[21580],"product_tag":[],"class_list":{"0":"post-146695","1":"product","2":"type-product","3":"status-publish","4":"has-post-thumbnail","6":"product_cat-kunst-kultur","7":"pa_autor-montalba","8":"pa_erscheinungsjahr-21830","9":"pa_region-frankreich","10":"pa_sprache-fr","12":"first","13":"outofstock","14":"taxable","15":"shipping-taxable","16":"purchasable","17":"product-type-simple"},"_links":{"self":[{"href":"https:\/\/pizbube.ch\/en\/wp-json\/wp\/v2\/product\/146695","targetHints":{"allow":["GET"]}}],"collection":[{"href":"https:\/\/pizbube.ch\/en\/wp-json\/wp\/v2\/product"}],"about":[{"href":"https:\/\/pizbube.ch\/en\/wp-json\/wp\/v2\/types\/product"}],"wp:featuredmedia":[{"embeddable":true,"href":"https:\/\/pizbube.ch\/en\/wp-json\/wp\/v2\/media\/35372"}],"wp:attachment":[{"href":"https:\/\/pizbube.ch\/en\/wp-json\/wp\/v2\/media?parent=146695"}],"wp:term":[{"taxonomy":"product_brand","embeddable":true,"href":"https:\/\/pizbube.ch\/en\/wp-json\/wp\/v2\/product_brand?post=146695"},{"taxonomy":"product_cat","embeddable":true,"href":"https:\/\/pizbube.ch\/en\/wp-json\/wp\/v2\/product_cat?post=146695"},{"taxonomy":"product_tag","embeddable":true,"href":"https:\/\/pizbube.ch\/en\/wp-json\/wp\/v2\/product_tag?post=146695"}],"curies":[{"name":"wp","href":"https:\/\/api.w.org\/{rel}","templated":true}]}}