{"id":146696,"date":"2021-01-15T10:54:02","date_gmt":"2021-01-15T10:54:02","guid":{"rendered":"https:\/\/codengine3.ch\/?product=import-placeholder-for-204355"},"modified":"2021-01-15T14:32:21","modified_gmt":"2021-01-15T14:32:21","slug":"la-photographie-a-lassaut-des-alpes","status":"publish","type":"product","link":"https:\/\/pizbube.ch\/en\/shop\/la-photographie-a-lassaut-des-alpes\/","title":{"rendered":"La photographie \u00e0 l&#8217;assaut des Alpes"},"content":{"rendered":"<p>Les images retrouv\u00e9es dans les collections des alpinistes et photographes<br \/>\nPierre Dalloz et Daniel Chalonge, apportent un regard neuf sur l&#8217;alpinisme des<br \/>\nAlpes fran\u00e7aises de l&#8217;entre-deux-guerres. L&#8217;entre-deux-guerres : une p\u00e9riode<br \/>\noubli\u00e9e alors qu&#8217;elle s&#8217;av\u00e8re riche en rebondissements et en mutations. Elle<br \/>\nsonne d&#8217;abord le renouveau de l&#8217;alpinisme fran\u00e7ais, qui prend enfin place<br \/>\nparmi l&#8217;\u00e9lite sur la sc\u00e8ne internationale. Elle d\u00e9rive, mais en \u00e9vitant<br \/>\nl&#8217;ostentation, vers un am\u00e9nagement (refuges, sentiers) qui ouvre le terrain<br \/>\naux loisirs et au tourisme. Elle confirme un exode rural pr\u00e9occupant,<br \/>\nparadoxalement enray\u00e9 par l&#8217;arriv\u00e9e du ph\u00e9nom\u00e8ne du ski et des sports d&#8217;hiver,<br \/>\nqui redessine l&#8217;environnement hivernal sans toutefois encore trop le<br \/>\nd\u00e9figurer. Elle pr\u00e9figure les bouleversements g\u00e9omorphologiques \u00e0 venir, m\u00eame<br \/>\nsi les effets de la d\u00e9crue glaciaire ne se traduisent gu\u00e8re visuellement. M\u00eame<br \/>\nla photo, ici \u00e0 l&#8217;honneur, vit sa petite r\u00e9volution. Bref, c&#8217;est la montagne<br \/>\ndans tous ses \u00e9clats ! Les photos qui illustrent cet ouvrage, presque toutes<br \/>\nin\u00e9dites, exaltent les facettes de la montagne d&#8217;alors, mais surtout, elles<br \/>\nlaissent la part belle \u00e0 l&#8217;action et aux personnages en situation. L\u00e0 r\u00e9side<br \/>\nleur force intemporelle : mettre en lumi\u00e8re des gens qui jusque-l\u00e0 devaient se<br \/>\ncontenter de rester dans l&#8217;ombre. L&#8217;essence de la photographie.<\/p>","protected":false},"excerpt":{"rendered":"<p>Les images retrouv\u00e9es dans les collections des alpinistes et photographes Pierre Dalloz et Daniel Chalonge, apportent un regard neuf sur l&#8217;alpinisme des Alpes fran\u00e7aises de l&#8217;entre-deux-guerres. L&#8217;entre-deux-guerres : une p\u00e9riode oubli\u00e9e alors qu&#8217;elle s&#8217;av\u00e8re riche en rebondissements et en mutations. Elle sonne d&#8217;abord le renouveau de l&#8217;alpinisme fran\u00e7ais, qui prend enfin place parmi l&#8217;\u00e9lite sur [&#8230;]\n","protected":false},"featured_media":32195,"template":"","meta":[],"product_brand":[],"product_cat":[21580],"product_tag":[],"class_list":{"0":"post-146696","1":"product","2":"type-product","3":"status-publish","4":"has-post-thumbnail","6":"product_cat-kunst-kultur","7":"pa_autor-leon-chevaillot","8":"pa_erscheinungsjahr-21763","9":"pa_region-frankreich","10":"pa_sprache-fr","12":"first","13":"instock","14":"taxable","15":"shipping-taxable","16":"purchasable","17":"product-type-simple"},"_links":{"self":[{"href":"https:\/\/pizbube.ch\/en\/wp-json\/wp\/v2\/product\/146696","targetHints":{"allow":["GET"]}}],"collection":[{"href":"https:\/\/pizbube.ch\/en\/wp-json\/wp\/v2\/product"}],"about":[{"href":"https:\/\/pizbube.ch\/en\/wp-json\/wp\/v2\/types\/product"}],"wp:featuredmedia":[{"embeddable":true,"href":"https:\/\/pizbube.ch\/en\/wp-json\/wp\/v2\/media\/32195"}],"wp:attachment":[{"href":"https:\/\/pizbube.ch\/en\/wp-json\/wp\/v2\/media?parent=146696"}],"wp:term":[{"taxonomy":"product_brand","embeddable":true,"href":"https:\/\/pizbube.ch\/en\/wp-json\/wp\/v2\/product_brand?post=146696"},{"taxonomy":"product_cat","embeddable":true,"href":"https:\/\/pizbube.ch\/en\/wp-json\/wp\/v2\/product_cat?post=146696"},{"taxonomy":"product_tag","embeddable":true,"href":"https:\/\/pizbube.ch\/en\/wp-json\/wp\/v2\/product_tag?post=146696"}],"curies":[{"name":"wp","href":"https:\/\/api.w.org\/{rel}","templated":true}]}}