{"id":146697,"date":"2021-01-15T10:54:02","date_gmt":"2021-01-15T10:54:02","guid":{"rendered":"https:\/\/codengine3.ch\/?product=import-placeholder-for-200394"},"modified":"2025-01-29T11:13:16","modified_gmt":"2025-01-29T10:13:16","slug":"welt-gstaad-photo-jaques-naegeli-1885-1971","status":"publish","type":"product","link":"https:\/\/pizbube.ch\/en\/shop\/welt-gstaad-photo-jaques-naegeli-1885-1971\/","title":{"rendered":"WELT &amp; GSTAAD PHOTO &#8211; Jaques Naegeli 1885-1971"},"content":{"rendered":"<p>Diese Publikation ist eine Aufarbeitung des eindr\u00fccklichen Fotonachlasses des<br \/>\nGstaader Fotopioniers Jaques Naegeli 1885-1971<\/p>\n<p>In \u00fcber 50-j\u00e4hriger Gesch\u00e4ftst\u00e4tigkeit hat Jacques Naegeli mit seiner<br \/>\nPhotographie massgeblich die Erscheinung von Gstaad und der ganzen Region<br \/>\nmitgepr\u00e4gt. Noch heute begegnet der aufmerksame Betrachter immer wieder<br \/>\neinmaligen Aufnahmen, die sowohl bei Einheimischen wie auch G\u00e4sten sch\u00f6ne<br \/>\nErinnerungen wecken. Eine umfangreiche Aufarbeitung seines Werks wurde aber<br \/>\nnoch nie in Angriff genommen. Bis jetzt.<\/p>\n<p>Das Buch \u00fcber das photographische und filmische Schaffen von Jacques Naegeli<br \/>\n(1885-1971) aus Gstaad. Leineneinband, 25 x 23 cm, 224 Seiten, 296 Aufnahmen<br \/>\nin schwarz-weiss.<\/p>\n<p>Avec ses photographies, en plus de cinquante ans d\u2019activit\u00e9, Jacques Naegeli a<br \/>\nlargement fa\u00e7onn\u00e9 l\u2019image de Gstaad et de la r\u00e9gion. Encore aujourd\u2019hui,<br \/>\nl\u2019observateur attentif d\u00e9couvre r\u00e9guli\u00e8rement des clich\u00e9s exceptionnels. Ils<br \/>\n\u00e9voquent de beaux souvenirs autant pour les habitants de la r\u00e9gion que pour<br \/>\nceux qui sont de passage. Un traitement complet de ses travaux n\u2019avait jamais<br \/>\n\u00e9t\u00e9 entam\u00e9. Jusqu\u2019\u00e0 maintenant.<\/p>\n<p>Le livre sur les travaux du photographe de Gstaad Jacques Naegeli (1885-1971).<br \/>\nCouverture en lin, 25 x 23 cm, 224 pages, 296 photographies en noir et blanc.<\/p>\n<p>In over 50 years of being in business, Jacques Naegeli left his mark<br \/>\nthroughout Gstaad and the region. His images adorn the walls in many places<br \/>\nand recall beautiful memories for locals and visitors alike. A holistic<br \/>\nexamination of Naegeli&#8217;s work hadn&#8217;t been undertaken to date. Until now.<\/p>\n<p>The book about the work of Jacques Naegeli (1885-1971), photographer from<br \/>\nGstaad, Switzerland. Cover in linen, 25 x 23 cm, 224 pages, 296 photographs in<br \/>\nb\/w<\/p>","protected":false},"excerpt":{"rendered":"<ul>\n<li><a href=\"https:\/\/youtu.be\/IJ3OuoD4uNQ\" target=\"_blank\" rel=\"noopener\">Video: A cross-section of historic clips of Jacques Naegeli&#8217;s film works.<\/a><\/li>\n<\/ul>","protected":false},"featured_media":26780,"template":"","meta":[],"product_brand":[],"product_cat":[21580],"product_tag":[],"class_list":{"0":"post-146697","1":"product","2":"type-product","3":"status-publish","4":"has-post-thumbnail","6":"product_cat-kunst-kultur","7":"pa_autor-potterat-hoegl","8":"pa_erscheinungsjahr-21550","9":"pa_region-schweiz","10":"pa_sprache-de-fr-en-2","12":"first","13":"outofstock","14":"taxable","15":"shipping-taxable","16":"purchasable","17":"product-type-simple"},"_links":{"self":[{"href":"https:\/\/pizbube.ch\/en\/wp-json\/wp\/v2\/product\/146697","targetHints":{"allow":["GET"]}}],"collection":[{"href":"https:\/\/pizbube.ch\/en\/wp-json\/wp\/v2\/product"}],"about":[{"href":"https:\/\/pizbube.ch\/en\/wp-json\/wp\/v2\/types\/product"}],"wp:featuredmedia":[{"embeddable":true,"href":"https:\/\/pizbube.ch\/en\/wp-json\/wp\/v2\/media\/26780"}],"wp:attachment":[{"href":"https:\/\/pizbube.ch\/en\/wp-json\/wp\/v2\/media?parent=146697"}],"wp:term":[{"taxonomy":"product_brand","embeddable":true,"href":"https:\/\/pizbube.ch\/en\/wp-json\/wp\/v2\/product_brand?post=146697"},{"taxonomy":"product_cat","embeddable":true,"href":"https:\/\/pizbube.ch\/en\/wp-json\/wp\/v2\/product_cat?post=146697"},{"taxonomy":"product_tag","embeddable":true,"href":"https:\/\/pizbube.ch\/en\/wp-json\/wp\/v2\/product_tag?post=146697"}],"curies":[{"name":"wp","href":"https:\/\/api.w.org\/{rel}","templated":true}]}}