{"id":146698,"date":"2021-01-15T10:54:02","date_gmt":"2021-01-15T10:54:02","guid":{"rendered":"https:\/\/codengine3.ch\/?product=import-placeholder-for-200088"},"modified":"2021-01-15T10:54:09","modified_gmt":"2021-01-15T10:54:09","slug":"kletterkarte-frankenjura-150000","status":"publish","type":"product","link":"https:\/\/pizbube.ch\/en\/shop\/kletterkarte-frankenjura-150000\/","title":{"rendered":"Kletterkarte Frankenjura 1:50&#8217;000"},"content":{"rendered":"<p>Eine Komplettkarte des gesamten N\u00f6rdlichen Frankenjuras, auf der alle in<br \/>\nunserem Kletterf\u00fchrer Frankenjura Band 1 &#038; Kletterf\u00fchrer Frankenjura Band 2<br \/>\nbeschriebenen Felsen verzeichnet sind.<\/p>\n<p>Die Karte wurde auf der Grundlage der topographischen Karte 1:50.000 des<br \/>\nBayerischen Landesvermessungsamtes erstellt. Das macht die Planung eures<br \/>\nn\u00e4chsten Trips ins Reich der Fingerl\u00f6cher noch einfacher&#8230;<\/p>","protected":false},"excerpt":{"rendered":"<p>Eine Komplettkarte des gesamten N\u00f6rdlichen Frankenjuras, auf der alle in unserem Kletterf\u00fchrer Frankenjura Band 1 &#038; Kletterf\u00fchrer Frankenjura Band 2 beschriebenen Felsen verzeichnet sind. Die Karte wurde auf der Grundlage der topographischen Karte 1:50.000 des Bayerischen Landesvermessungsamtes erstellt. Das macht die Planung eures n\u00e4chsten Trips ins Reich der Fingerl\u00f6cher noch einfacher&#8230;<\/p>","protected":false},"featured_media":25880,"template":"","meta":[],"product_brand":[],"product_cat":[21543],"product_tag":[],"class_list":{"0":"post-146698","1":"product","2":"type-product","3":"status-publish","4":"has-post-thumbnail","6":"product_cat-landkarten","7":"pa_autor-panico","8":"pa_erscheinungsjahr-21571","9":"pa_region-deutschland","10":"pa_sprache-de","12":"first","13":"instock","14":"taxable","15":"shipping-taxable","16":"purchasable","17":"product-type-simple"},"_links":{"self":[{"href":"https:\/\/pizbube.ch\/en\/wp-json\/wp\/v2\/product\/146698","targetHints":{"allow":["GET"]}}],"collection":[{"href":"https:\/\/pizbube.ch\/en\/wp-json\/wp\/v2\/product"}],"about":[{"href":"https:\/\/pizbube.ch\/en\/wp-json\/wp\/v2\/types\/product"}],"wp:featuredmedia":[{"embeddable":true,"href":"https:\/\/pizbube.ch\/en\/wp-json\/wp\/v2\/media\/25880"}],"wp:attachment":[{"href":"https:\/\/pizbube.ch\/en\/wp-json\/wp\/v2\/media?parent=146698"}],"wp:term":[{"taxonomy":"product_brand","embeddable":true,"href":"https:\/\/pizbube.ch\/en\/wp-json\/wp\/v2\/product_brand?post=146698"},{"taxonomy":"product_cat","embeddable":true,"href":"https:\/\/pizbube.ch\/en\/wp-json\/wp\/v2\/product_cat?post=146698"},{"taxonomy":"product_tag","embeddable":true,"href":"https:\/\/pizbube.ch\/en\/wp-json\/wp\/v2\/product_tag?post=146698"}],"curies":[{"name":"wp","href":"https:\/\/api.w.org\/{rel}","templated":true}]}}