{"id":146702,"date":"2021-01-15T10:54:03","date_gmt":"2021-01-15T10:54:03","guid":{"rendered":"https:\/\/codengine3.ch\/?product=import-placeholder-for-200789"},"modified":"2021-01-15T11:00:58","modified_gmt":"2021-01-15T11:00:58","slug":"noerdlicher-frankenjura-8-aufl","status":"publish","type":"product","link":"https:\/\/pizbube.ch\/en\/shop\/noerdlicher-frankenjura-8-aufl\/","title":{"rendered":"N\u00f6rdlicher Frankenjura (8. Aufl.)"},"content":{"rendered":"<p>Umfassender Topof\u00fchrer \u00fcber Deutschlands bedeutendstes Klettergebiet: von Nord<br \/>\nbis S\u00fcd, steiler, bunter, dicker!  <\/p>\n<p>Mit der 8ten Auflage erscheint das Standardwerk f\u00fcr den gesamten N\u00f6rdlichen<br \/>\nFrankenjura in komplett rundum erneuerter Form.<br \/>\nAlle Topos und Zustiege wurden \u00fcberarbeitet, die Zeichnungen<br \/>\nder Felsen mit plastischen Grauverl\u00e4ufen und vielen zus\u00e4tzlichen Details<br \/>\nversehen.<br \/>\nWegen der teils extremen Routendichte wurden auch zahlreiche klassische<br \/>\nMassive komplett neu gezeichnet.<br \/>\nNeu sind auch GPS-Daten und verfeinerte Navigations-Elemente.<br \/>\nAuch diese Ausgabe ist reichlich bebildert mit 77 farbigen, ganzseitigen<br \/>\nspannenden Kletterfotos und reizvollen Landschafts- bildern.<\/p>","protected":false},"excerpt":{"rendered":"<p>Umfassender Topof\u00fchrer \u00fcber Deutschlands bedeutendstes Klettergebiet: von Nord bis S\u00fcd, steiler, bunter, dicker! Mit der 8ten Auflage erscheint das Standardwerk f\u00fcr den gesamten N\u00f6rdlichen Frankenjura in komplett rundum erneuerter Form. Alle Topos und Zustiege wurden \u00fcberarbeitet, die Zeichnungen der Felsen mit plastischen Grauverl\u00e4ufen und vielen zus\u00e4tzlichen Details versehen. Wegen der teils extremen Routendichte wurden auch [&#8230;]\n","protected":false},"featured_media":27852,"template":"","meta":[],"product_brand":[],"product_cat":[21539],"product_tag":[],"class_list":{"0":"post-146702","1":"product","2":"type-product","3":"status-publish","4":"has-post-thumbnail","6":"product_cat-fuehrerliteratur-sportklettern-bouldern","7":"pa_autor-thum","8":"pa_erscheinungsjahr-21830","9":"pa_region-deutschland","10":"pa_sprache-de","12":"first","13":"instock","14":"taxable","15":"shipping-taxable","16":"purchasable","17":"product-type-simple"},"_links":{"self":[{"href":"https:\/\/pizbube.ch\/en\/wp-json\/wp\/v2\/product\/146702","targetHints":{"allow":["GET"]}}],"collection":[{"href":"https:\/\/pizbube.ch\/en\/wp-json\/wp\/v2\/product"}],"about":[{"href":"https:\/\/pizbube.ch\/en\/wp-json\/wp\/v2\/types\/product"}],"wp:featuredmedia":[{"embeddable":true,"href":"https:\/\/pizbube.ch\/en\/wp-json\/wp\/v2\/media\/27852"}],"wp:attachment":[{"href":"https:\/\/pizbube.ch\/en\/wp-json\/wp\/v2\/media?parent=146702"}],"wp:term":[{"taxonomy":"product_brand","embeddable":true,"href":"https:\/\/pizbube.ch\/en\/wp-json\/wp\/v2\/product_brand?post=146702"},{"taxonomy":"product_cat","embeddable":true,"href":"https:\/\/pizbube.ch\/en\/wp-json\/wp\/v2\/product_cat?post=146702"},{"taxonomy":"product_tag","embeddable":true,"href":"https:\/\/pizbube.ch\/en\/wp-json\/wp\/v2\/product_tag?post=146702"}],"curies":[{"name":"wp","href":"https:\/\/api.w.org\/{rel}","templated":true}]}}