{"id":146704,"date":"2021-01-15T10:54:03","date_gmt":"2021-01-15T10:54:03","guid":{"rendered":"https:\/\/codengine3.ch\/?product=import-placeholder-for-204595"},"modified":"2021-01-15T14:34:45","modified_gmt":"2021-01-15T14:34:45","slug":"kletterkarte-pfalz-125000","status":"publish","type":"product","link":"https:\/\/pizbube.ch\/en\/shop\/kletterkarte-pfalz-125000\/","title":{"rendered":"Kletterkarte Pfalz 1:25&#8217;000"},"content":{"rendered":"<p>\nTopographische Karte im Ma\u00dfstab 1:25.000 mit allen im Klettertopo Pfalz<br \/>\nenthaltenen Kletterfelsen  <\/p>\n<p>Die ideale Erg\u00e4nzung zur 5. Auflage des Kletterf\u00fchrer Pfalz: Eine<br \/>\ntopographische Karte im Ma\u00dfstab 1:25.000, auf der alle in unserem<br \/>\nKletterf\u00fchrer Pfalz und Pfalz plus beschriebenen Felsen verzeichnet sind. Das<br \/>\nmacht die Planung eures n\u00e4chsten Trips ins Reich der Sandsteint\u00fcrme noch<br \/>\nkomfortabler.<\/p>\n<p>In der Beilage zur Karte sind alle in der 5. Auflage (2019) des Kletterf\u00fchrers<br \/>\nPfalz und Pfalz plus beschriebenen Felsen alphabetisch aufgeschl\u00fcsselt. Mit<br \/>\nInfos zu Routenanzahl, Schwierigkeit und dem Quadrant in der Kletterkarte.  <\/p>","protected":false},"excerpt":{"rendered":"<p>Topographische Karte im Ma\u00dfstab 1:25.000 mit allen im Klettertopo Pfalz enthaltenen Kletterfelsen Die ideale Erg\u00e4nzung zur 5. Auflage des Kletterf\u00fchrer Pfalz: Eine topographische Karte im Ma\u00dfstab 1:25.000, auf der alle in unserem Kletterf\u00fchrer Pfalz und Pfalz plus beschriebenen Felsen verzeichnet sind. Das macht die Planung eures n\u00e4chsten Trips ins Reich der Sandsteint\u00fcrme noch komfortabler. In [&#8230;]\n","protected":false},"featured_media":32762,"template":"","meta":[],"product_brand":[],"product_cat":[21543],"product_tag":[],"class_list":{"0":"post-146704","1":"product","2":"type-product","3":"status-publish","4":"has-post-thumbnail","6":"product_cat-landkarten","7":"pa_autor-richter-panico","8":"pa_erscheinungsjahr-21586","9":"pa_region-deutschland","10":"pa_sprache-de","12":"first","13":"instock","14":"taxable","15":"shipping-taxable","16":"purchasable","17":"product-type-simple"},"_links":{"self":[{"href":"https:\/\/pizbube.ch\/en\/wp-json\/wp\/v2\/product\/146704","targetHints":{"allow":["GET"]}}],"collection":[{"href":"https:\/\/pizbube.ch\/en\/wp-json\/wp\/v2\/product"}],"about":[{"href":"https:\/\/pizbube.ch\/en\/wp-json\/wp\/v2\/types\/product"}],"wp:featuredmedia":[{"embeddable":true,"href":"https:\/\/pizbube.ch\/en\/wp-json\/wp\/v2\/media\/32762"}],"wp:attachment":[{"href":"https:\/\/pizbube.ch\/en\/wp-json\/wp\/v2\/media?parent=146704"}],"wp:term":[{"taxonomy":"product_brand","embeddable":true,"href":"https:\/\/pizbube.ch\/en\/wp-json\/wp\/v2\/product_brand?post=146704"},{"taxonomy":"product_cat","embeddable":true,"href":"https:\/\/pizbube.ch\/en\/wp-json\/wp\/v2\/product_cat?post=146704"},{"taxonomy":"product_tag","embeddable":true,"href":"https:\/\/pizbube.ch\/en\/wp-json\/wp\/v2\/product_tag?post=146704"}],"curies":[{"name":"wp","href":"https:\/\/api.w.org\/{rel}","templated":true}]}}