{"id":146706,"date":"2021-01-15T10:54:03","date_gmt":"2021-01-15T10:54:03","guid":{"rendered":"https:\/\/codengine3.ch\/?product=import-placeholder-for-207871"},"modified":"2026-02-05T09:20:25","modified_gmt":"2026-02-05T08:20:25","slug":"kletterfuehrer-frankenjura-band-2-inkl-app","status":"publish","type":"product","link":"https:\/\/pizbube.ch\/en\/shop\/kletterfuehrer-frankenjura-band-2-inkl-app\/","title":{"rendered":"Kletterf\u00fchrer Frankenjura Band 2 inkl. App"},"content":{"rendered":"<p>Wie gewohnt bringt Sebastian Schwertner auch in der 14. Auflage durch detaillierte Topos, exakte Zustiegsbeschreibungen und Gebietskarten Licht ins fr\u00e4nkische Unterholz. Im Vergleich zur vorigen Ausgabe wurde der Kletterf\u00fchrer Frankenjura Band 2 um 24 Seiten auf insgesamt 608 Seiten erweitert. Zusammen mit dem Band 1 \u00fcber 1200 Seiten fingerlochgenaue Informationen zu den 13.400 Routen f\u00fcr das N\u00f6rdliche Frankenjura. Im Band 2 werden 6900 Routen beschrieben. Die Kommentare zu fast jeder Route helfen nicht nur vor Ort, sondern machen auch abends in der Gastst\u00e4tte Spa\u00df. Die Neutouren sind auf dem Stand von April 2024. Dem F\u00fchrer liegt ein Downloadcode f\u00fcr eine kostenlose Anwendung f\u00fcr iOS und Android bei. Ihr bekommt damit alle Franken-Topos als App f\u00fcr euer Smartphone gratis dazu.<\/p>\n<p>Neben einigen Korrekturen wurden zus\u00e4tzlich zu den GPS-Koordinaten der Felsen und aller zugeh\u00f6rigen Parkpl\u00e4tze bzw. Ausgangspunkte QR-Codes der Ausgangspunkte aufgenommen. Schlie\u00dflich wollt ihr Klettern und nicht Felsen-Suchen spielen.<\/p>\n<p>Beschriebene Gebiete: Walberla, Trubachtal, Betzensteiner Gebiet, Spieser Gebiet, Schnaittacher Gebiet, Pegnitztal, Krottenseer Forst, Hirschbachtal, K\u00f6nigsteiner Gebiet, Lehental, H\u00f6genbachtal, F\u00f6rrenbachtal und das Lauterbachtal! Band 1 enth\u00e4lt alle Felsen n\u00f6rdlich der Linie Forchheim-Pegnitz<\/p>\n<p>14. Auflage 2024<br \/>\n608 Seiten, 148 x 185 mm, Softcover, komplett 4 Farbig<\/p>","protected":false},"excerpt":{"rendered":"<p>Wie gewohnt bringt Sebastian Schwertner auch in der 14. Auflage durch detaillierte Topos, exakte Zustiegsbeschreibungen und Gebietskarten Licht ins fr\u00e4nkische Unterholz. Im Vergleich zur vorigen Ausgabe wurde der Kletterf\u00fchrer Frankenjura Band 2 um 24 Seiten auf insgesamt 608 Seiten erweitert. Zusammen mit dem Band 1 \u00fcber 1200 Seiten fingerlochgenaue Informationen zu den 13.400 Routen f\u00fcr [&#8230;]\n","protected":false},"featured_media":173055,"template":"","meta":[],"product_brand":[],"product_cat":[21539],"product_tag":[],"class_list":{"0":"post-146706","1":"product","2":"type-product","3":"status-publish","4":"has-post-thumbnail","6":"product_cat-fuehrerliteratur-sportklettern-bouldern","7":"pa_autor-schwertner","8":"pa_erscheinungsjahr-27339","9":"pa_region-deutschland","10":"pa_sprache-de","12":"first","13":"instock","14":"taxable","15":"shipping-taxable","16":"purchasable","17":"product-type-simple"},"_links":{"self":[{"href":"https:\/\/pizbube.ch\/en\/wp-json\/wp\/v2\/product\/146706","targetHints":{"allow":["GET"]}}],"collection":[{"href":"https:\/\/pizbube.ch\/en\/wp-json\/wp\/v2\/product"}],"about":[{"href":"https:\/\/pizbube.ch\/en\/wp-json\/wp\/v2\/types\/product"}],"wp:featuredmedia":[{"embeddable":true,"href":"https:\/\/pizbube.ch\/en\/wp-json\/wp\/v2\/media\/173055"}],"wp:attachment":[{"href":"https:\/\/pizbube.ch\/en\/wp-json\/wp\/v2\/media?parent=146706"}],"wp:term":[{"taxonomy":"product_brand","embeddable":true,"href":"https:\/\/pizbube.ch\/en\/wp-json\/wp\/v2\/product_brand?post=146706"},{"taxonomy":"product_cat","embeddable":true,"href":"https:\/\/pizbube.ch\/en\/wp-json\/wp\/v2\/product_cat?post=146706"},{"taxonomy":"product_tag","embeddable":true,"href":"https:\/\/pizbube.ch\/en\/wp-json\/wp\/v2\/product_tag?post=146706"}],"curies":[{"name":"wp","href":"https:\/\/api.w.org\/{rel}","templated":true}]}}