{"id":146714,"date":"2021-01-15T10:54:03","date_gmt":"2021-01-15T10:54:03","guid":{"rendered":"https:\/\/codengine3.ch\/?product=import-placeholder-for-200544"},"modified":"2021-01-15T10:58:40","modified_gmt":"2021-01-15T10:58:40","slug":"alpen-ein-hochgebirge-im-wandel","status":"publish","type":"product","link":"https:\/\/pizbube.ch\/en\/shop\/alpen-ein-hochgebirge-im-wandel\/","title":{"rendered":"Alpen &#8211; Ein Hochgebirge im Wandel"},"content":{"rendered":"<p>\nDie Alpen im Wandel der Jahreszeiten, im Wandel des Wetters, im Wandel der<br \/>\nSchneeschmelze &#8211; und im Klimawandel<br \/>\nVerg\u00e4ngliche Momente in meisterhaften Fotografien festgehalten &#8211; mit<br \/>\nTextbeitr\u00e4gen von Top-Wissenschaftlern.<\/p>\n<p>Kunst und Wissen zwischen zwei Buchdeckeln Die Alpen sind im st\u00e4ndigen Wandel,<br \/>\nsie bringen st\u00e4ndig neue, atemberaubende Landschaften, Formen und Farben<br \/>\nhervor. Extreme Wetterverh\u00e4ltnisse, Lawinenabg\u00e4nge, der Wechsel der<br \/>\nJahreszeiten, von Gefrieren und Schmelzen sind Treibstoff der Ver\u00e4nderung.<br \/>\nGleichzeitig aber ist das h\u00f6chste Gebirge Mitteleuropas f\u00fcr uns Menschen ein<br \/>\nOrt des R\u00fcckzugs, der Ruhe und Best\u00e4ndigkeit &#8211; ein Sehnsuchtsziel seit<br \/>\nGenerationen.<\/p>\n<p>Lorenz Andreas Fischer hat die Alpen jahrelang bereist, von den h\u00f6chsten<br \/>\nGipfeln im Westen zu den letzten \u00f6stlichen Ausl\u00e4ufern. Aus diesen Eindr\u00fccken<br \/>\nist ein Bildband entstanden, der uns die Sch\u00f6nheit der Berge unverstellt vor<br \/>\nAugen f\u00fchrt. Gleichzeitig aber auch ihre Bedrohung: Der Klimawandel bringt die<br \/>\nAlpen mehr und mehr aus seinem Gleichgewicht. Es sind Fischers Bilder, die uns<br \/>\neindr\u00fccklich zeigen, wie wichtig daher der Schutz dieser einzigartigen<br \/>\nUrlandschaft ist.  <\/p>\n<p>Fester Einband, 288 Seiten  <\/p>","protected":false},"excerpt":{"rendered":"<p>Die Alpen im Wandel der Jahreszeiten, im Wandel des Wetters, im Wandel der Schneeschmelze &#8211; und im Klimawandel Verg\u00e4ngliche Momente in meisterhaften Fotografien festgehalten &#8211; mit Textbeitr\u00e4gen von Top-Wissenschaftlern. Kunst und Wissen zwischen zwei Buchdeckeln Die Alpen sind im st\u00e4ndigen Wandel, sie bringen st\u00e4ndig neue, atemberaubende Landschaften, Formen und Farben hervor. Extreme Wetterverh\u00e4ltnisse, Lawinenabg\u00e4nge, der [&#8230;]\n","protected":false},"featured_media":27237,"template":"","meta":[],"product_brand":[],"product_cat":[21542],"product_tag":[],"class_list":{"0":"post-146714","1":"product","2":"type-product","3":"status-publish","4":"has-post-thumbnail","6":"product_cat-sachbuecher-dokumentationen","7":"pa_autor-fischer","8":"pa_erscheinungsjahr-21558","9":"pa_region-schweiz","10":"pa_sprache-de","12":"first","13":"instock","14":"taxable","15":"shipping-taxable","16":"purchasable","17":"product-type-simple"},"_links":{"self":[{"href":"https:\/\/pizbube.ch\/en\/wp-json\/wp\/v2\/product\/146714","targetHints":{"allow":["GET"]}}],"collection":[{"href":"https:\/\/pizbube.ch\/en\/wp-json\/wp\/v2\/product"}],"about":[{"href":"https:\/\/pizbube.ch\/en\/wp-json\/wp\/v2\/types\/product"}],"wp:featuredmedia":[{"embeddable":true,"href":"https:\/\/pizbube.ch\/en\/wp-json\/wp\/v2\/media\/27237"}],"wp:attachment":[{"href":"https:\/\/pizbube.ch\/en\/wp-json\/wp\/v2\/media?parent=146714"}],"wp:term":[{"taxonomy":"product_brand","embeddable":true,"href":"https:\/\/pizbube.ch\/en\/wp-json\/wp\/v2\/product_brand?post=146714"},{"taxonomy":"product_cat","embeddable":true,"href":"https:\/\/pizbube.ch\/en\/wp-json\/wp\/v2\/product_cat?post=146714"},{"taxonomy":"product_tag","embeddable":true,"href":"https:\/\/pizbube.ch\/en\/wp-json\/wp\/v2\/product_tag?post=146714"}],"curies":[{"name":"wp","href":"https:\/\/api.w.org\/{rel}","templated":true}]}}