{"id":146716,"date":"2021-01-15T10:54:03","date_gmt":"2021-01-15T10:54:03","guid":{"rendered":"https:\/\/codengine3.ch\/?product=import-placeholder-for-206901"},"modified":"2022-11-25T14:25:02","modified_gmt":"2022-11-25T13:25:02","slug":"spektakulaere-bergwelten","status":"publish","type":"product","link":"https:\/\/pizbube.ch\/en\/shop\/spektakulaere-bergwelten\/","title":{"rendered":"Spektakul\u00e4re Bergwelten"},"content":{"rendered":"<p>Sie sind letztlich nicht zu begreifen &#8211; die Berge in ihrer masslosen und<br \/>\ngewaltigen Pracht. Dieser Bildband versucht das Mysterium in all seinen<br \/>\nFacetten in Bild und Text auszuleuchten. Vorhang auf f\u00fcr das atemberaubende<br \/>\nund Schwindelerregende Spektakel der Berge!<\/p>\n<p>Preisgekr\u00f6nte Fotografen aus aller Welt haben f\u00fcr dieses Buch ihre<br \/>\nspektakul\u00e4rsten Bergfotos beigesteuert, darunter Sam Bi\u00e9, Simon Carter, Jimmy<br \/>\nChin, Dom Daher, Monica Dalmasso, Alexandre Deschaumes, John Evans, Olivier<br \/>\nGrunewald, Christian Pondella, Scott Serfas, Ben Tibbetts und Pascal<br \/>\nTournaire. Kommentiert werden die Bilder mit luziden Worten vom Journalisten<br \/>\nund Kenner der Bergwelt Guillaume Vallot.<\/p>\n<p>Eine Solopartie in einer Felswand von 900 Metern, Balancieren am Gipfelgrat<br \/>\noder am scharfen Rand einer Firnflanke, Klettern in einem Eishang gigantischen<br \/>\nAusmasses. Ein von Schneekristallen bedecktes Gesicht, Finger, die nach einem<br \/>\nimagin\u00e4ren Halt tasten &#8230;Augenblicke, in denen das Blut in den Adern zu<br \/>\ngefrieren scheint. Aber auch Momente der Besinnlichkeit, wenn etwa ein<br \/>\nStreiflicht wie ein Scheinwerfer des Himmels einen smaragdgr\u00fcnen Bergsee zum<br \/>\nLeuchten bringt. &#171;Spektakul\u00e4re Bergwelten&#187; h\u00e4lt in Bild und Text<br \/>\nunvergessliche Szenen des Bergsteigens und Kletterns sowie einzigartige<br \/>\nMomente der Natur in grosser H\u00f6he fest. Am Ende steht das Staunen &#8211; \u00fcber die<br \/>\nunermessliche, unbegreifliche Sch\u00f6nheit der Bergwelt.<\/p>\n<div class=\"biblioPages\"><span class=\"value\">160 Seiten, Gebunden<br \/>\n<\/span><\/div>\n<div class=\"biblioDimensions\"><span class=\"key\">Masse: <\/span><span class=\"value\">Breite 240 mm, H\u00f6he 300<\/span><\/div>","protected":false},"excerpt":{"rendered":"<p>Sie sind letztlich nicht zu begreifen &#8211; die Berge in ihrer masslosen und gewaltigen Pracht. Dieser Bildband versucht das Mysterium in all seinen Facetten in Bild und Text auszuleuchten. Vorhang auf f\u00fcr das atemberaubende und Schwindelerregende Spektakel der Berge! Preisgekr\u00f6nte Fotografen aus aller Welt haben f\u00fcr dieses Buch ihre spektakul\u00e4rsten Bergfotos beigesteuert, darunter Sam Bi\u00e9, [&#8230;]\n","protected":false},"featured_media":164677,"template":"","meta":[],"product_brand":[],"product_cat":[21542],"product_tag":[],"class_list":{"0":"post-146716","1":"product","2":"type-product","3":"status-publish","4":"has-post-thumbnail","6":"product_cat-sachbuecher-dokumentationen","7":"pa_autor-vallot","8":"pa_erscheinungsjahr-21546","9":"pa_region-schweiz","10":"pa_sprache-de","12":"first","13":"instock","14":"taxable","15":"shipping-taxable","16":"purchasable","17":"product-type-simple"},"_links":{"self":[{"href":"https:\/\/pizbube.ch\/en\/wp-json\/wp\/v2\/product\/146716","targetHints":{"allow":["GET"]}}],"collection":[{"href":"https:\/\/pizbube.ch\/en\/wp-json\/wp\/v2\/product"}],"about":[{"href":"https:\/\/pizbube.ch\/en\/wp-json\/wp\/v2\/types\/product"}],"wp:featuredmedia":[{"embeddable":true,"href":"https:\/\/pizbube.ch\/en\/wp-json\/wp\/v2\/media\/164677"}],"wp:attachment":[{"href":"https:\/\/pizbube.ch\/en\/wp-json\/wp\/v2\/media?parent=146716"}],"wp:term":[{"taxonomy":"product_brand","embeddable":true,"href":"https:\/\/pizbube.ch\/en\/wp-json\/wp\/v2\/product_brand?post=146716"},{"taxonomy":"product_cat","embeddable":true,"href":"https:\/\/pizbube.ch\/en\/wp-json\/wp\/v2\/product_cat?post=146716"},{"taxonomy":"product_tag","embeddable":true,"href":"https:\/\/pizbube.ch\/en\/wp-json\/wp\/v2\/product_tag?post=146716"}],"curies":[{"name":"wp","href":"https:\/\/api.w.org\/{rel}","templated":true}]}}