{"id":146722,"date":"2021-01-15T10:54:10","date_gmt":"2021-01-15T10:54:10","guid":{"rendered":"https:\/\/codengine3.ch\/?product=import-placeholder-for-207431"},"modified":"2023-08-17T17:38:06","modified_gmt":"2023-08-17T15:38:06","slug":"vtt-vosges-alsace-vtt","status":"publish","type":"product","link":"https:\/\/pizbube.ch\/en\/shop\/vtt-vosges-alsace-vtt\/","title":{"rendered":"VTT Vosges &#8211; Alsace VTT"},"content":{"rendered":"<p>Avec 79 circuits VTT, ce VTOPO vous fait d\u00e9couvrir les Vosges et l\u2019Asace :<br \/>\nbalade, rando, XC, enduro et freeride ! Ceci est la nouvelle \u00e9dition, elle<br \/>\nremplace l&#8217;ancienne, comporte des mises \u00e0 jours, des nouveaux parcours, une<br \/>\nnouvelle maquette et des nouvelles photos&#8230;<\/p>\n<p>Zone : Vosges \/ Alsace (Meurthe-et-Moselle, Moselle, Bas-Rhin, Haut-Rhin,<br \/>\nHaute-Sa\u00f4ne, Vosges)<\/p>\n<p>79 circuits d\u00e9taill\u00e9s avec cartes IGN<br \/>\nFormat pratique 14 x 23 cm et l\u00e9ger 350 g<br \/>\nDes infos r\u00e9currentes tr\u00e8s utiles : variantes, r\u00e9gion, point de vue&#8230;<br \/>\nAvec le syst\u00e8me de cotation technique VTOPO de V1 \u00e0 V6<br \/>\n162 pages en couleur<\/p>","protected":false},"excerpt":{"rendered":"<p>Avec 79 circuits VTT, ce VTOPO vous fait d\u00e9couvrir les Vosges et l\u2019Asace : balade, rando, XC, enduro et freeride ! Ceci est la nouvelle \u00e9dition, elle remplace l&#8217;ancienne, comporte des mises \u00e0 jours, des nouveaux parcours, une nouvelle maquette et des nouvelles photos&#8230; Zone : Vosges \/ Alsace (Meurthe-et-Moselle, Moselle, Bas-Rhin, Haut-Rhin, Haute-Sa\u00f4ne, Vosges) [&#8230;]\n","protected":false},"featured_media":37415,"template":"","meta":[],"product_brand":[],"product_cat":[21606],"product_tag":[],"class_list":{"0":"post-146722","1":"product","2":"type-product","3":"status-publish","4":"has-post-thumbnail","6":"product_cat-mountainbikefuehrer","7":"pa_autor-sireix-teschner","8":"pa_erscheinungsjahr-21550","9":"pa_region-frankreich","10":"pa_sprache-fr","12":"first","13":"outofstock","14":"taxable","15":"shipping-taxable","16":"purchasable","17":"product-type-simple"},"_links":{"self":[{"href":"https:\/\/pizbube.ch\/en\/wp-json\/wp\/v2\/product\/146722","targetHints":{"allow":["GET"]}}],"collection":[{"href":"https:\/\/pizbube.ch\/en\/wp-json\/wp\/v2\/product"}],"about":[{"href":"https:\/\/pizbube.ch\/en\/wp-json\/wp\/v2\/types\/product"}],"wp:featuredmedia":[{"embeddable":true,"href":"https:\/\/pizbube.ch\/en\/wp-json\/wp\/v2\/media\/37415"}],"wp:attachment":[{"href":"https:\/\/pizbube.ch\/en\/wp-json\/wp\/v2\/media?parent=146722"}],"wp:term":[{"taxonomy":"product_brand","embeddable":true,"href":"https:\/\/pizbube.ch\/en\/wp-json\/wp\/v2\/product_brand?post=146722"},{"taxonomy":"product_cat","embeddable":true,"href":"https:\/\/pizbube.ch\/en\/wp-json\/wp\/v2\/product_cat?post=146722"},{"taxonomy":"product_tag","embeddable":true,"href":"https:\/\/pizbube.ch\/en\/wp-json\/wp\/v2\/product_tag?post=146722"}],"curies":[{"name":"wp","href":"https:\/\/api.w.org\/{rel}","templated":true}]}}