{"id":146723,"date":"2021-01-15T10:54:10","date_gmt":"2021-01-15T10:54:10","guid":{"rendered":"https:\/\/codengine3.ch\/?product=import-placeholder-for-208574"},"modified":"2024-04-05T09:22:52","modified_gmt":"2024-04-05T07:22:52","slug":"kletterfuehrer-basler-jura-jura-balois-baselbiet-bale-campagne-thierstein-dorneck-soyhieres","status":"publish","type":"product","link":"https:\/\/pizbube.ch\/en\/shop\/kletterfuehrer-basler-jura-jura-balois-baselbiet-bale-campagne-thierstein-dorneck-soyhieres\/","title":{"rendered":"Kletterf\u00fchrer Basler Jura \/ Jura b\u00e2lois Baselbiet \u2013 B\u00e2le campagne \/ Thierstein \/ Dorneck \/ Soyhi\u00e8res"},"content":{"rendered":"<p>Eines der \u00e4ltesten und bedeutendsten Klettergebiete der Schweiz bildet der<br \/>\nBasler Jura. Dieser topographische Kletterf\u00fchrer beschreibt umfassend und<br \/>\ndetailliert alle aktuell f\u00fcr das Klettern zug\u00e4nglichen Felsgebiete.<\/p>\n<p>In den Zeichnungen, diversen Beitr\u00e4gen bis hin zu einzelnen<br \/>\nRoutencharakterisierungen wird die Historie des Kletterns im Basler Jura<br \/>\nnachgezeichnet. Wer weiss heute noch, dass einst die weltweit schwierigsten<br \/>\nKletterrouten um Basel zu finden waren?<\/p>\n<p>Beitr\u00e4ge zur Geologie und Umwelt erg\u00e4nzen diesen F\u00fchrer optimal. Ein grosser<br \/>\nTeil der Topografiken basieren auf der legend\u00e4ren Fluebibel.<\/p>\n<p>Mit vielen Fotos, Infos und Kommentaren zum Schm\u00f6kern!<br \/>\n50 \u00dcbersichtskarten, 250 Topos.<\/p>\n<p>Le Jura b\u00e2lois constitue l&#8217;une des plus importantes et anciennes destinations<br \/>\nd&#8217;escalade de Suisse. Le topo d&#8217;escalade \u00ab Jura b\u00e2lois \u00bb d\u00e9crit de mani\u00e8re<br \/>\nd\u00e9taill\u00e9e l&#8217;ensemble des falaises actuellement accessibles pour l&#8217;escalade.<\/p>\n<p>Des illustrations, des informations compl\u00e9mentaires et m\u00eame une description de<br \/>\nchaque voie permettent de retracer l&#8217;histoire de l&#8217;escalade dans le Jura<br \/>\nb\u00e2lois. Qui se rappelle qu&#8217;autrefois le Jura b\u00e2lois \u00e9tait mondialement reconnu<br \/>\nen raison de ses voies extr\u00eames.<\/p>\n<p>Des informations sur la g\u00e9ologie et le milieu naturel viennent encore \u00e9toffer<br \/>\nce topo. Une grande partie du topo est bas\u00e9e sur le l\u00e9gendaire \u00abFluebibel\u00bb.<\/p>","protected":false},"excerpt":{"rendered":"<ul>\n<li><strong><a href=\"https:\/\/pizbube.ch\/wp-content\/uploads\/attachments\/a_030\/E7F0A4B6A88C1EFFB2F7874A59D5B880.pdf\" target=\"_blank\" rel=\"noopener\">PDF: Leseprobe_Kletterf\u00fchrer_Basler_Jura<\/a><\/strong><\/li>\n<\/ul>","protected":false},"featured_media":156360,"template":"","meta":[],"product_brand":[],"product_cat":[21539],"product_tag":[],"class_list":{"0":"post-146723","1":"product","2":"type-product","3":"status-publish","4":"has-post-thumbnail","6":"product_cat-fuehrerliteratur-sportklettern-bouldern","7":"pa_autor-frick-devaux-girardin","8":"pa_erscheinungsjahr-21558","9":"pa_region-schweiz","10":"pa_sprache-de-fr","12":"first","13":"instock","14":"taxable","15":"shipping-taxable","16":"purchasable","17":"product-type-simple"},"_links":{"self":[{"href":"https:\/\/pizbube.ch\/en\/wp-json\/wp\/v2\/product\/146723","targetHints":{"allow":["GET"]}}],"collection":[{"href":"https:\/\/pizbube.ch\/en\/wp-json\/wp\/v2\/product"}],"about":[{"href":"https:\/\/pizbube.ch\/en\/wp-json\/wp\/v2\/types\/product"}],"wp:featuredmedia":[{"embeddable":true,"href":"https:\/\/pizbube.ch\/en\/wp-json\/wp\/v2\/media\/156360"}],"wp:attachment":[{"href":"https:\/\/pizbube.ch\/en\/wp-json\/wp\/v2\/media?parent=146723"}],"wp:term":[{"taxonomy":"product_brand","embeddable":true,"href":"https:\/\/pizbube.ch\/en\/wp-json\/wp\/v2\/product_brand?post=146723"},{"taxonomy":"product_cat","embeddable":true,"href":"https:\/\/pizbube.ch\/en\/wp-json\/wp\/v2\/product_cat?post=146723"},{"taxonomy":"product_tag","embeddable":true,"href":"https:\/\/pizbube.ch\/en\/wp-json\/wp\/v2\/product_tag?post=146723"}],"curies":[{"name":"wp","href":"https:\/\/api.w.org\/{rel}","templated":true}]}}