{"id":146724,"date":"2021-01-15T10:54:10","date_gmt":"2021-01-15T10:54:10","guid":{"rendered":"https:\/\/codengine3.ch\/?product=import-placeholder-for-200091"},"modified":"2023-06-22T10:42:52","modified_gmt":"2023-06-22T08:42:52","slug":"durch-und-durch-simplon","status":"publish","type":"product","link":"https:\/\/pizbube.ch\/en\/shop\/durch-und-durch-simplon\/","title":{"rendered":"Durch und durch Simplon"},"content":{"rendered":"<p>Bergtouren und Geschichten<\/p>\n<p>Ein Outdoor-F\u00fchrer rund um das Simplon-Gebiet. Der \u00fcber 240 starke F\u00fchrer<br \/>\numfasst 63 teilweise unver\u00f6ffentlichte Routen quer durch alle vier<br \/>\nJahreszeiten: Wandern, Klettern und Bergsteigen ebenso wie Skitouren und<br \/>\nEisklettern. Daneben kommen aber auch die weniger sportlichen Leser nicht zu<br \/>\nkurz; Serino, der sieben Jahre in Simplon Dorf gelebt und als K\u00e4ser gearbeitet<br \/>\nhat, erz\u00e4hlt auf unterhaltsame Weise seine Eindr\u00fccke \u00fcber das Leben am<br \/>\nSimplon.<\/p>\n<p>Ein aussergew\u00f6hnlicher F\u00fchrer, der fast wie ein Rezeptbuch Wanderungen, Berg-,<br \/>\nSki- und Radtouren sowie Fels- und Eisklettereien am Simplon auf eine<br \/>\nnat\u00fcrliche Weise vermischt.<\/p>\n<p>63 teils unver\u00f6ffentlichte Touren- und Routen-Vorschl\u00e4ge, die nach<br \/>\nansteigender Schwierigkeit erz\u00e4hlt werden, zusammen mit zahlreichen<br \/>\nAlltagsgeschichten, Interviews und Erinnerungen, die auch Nicht-Bergsteiger<br \/>\ninteressieren k\u00f6nnten. Ein Simplon f\u00fcr Feinschmecker und f\u00fcr diejenigen, die<br \/>\ndiese faszinierende Region in allen vier Jahreszeiten mit alternativem Geist<br \/>\n(wieder) entdecken m\u00f6chten.<\/p>","protected":false},"excerpt":{"rendered":"<p>Bergtouren und Geschichten Ein Outdoor-F\u00fchrer rund um das Simplon-Gebiet. Der \u00fcber 240 starke F\u00fchrer umfasst 63 teilweise unver\u00f6ffentlichte Routen quer durch alle vier Jahreszeiten: Wandern, Klettern und Bergsteigen ebenso wie Skitouren und Eisklettern. Daneben kommen aber auch die weniger sportlichen Leser nicht zu kurz; Serino, der sieben Jahre in Simplon Dorf gelebt und als K\u00e4ser [&#8230;]\n","protected":false},"featured_media":161710,"template":"","meta":[],"product_brand":[],"product_cat":[21544,21540,21539,21605],"product_tag":[],"class_list":{"0":"post-146724","1":"product","2":"type-product","3":"status-publish","4":"has-post-thumbnail","6":"product_cat-fuehrerliteratur-alpin-sommer","7":"product_cat-fuehrerliteratur-alpin-winter","8":"product_cat-fuehrerliteratur-sportklettern-bouldern","9":"product_cat-wanderfuehrer-trekking","10":"pa_autor-serino","11":"pa_erscheinungsjahr-21568","12":"pa_region-schweiz","13":"pa_sprache-de","15":"first","16":"instock","17":"taxable","18":"shipping-taxable","19":"purchasable","20":"product-type-simple"},"_links":{"self":[{"href":"https:\/\/pizbube.ch\/en\/wp-json\/wp\/v2\/product\/146724","targetHints":{"allow":["GET"]}}],"collection":[{"href":"https:\/\/pizbube.ch\/en\/wp-json\/wp\/v2\/product"}],"about":[{"href":"https:\/\/pizbube.ch\/en\/wp-json\/wp\/v2\/types\/product"}],"wp:featuredmedia":[{"embeddable":true,"href":"https:\/\/pizbube.ch\/en\/wp-json\/wp\/v2\/media\/161710"}],"wp:attachment":[{"href":"https:\/\/pizbube.ch\/en\/wp-json\/wp\/v2\/media?parent=146724"}],"wp:term":[{"taxonomy":"product_brand","embeddable":true,"href":"https:\/\/pizbube.ch\/en\/wp-json\/wp\/v2\/product_brand?post=146724"},{"taxonomy":"product_cat","embeddable":true,"href":"https:\/\/pizbube.ch\/en\/wp-json\/wp\/v2\/product_cat?post=146724"},{"taxonomy":"product_tag","embeddable":true,"href":"https:\/\/pizbube.ch\/en\/wp-json\/wp\/v2\/product_tag?post=146724"}],"curies":[{"name":"wp","href":"https:\/\/api.w.org\/{rel}","templated":true}]}}