{"id":146726,"date":"2021-01-15T10:54:10","date_gmt":"2021-01-15T10:54:10","guid":{"rendered":"https:\/\/codengine3.ch\/?product=import-placeholder-for-203591"},"modified":"2021-01-15T14:24:44","modified_gmt":"2021-01-15T14:24:44","slug":"simplon-fletschhorn-trekking","status":"publish","type":"product","link":"https:\/\/pizbube.ch\/en\/shop\/simplon-fletschhorn-trekking\/","title":{"rendered":"Simplon-Fletschhorn-Trekking"},"content":{"rendered":"<p>Auf Grenzpfaden um das Fletschhorn. Umfassend werden Mensch und Landschaft<br \/>\nrund um das Fletschhornmassiv dargestellt: die Wege, die packende Natur, die<br \/>\nVegetationszonen, die Sprachregionen, die offen-herzliche Mentalit\u00e4t der<br \/>\nEinheimischen.<br \/>\nWanderf\u00fchrer. 160 Fotos, 6 \u00dcbersichtspl\u00e4ne, 9 H\u00f6henprofile. 96 S.<\/p>","protected":false},"excerpt":{"rendered":"<p>Auf Grenzpfaden um das Fletschhorn. Umfassend werden Mensch und Landschaft rund um das Fletschhornmassiv dargestellt: die Wege, die packende Natur, die Vegetationszonen, die Sprachregionen, die offen-herzliche Mentalit\u00e4t der Einheimischen. Wanderf\u00fchrer. 160 Fotos, 6 \u00dcbersichtspl\u00e4ne, 9 H\u00f6henprofile. 96 S.<\/p>","protected":false},"featured_media":31234,"template":"","meta":[],"product_brand":[],"product_cat":[21605],"product_tag":[],"class_list":{"0":"post-146726","1":"product","2":"type-product","3":"status-publish","4":"has-post-thumbnail","6":"product_cat-wanderfuehrer-trekking","7":"pa_autor-nanzer","8":"pa_erscheinungsjahr-21920","9":"pa_region-schweiz","10":"pa_sprache-d","11":"pa_sprache-i","13":"first","14":"instock","15":"taxable","16":"shipping-taxable","17":"purchasable","18":"product-type-simple"},"_links":{"self":[{"href":"https:\/\/pizbube.ch\/en\/wp-json\/wp\/v2\/product\/146726","targetHints":{"allow":["GET"]}}],"collection":[{"href":"https:\/\/pizbube.ch\/en\/wp-json\/wp\/v2\/product"}],"about":[{"href":"https:\/\/pizbube.ch\/en\/wp-json\/wp\/v2\/types\/product"}],"wp:featuredmedia":[{"embeddable":true,"href":"https:\/\/pizbube.ch\/en\/wp-json\/wp\/v2\/media\/31234"}],"wp:attachment":[{"href":"https:\/\/pizbube.ch\/en\/wp-json\/wp\/v2\/media?parent=146726"}],"wp:term":[{"taxonomy":"product_brand","embeddable":true,"href":"https:\/\/pizbube.ch\/en\/wp-json\/wp\/v2\/product_brand?post=146726"},{"taxonomy":"product_cat","embeddable":true,"href":"https:\/\/pizbube.ch\/en\/wp-json\/wp\/v2\/product_cat?post=146726"},{"taxonomy":"product_tag","embeddable":true,"href":"https:\/\/pizbube.ch\/en\/wp-json\/wp\/v2\/product_tag?post=146726"}],"curies":[{"name":"wp","href":"https:\/\/api.w.org\/{rel}","templated":true}]}}