{"id":146733,"date":"2021-01-15T10:54:10","date_gmt":"2021-01-15T10:54:10","guid":{"rendered":"https:\/\/codengine3.ch\/?product=import-placeholder-for-204250"},"modified":"2021-01-15T14:31:21","modified_gmt":"2021-01-15T14:31:21","slug":"rom-latium","status":"publish","type":"product","link":"https:\/\/pizbube.ch\/en\/shop\/rom-latium\/","title":{"rendered":"Rom Latium"},"content":{"rendered":"<p>Bolsena-See &#8211; Sabiner Berge &#8211; Albaner Berge<br \/>\nZwischen Meer und Hochgebirge erwarten ihn auf 49 Wanderungen vielf\u00e4ltige<br \/>\nEindr\u00fccke: Schroffe Berge und weite Hochebenen, spektakul\u00e4re Schluchten und<br \/>\ngr\u00fcne T\u00e4ler, Pinienhaine, Kastanienw\u00e4lder und mediterrane Macchia, B\u00e4che,<br \/>\nFl\u00fcsse mit Wasserf\u00e4llen, Vulkanseen und das Meer, mittelalterliche St\u00e4dtchen,<br \/>\nvertr\u00e4umte D\u00f6rfer und winzige Weiler und immer wieder kulturelle Kleinode in<br \/>\ndieser geschichtstr\u00e4chtigen Gegend. Hier ist nichts von der Hektik der nahen<br \/>\nHauptstadt zu sp\u00fcren, Stille und Beschaulichkeit beherrschen das Umland von<br \/>\nRom.<br \/>\nDie Tagestouren, die gr\u00f6\u00dftenteils als Rundwanderungen konzipiert sind, sollen<br \/>\nalle Anspr\u00fcche befriedigen. Neben zwei Stadtspazierg\u00e4ngen in Rom und leichten<br \/>\nSeeumrundungen findet man auch l\u00e4ngere und sogar alpine Wanderungen, die<br \/>\njedoch ohne spezielle Ausr\u00fcstung zu bew\u00e4ltigen sind. Dabei wurde darauf<br \/>\ngeachtet, dass genug Zeit bleibt, die Sehensw\u00fcrdigkeiten am Wege mit Mu\u00dfe<br \/>\nbetrachten zu k\u00f6nnen.<br \/>\n2. vollst. neu bearbeit. Auflg. 2013<\/p>","protected":false},"excerpt":{"rendered":"<p>Bolsena-See &#8211; Sabiner Berge &#8211; Albaner Berge Zwischen Meer und Hochgebirge erwarten ihn auf 49 Wanderungen vielf\u00e4ltige Eindr\u00fccke: Schroffe Berge und weite Hochebenen, spektakul\u00e4re Schluchten und gr\u00fcne T\u00e4ler, Pinienhaine, Kastanienw\u00e4lder und mediterrane Macchia, B\u00e4che, Fl\u00fcsse mit Wasserf\u00e4llen, Vulkanseen und das Meer, mittelalterliche St\u00e4dtchen, vertr\u00e4umte D\u00f6rfer und winzige Weiler und immer wieder kulturelle Kleinode in dieser [&#8230;]\n","protected":false},"featured_media":40427,"template":"","meta":[],"product_brand":[],"product_cat":[21605],"product_tag":[],"class_list":{"0":"post-146733","1":"product","2":"type-product","3":"status-publish","4":"has-post-thumbnail","6":"product_cat-wanderfuehrer-trekking","7":"pa_autor-frank","8":"pa_erscheinungsjahr-21568","9":"pa_region-italien","10":"pa_sprache-de","12":"first","13":"instock","14":"taxable","15":"shipping-taxable","16":"purchasable","17":"product-type-simple"},"_links":{"self":[{"href":"https:\/\/pizbube.ch\/en\/wp-json\/wp\/v2\/product\/146733","targetHints":{"allow":["GET"]}}],"collection":[{"href":"https:\/\/pizbube.ch\/en\/wp-json\/wp\/v2\/product"}],"about":[{"href":"https:\/\/pizbube.ch\/en\/wp-json\/wp\/v2\/types\/product"}],"wp:featuredmedia":[{"embeddable":true,"href":"https:\/\/pizbube.ch\/en\/wp-json\/wp\/v2\/media\/40427"}],"wp:attachment":[{"href":"https:\/\/pizbube.ch\/en\/wp-json\/wp\/v2\/media?parent=146733"}],"wp:term":[{"taxonomy":"product_brand","embeddable":true,"href":"https:\/\/pizbube.ch\/en\/wp-json\/wp\/v2\/product_brand?post=146733"},{"taxonomy":"product_cat","embeddable":true,"href":"https:\/\/pizbube.ch\/en\/wp-json\/wp\/v2\/product_cat?post=146733"},{"taxonomy":"product_tag","embeddable":true,"href":"https:\/\/pizbube.ch\/en\/wp-json\/wp\/v2\/product_tag?post=146733"}],"curies":[{"name":"wp","href":"https:\/\/api.w.org\/{rel}","templated":true}]}}