{"id":146736,"date":"2021-01-15T10:54:10","date_gmt":"2021-01-15T10:54:10","guid":{"rendered":"https:\/\/codengine3.ch\/?product=import-placeholder-for-201725"},"modified":"2021-01-15T12:04:04","modified_gmt":"2021-01-15T12:04:04","slug":"peru-die-schoensten-wanderungen-und-trekkingtouren","status":"publish","type":"product","link":"https:\/\/pizbube.ch\/en\/shop\/peru-die-schoensten-wanderungen-und-trekkingtouren\/","title":{"rendered":"Peru &#8211; Die sch\u00f6nsten Wanderungen und Trekkingtouren"},"content":{"rendered":"<p>Kaum ein anderes lateinamerikanisches Land weist solch eine Vielfalt an<br \/>\nunterschiedlichsten Landschaftsformen auf wie Peru. Die Palette der<br \/>\ngeografischen Gegens\u00e4tze vereint alle Klimazonen der Erde und reicht vonder<br \/>\n2800 km langen Pazifikk\u00fcste zu den nahen, bis auf fast 6800 Meter H\u00f6he<br \/>\naufragenden Andengipfeln, den endlosen Weiten des rauen Altiplano mit einer<br \/>\ndurchschnittlichen H\u00f6he von 4000 Metern, der spektakul\u00e4ren Hochw\u00fcste im S\u00fcden<br \/>\ndes Landes, die mit eisbedeckten, teilweise noch aktiven Vulkanen gespickt ist<br \/>\n\u2013 einige ebenfalls \u00fcber 6000 Meter hoch \u2013,bis hinab ins feuchthei\u00dfe Tiefland<br \/>\ndes Amazonasbeckens, das zwei Drittel der Landesfl\u00e4che Perus einnimmt. Das<br \/>\nalles ist zus\u00e4tzlich geschm\u00fcckt mit einer reichhaltigen exotischen Flora und<br \/>\nFauna, prunkvollen Kolonialbauten, farbenpr\u00e4chtigen M\u00e4rkten und nat\u00fcrlich der<br \/>\nallgegenw\u00e4rtigen Inkakultur.  <\/p>\n<p>So vielf\u00e4ltig wie die Landschaftsformen sind auch die Wanderm\u00f6glichkeiten in<br \/>\nPeru. Von gem\u00fctlichen, familientauglichen Spazierg\u00e4ngen entlang malerischer<br \/>\nSeen bis zu anspruchsvollen mehrt\u00e4gigen Trekkingrouten durch einsame Gebirge<br \/>\nmit 5000 Meter hohen P\u00e4ssen und beeindruckenden Gletschern findet sich f\u00fcr<br \/>\njeden Geschmack die passende Tour.  <\/p>\n<p>Der Autor Oskar E. Busch, durch jahrzehntelange Reisen zu den Bergen<br \/>\nS\u00fcdamerikas ein ausgewiesener Kenner der peruanischen Anden, hat aus diesem<br \/>\nbreiten Spektrum 62 der sch\u00f6nsten Touren ausgew\u00e4hlt und in der bew\u00e4hrten Form<br \/>\nder Rother Wanderf\u00fchrer aufbereitet: Ausf\u00fchrliche Routenbeschreibungen sowie<br \/>\ndetaillierte Wanderk\u00e4rtchen mit eingezeichnetem Routenverlauf und<br \/>\naussagekr\u00e4ftige H\u00f6henprofile, dazu jede Menge Informationen zu Anreise und<br \/>\nInfrastruktur erleichtern die Planung und Durchf\u00fchrung der Touren und machen<br \/>\ndieses Buch zu einem unverzichtbaren Begleiter f\u00fcr einen (Wander-)Urlaub in<br \/>\nPeru.<\/p>\n<p>272 Seiten mit 150 Farbabbildungen, 62 H\u00f6henprofile, 62 Wanderk\u00e4rtchen im<br \/>\nMa\u00dfstab 1:25.000 bis 1:200.000, zwei \u00dcbersichtskarten<br \/>\n2. aktual. Auflage 2019  <\/p>","protected":false},"excerpt":{"rendered":"<ul>\n<li><a href=\"https:\/\/pizbube.ch\/wp-content\/uploads\/attachments\/a_029\/D622BB74C4DE37A3A2B004F751342B00.pdf\" target=\"_blank\" rel=\"noopener\">PDF: Peru_Inhalt<\/a><\/li>\n<\/ul>","protected":false},"featured_media":40040,"template":"","meta":[],"product_brand":[],"product_cat":[21605],"product_tag":[],"class_list":{"0":"post-146736","1":"product","2":"type-product","3":"status-publish","4":"has-post-thumbnail","6":"product_cat-wanderfuehrer-trekking","7":"pa_autor-busch","8":"pa_erscheinungsjahr-21586","9":"pa_region-amerika-sued","10":"pa_sprache-de","12":"first","13":"instock","14":"taxable","15":"shipping-taxable","16":"purchasable","17":"product-type-simple"},"_links":{"self":[{"href":"https:\/\/pizbube.ch\/en\/wp-json\/wp\/v2\/product\/146736","targetHints":{"allow":["GET"]}}],"collection":[{"href":"https:\/\/pizbube.ch\/en\/wp-json\/wp\/v2\/product"}],"about":[{"href":"https:\/\/pizbube.ch\/en\/wp-json\/wp\/v2\/types\/product"}],"wp:featuredmedia":[{"embeddable":true,"href":"https:\/\/pizbube.ch\/en\/wp-json\/wp\/v2\/media\/40040"}],"wp:attachment":[{"href":"https:\/\/pizbube.ch\/en\/wp-json\/wp\/v2\/media?parent=146736"}],"wp:term":[{"taxonomy":"product_brand","embeddable":true,"href":"https:\/\/pizbube.ch\/en\/wp-json\/wp\/v2\/product_brand?post=146736"},{"taxonomy":"product_cat","embeddable":true,"href":"https:\/\/pizbube.ch\/en\/wp-json\/wp\/v2\/product_cat?post=146736"},{"taxonomy":"product_tag","embeddable":true,"href":"https:\/\/pizbube.ch\/en\/wp-json\/wp\/v2\/product_tag?post=146736"}],"curies":[{"name":"wp","href":"https:\/\/api.w.org\/{rel}","templated":true}]}}