{"id":146739,"date":"2021-01-15T10:54:10","date_gmt":"2021-01-15T10:54:10","guid":{"rendered":"https:\/\/codengine3.ch\/?product=import-placeholder-for-200783"},"modified":"2022-02-11T10:40:39","modified_gmt":"2022-02-11T09:40:39","slug":"cordillera-huayhuash-1-50000","status":"publish","type":"product","link":"https:\/\/pizbube.ch\/en\/shop\/cordillera-huayhuash-1-50000\/","title":{"rendered":"Cordillera Huayhuash 1: 50&#8217;000"},"content":{"rendered":"<p>Trekkingkarte, mit kompletter Runde um die Cord. Huayhuash<br \/>\nerg\u00e4nzt und komplett \u00fcberarbeitet;<br \/>\nAusgabe 2008<\/p>\n<p>Kartengrundlage vom Instituto Geogr\u00e1fico Nacional, Lima-Per\u00fa (amtliche<br \/>\nperuanische Karte).<\/p>\n<p>H\u00f6henlinienabstand: 25m<br \/>\nAnzahl der Farben: 8<br \/>\nFormat des Karteninhalts: 58,3 cm x 73,1 cm<br \/>\nGletscherstand: 2003 \/ 2004<\/p>","protected":false},"excerpt":{"rendered":"<p>Trekkingkarte, mit kompletter Runde um die Cord. Huayhuash erg\u00e4nzt und komplett \u00fcberarbeitet; Ausgabe 2008 Kartengrundlage vom Instituto Geogr\u00e1fico Nacional, Lima-Per\u00fa (amtliche peruanische Karte). H\u00f6henlinienabstand: 25m Anzahl der Farben: 8 Format des Karteninhalts: 58,3 cm x 73,1 cm Gletscherstand: 2003 \/ 2004<\/p>","protected":false},"featured_media":160683,"template":"","meta":[],"product_brand":[],"product_cat":[21543],"product_tag":[],"class_list":{"0":"post-146739","1":"product","2":"type-product","3":"status-publish","4":"has-post-thumbnail","6":"product_cat-landkarten","7":"pa_autor-alpenverein-dav-2","8":"pa_erscheinungsjahr-21591","9":"pa_region-amerika-sued","10":"pa_sprache-de","12":"first","13":"instock","14":"taxable","15":"shipping-taxable","16":"purchasable","17":"product-type-simple"},"_links":{"self":[{"href":"https:\/\/pizbube.ch\/en\/wp-json\/wp\/v2\/product\/146739","targetHints":{"allow":["GET"]}}],"collection":[{"href":"https:\/\/pizbube.ch\/en\/wp-json\/wp\/v2\/product"}],"about":[{"href":"https:\/\/pizbube.ch\/en\/wp-json\/wp\/v2\/types\/product"}],"wp:featuredmedia":[{"embeddable":true,"href":"https:\/\/pizbube.ch\/en\/wp-json\/wp\/v2\/media\/160683"}],"wp:attachment":[{"href":"https:\/\/pizbube.ch\/en\/wp-json\/wp\/v2\/media?parent=146739"}],"wp:term":[{"taxonomy":"product_brand","embeddable":true,"href":"https:\/\/pizbube.ch\/en\/wp-json\/wp\/v2\/product_brand?post=146739"},{"taxonomy":"product_cat","embeddable":true,"href":"https:\/\/pizbube.ch\/en\/wp-json\/wp\/v2\/product_cat?post=146739"},{"taxonomy":"product_tag","embeddable":true,"href":"https:\/\/pizbube.ch\/en\/wp-json\/wp\/v2\/product_tag?post=146739"}],"curies":[{"name":"wp","href":"https:\/\/api.w.org\/{rel}","templated":true}]}}