{"id":146741,"date":"2021-01-15T10:54:10","date_gmt":"2021-01-15T10:54:10","guid":{"rendered":"https:\/\/codengine3.ch\/?product=import-placeholder-for-203495"},"modified":"2021-01-15T14:23:49","modified_gmt":"2021-01-15T14:23:49","slug":"sommets-incas-les-plus-belles-courses-des-andes","status":"publish","type":"product","link":"https:\/\/pizbube.ch\/en\/shop\/sommets-incas-les-plus-belles-courses-des-andes\/","title":{"rendered":"Sommets incas Les plus belles courses des Andes"},"content":{"rendered":"<p>Ce livre est le fruit d&#8217;une double ambition : pr\u00e9senter les ascensions faciles<br \/>\nles plus classiques sur les grands sommets de la Cordill\u00e8re des Andes sans les<br \/>\ndissocier de leur histoire et de leur environnement.  <\/p>\n<p>De l&#8217;\u00c9quateur au sud de la Bolivie en passant par le P\u00e9rou, on parle encore le<br \/>\nQuechua, lien de la culture inca toujours pr\u00e9sente. Les nombreux t\u00e9moignages<br \/>\nde cette civilisation passionnante confirment que les sommets andins \u00e9taient<br \/>\ndes montagnes sacr\u00e9es, que les Incas escaladaient \u00e0 des fins rituelles. Les<br \/>\nauteurs, forts de leur exp\u00e9rience personnelle, ont tent\u00e9 de replacer chaque<br \/>\nascension dans son contexte pour la transformer en une aventure humaine.  <\/p>\n<p>Les superbes photos de Patrick Wagnon illustrent ces propos tour \u00e0 tour<br \/>\nculturels, historiques, scientifiques ou sportifs.<br \/>\nUne fiche technique par sommet et un croquis pour les ascensions les plus<br \/>\ncomplexes apportent l&#8217;aspect pratique propre \u00e0 la collection.  <\/p>","protected":false},"excerpt":{"rendered":"<p>Ce livre est le fruit d&#8217;une double ambition : pr\u00e9senter les ascensions faciles les plus classiques sur les grands sommets de la Cordill\u00e8re des Andes sans les dissocier de leur histoire et de leur environnement. De l&#8217;\u00c9quateur au sud de la Bolivie en passant par le P\u00e9rou, on parle encore le Quechua, lien de la [&#8230;]\n","protected":false},"featured_media":31112,"template":"","meta":[],"product_brand":[],"product_cat":[21544],"product_tag":[],"class_list":{"0":"post-146741","1":"product","2":"type-product","3":"status-publish","4":"has-post-thumbnail","6":"product_cat-fuehrerliteratur-alpin-sommer","7":"pa_autor-wagnon-pawlak","8":"pa_erscheinungsjahr-21920","9":"pa_region-amerika-sued","10":"pa_sprache-fr","12":"first","13":"instock","14":"taxable","15":"shipping-taxable","16":"purchasable","17":"product-type-simple"},"_links":{"self":[{"href":"https:\/\/pizbube.ch\/en\/wp-json\/wp\/v2\/product\/146741","targetHints":{"allow":["GET"]}}],"collection":[{"href":"https:\/\/pizbube.ch\/en\/wp-json\/wp\/v2\/product"}],"about":[{"href":"https:\/\/pizbube.ch\/en\/wp-json\/wp\/v2\/types\/product"}],"wp:featuredmedia":[{"embeddable":true,"href":"https:\/\/pizbube.ch\/en\/wp-json\/wp\/v2\/media\/31112"}],"wp:attachment":[{"href":"https:\/\/pizbube.ch\/en\/wp-json\/wp\/v2\/media?parent=146741"}],"wp:term":[{"taxonomy":"product_brand","embeddable":true,"href":"https:\/\/pizbube.ch\/en\/wp-json\/wp\/v2\/product_brand?post=146741"},{"taxonomy":"product_cat","embeddable":true,"href":"https:\/\/pizbube.ch\/en\/wp-json\/wp\/v2\/product_cat?post=146741"},{"taxonomy":"product_tag","embeddable":true,"href":"https:\/\/pizbube.ch\/en\/wp-json\/wp\/v2\/product_tag?post=146741"}],"curies":[{"name":"wp","href":"https:\/\/api.w.org\/{rel}","templated":true}]}}