{"id":146742,"date":"2021-01-15T10:54:10","date_gmt":"2021-01-15T10:54:10","guid":{"rendered":"https:\/\/codengine3.ch\/?product=import-placeholder-for-206277"},"modified":"2021-01-15T14:47:47","modified_gmt":"2021-01-15T14:47:47","slug":"peru-14-trekkings-y-45-ascensiones","status":"publish","type":"product","link":"https:\/\/pizbube.ch\/en\/shop\/peru-14-trekkings-y-45-ascensiones\/","title":{"rendered":"Per\u00fa &#8211; 14 trekkings y 45 ascensiones"},"content":{"rendered":"<p>Completa gu\u00eda del pa\u00eds sudamericano m\u00e1s monta\u00f1oso, que nos presenta por medio<br \/>\nde motivadoras fotos a todo color, croquis de ascenso sobre fotograf\u00edas y<br \/>\ndetallados mapas, m\u00e1s de cincuenta actividades \u2013entre trekkings y ascensiones\u2013<br \/>\npara realizar por sus seis cordilleras principales: Cordillera Blanca,<br \/>\nHuayhuash, Central, Vilnacota y la Raya, Urubamba y Vilcabamba y Arequipa.  <\/p>\n<p>Adem\u00e1s de las m\u00e1s conocidas escaladas a las monta\u00f1as de la Cordillera Blanca<br \/>\n(nevados Huascar\u00e1n, Urus, Ishinca, trekking de Santa Cruz y del Alpamayo&#8216;) o<br \/>\ndel muy transitado aunque imprescindible Camino del Inca (incluyendo la<br \/>\nascensi\u00f3n al cerro Huayna Picchu y otras alternativas cercanas), este libro<br \/>\nnos adentra en los recovecos del pa\u00eds andino, descubriendo la grandeza de la<br \/>\ncordillera de Huayhuash \u2013con sus impresionantes picos y contraste de colores\u2013<br \/>\nas\u00ed como lo profundo del Ca\u00f1\u00f3n del Colca, el venerado volc\u00e1n Misti o el<br \/>\ntrekking del Amazonas en las cordilleras de Arequipa. Si lo que buscas es m\u00e1s<br \/>\nsoledad, la cordillera Vilnacota con la monta\u00f1a sagrada de los incas, el<br \/>\nAusangate, cumplir\u00e1 tus expectativas, as\u00ed como la vecina Cordillera Central,<br \/>\nm\u00e1s cercana a Lima y casi desconocida para los extranjeros.<br \/>\nCon explicaciones precisas y todos los datos pr\u00e1cticos necesarios para<br \/>\nrealizar las ascensiones y los trekkings, esta gu\u00eda nos acerca los<br \/>\nmaravillosos paisajes peruanos, y nos anima a recorrer sus caminos y subir sus<br \/>\nmonta\u00f1as.  <\/p>","protected":false},"excerpt":{"rendered":"<p>Completa gu\u00eda del pa\u00eds sudamericano m\u00e1s monta\u00f1oso, que nos presenta por medio de motivadoras fotos a todo color, croquis de ascenso sobre fotograf\u00edas y detallados mapas, m\u00e1s de cincuenta actividades \u2013entre trekkings y ascensiones\u2013 para realizar por sus seis cordilleras principales: Cordillera Blanca, Huayhuash, Central, Vilnacota y la Raya, Urubamba y Vilcabamba y Arequipa. Adem\u00e1s [&#8230;]\n","protected":false},"featured_media":35261,"template":"","meta":[],"product_brand":[],"product_cat":[21544],"product_tag":[],"class_list":{"0":"post-146742","1":"product","2":"type-product","3":"status-publish","4":"has-post-thumbnail","6":"product_cat-fuehrerliteratur-alpin-sommer","7":"pa_autor-taura-riera","8":"pa_erscheinungsjahr-21830","9":"pa_region-amerika-sued","10":"pa_sprache-sp","12":"first","13":"instock","14":"taxable","15":"shipping-taxable","16":"purchasable","17":"product-type-simple"},"_links":{"self":[{"href":"https:\/\/pizbube.ch\/en\/wp-json\/wp\/v2\/product\/146742","targetHints":{"allow":["GET"]}}],"collection":[{"href":"https:\/\/pizbube.ch\/en\/wp-json\/wp\/v2\/product"}],"about":[{"href":"https:\/\/pizbube.ch\/en\/wp-json\/wp\/v2\/types\/product"}],"wp:featuredmedia":[{"embeddable":true,"href":"https:\/\/pizbube.ch\/en\/wp-json\/wp\/v2\/media\/35261"}],"wp:attachment":[{"href":"https:\/\/pizbube.ch\/en\/wp-json\/wp\/v2\/media?parent=146742"}],"wp:term":[{"taxonomy":"product_brand","embeddable":true,"href":"https:\/\/pizbube.ch\/en\/wp-json\/wp\/v2\/product_brand?post=146742"},{"taxonomy":"product_cat","embeddable":true,"href":"https:\/\/pizbube.ch\/en\/wp-json\/wp\/v2\/product_cat?post=146742"},{"taxonomy":"product_tag","embeddable":true,"href":"https:\/\/pizbube.ch\/en\/wp-json\/wp\/v2\/product_tag?post=146742"}],"curies":[{"name":"wp","href":"https:\/\/api.w.org\/{rel}","templated":true}]}}