{"id":146745,"date":"2021-01-15T10:54:10","date_gmt":"2021-01-15T10:54:10","guid":{"rendered":"https:\/\/codengine3.ch\/?product=import-placeholder-for-200095"},"modified":"2021-01-15T10:54:14","modified_gmt":"2021-01-15T10:54:14","slug":"meine-steinige-heimat","status":"publish","type":"product","link":"https:\/\/pizbube.ch\/en\/shop\/meine-steinige-heimat\/","title":{"rendered":"Meine steinige Heimat"},"content":{"rendered":"<p>Berggeschichten aus Tirol  <\/p>\n<p>Wenn einer wie Walter Klier auszieht in die heimischen Berge der \u00d6tztaler,<br \/>\nStubaier und Zillertaler Alpen, des Rofans oder Karwendelgebirges, in diese<br \/>\nsteinige Heimat mit ihrer un\u00fcberschaubaren Vielfalt an Gipfeln, Graten und<br \/>\nKaren, um neben dem Aus\u00fcben des eigenen privaten Freizeitvergn\u00fcgens quasi in<br \/>\ndienstlichem Auftrag von deren Beschaffenheit und ihrem Zustand zu berichten,<br \/>\ndarf sich der Leser freuen auf ein Bergerlebnis der besonderen Art. Gleich ob<br \/>\ner die den Einheimischen eigent\u00fcmliche Liebe zum br\u00fcchigen Fels des Karwendels<br \/>\nund der Kalkk\u00f6gel thematisiert, \u00fcber die Eigenheiten der St\u00e4dter im Gebirge<br \/>\noder enthemmte G\u00e4msen philosophiert oder kuriose Gegebenheiten der<br \/>\ninneralpinen T\u00e4ler beschreibt: Selten wird von den Tiroler Bergen und dem<br \/>\nBesteigen derselben so kenntnisreich, unterhaltsam, witzig und klug erz\u00e4hlt<br \/>\nwie in den Texten von Walter Klier.  <\/p>\n<p>Nach dem gro\u00dfen Erfolg der von ihm herausgegebenen Anthologie &#171;Wo die wilden<br \/>\nHunde wohnen. Klettergeschichten aus Tirol&#187; (3. Auflage) versammelt er nun in<br \/>\ndiesem Buch erstmals seine besten Berggeschichten aus Tirol Reportagen,<br \/>\nErz\u00e4hlungen und Essays in einem eigenen, mit farbigen Bergbildern des Malers<br \/>\nWalter Klier illustrierten Band.<\/p>","protected":false},"excerpt":{"rendered":"<p>Berggeschichten aus Tirol Wenn einer wie Walter Klier auszieht in die heimischen Berge der \u00d6tztaler, Stubaier und Zillertaler Alpen, des Rofans oder Karwendelgebirges, in diese steinige Heimat mit ihrer un\u00fcberschaubaren Vielfalt an Gipfeln, Graten und Karen, um neben dem Aus\u00fcben des eigenen privaten Freizeitvergn\u00fcgens quasi in dienstlichem Auftrag von deren Beschaffenheit und ihrem Zustand zu [&#8230;]\n","protected":false},"featured_media":25904,"template":"","meta":[],"product_brand":[],"product_cat":[21629],"product_tag":[],"class_list":{"0":"post-146745","1":"product","2":"type-product","3":"status-publish","4":"has-post-thumbnail","6":"product_cat-belletristik","7":"pa_autor-klier","8":"pa_erscheinungsjahr-21621","9":"pa_region-oesterreich","10":"pa_sprache-de","12":"first","13":"instock","14":"taxable","15":"shipping-taxable","16":"purchasable","17":"product-type-simple"},"_links":{"self":[{"href":"https:\/\/pizbube.ch\/en\/wp-json\/wp\/v2\/product\/146745","targetHints":{"allow":["GET"]}}],"collection":[{"href":"https:\/\/pizbube.ch\/en\/wp-json\/wp\/v2\/product"}],"about":[{"href":"https:\/\/pizbube.ch\/en\/wp-json\/wp\/v2\/types\/product"}],"wp:featuredmedia":[{"embeddable":true,"href":"https:\/\/pizbube.ch\/en\/wp-json\/wp\/v2\/media\/25904"}],"wp:attachment":[{"href":"https:\/\/pizbube.ch\/en\/wp-json\/wp\/v2\/media?parent=146745"}],"wp:term":[{"taxonomy":"product_brand","embeddable":true,"href":"https:\/\/pizbube.ch\/en\/wp-json\/wp\/v2\/product_brand?post=146745"},{"taxonomy":"product_cat","embeddable":true,"href":"https:\/\/pizbube.ch\/en\/wp-json\/wp\/v2\/product_cat?post=146745"},{"taxonomy":"product_tag","embeddable":true,"href":"https:\/\/pizbube.ch\/en\/wp-json\/wp\/v2\/product_tag?post=146745"}],"curies":[{"name":"wp","href":"https:\/\/api.w.org\/{rel}","templated":true}]}}