{"id":146746,"date":"2021-01-15T10:54:10","date_gmt":"2021-01-15T10:54:10","guid":{"rendered":"https:\/\/codengine3.ch\/?product=import-placeholder-for-205831"},"modified":"2021-01-15T14:44:18","modified_gmt":"2021-01-15T14:44:18","slug":"wo-die-wilden-hunde-wohnen","status":"publish","type":"product","link":"https:\/\/pizbube.ch\/en\/shop\/wo-die-wilden-hunde-wohnen\/","title":{"rendered":"Wo die wilden Hunde wohnen"},"content":{"rendered":"<p>Klettergeschichten aus Tirol  <\/p>\n<p>Sie waren jung und wild und hatten f\u00fcr nichts Zeit &#8211; au\u00dfer zum Klettern. Viel<br \/>\nsp\u00e4ter erst schreibt der eine oder andere auf, was er erlebt hat: Davon<br \/>\nhandelt dieses Buch. Lauter wahre Geschichten, so unglaublich sie manchmal<br \/>\nklingen m\u00f6gen, die nicht nur von br\u00fcchigen Griffen, ungeheuren \u00dcberh\u00e4ngen und<br \/>\nvertikalen Abenteuern handeln, sondern auch vom unkonventionellen Leben, das<br \/>\ndiese &#8218;wilden Hunde&#8216; f\u00fchrten.  <\/p>\n<p>192 S., m. 16-seitigem Bildteil; Klappenbroschur  <\/p>","protected":false},"excerpt":{"rendered":"<p>Klettergeschichten aus Tirol Sie waren jung und wild und hatten f\u00fcr nichts Zeit &#8211; au\u00dfer zum Klettern. Viel sp\u00e4ter erst schreibt der eine oder andere auf, was er erlebt hat: Davon handelt dieses Buch. Lauter wahre Geschichten, so unglaublich sie manchmal klingen m\u00f6gen, die nicht nur von br\u00fcchigen Griffen, ungeheuren \u00dcberh\u00e4ngen und vertikalen Abenteuern handeln, [&#8230;]\n","protected":false},"featured_media":34662,"template":"","meta":[],"product_brand":[],"product_cat":[21629],"product_tag":[],"class_list":{"0":"post-146746","1":"product","2":"type-product","3":"status-publish","4":"has-post-thumbnail","6":"product_cat-belletristik","7":"pa_autor-klier-koehler-hrsg","8":"pa_erscheinungsjahr-21693","9":"pa_region-oesterreich","10":"pa_sprache-de","12":"first","13":"instock","14":"taxable","15":"shipping-taxable","16":"purchasable","17":"product-type-simple"},"_links":{"self":[{"href":"https:\/\/pizbube.ch\/en\/wp-json\/wp\/v2\/product\/146746","targetHints":{"allow":["GET"]}}],"collection":[{"href":"https:\/\/pizbube.ch\/en\/wp-json\/wp\/v2\/product"}],"about":[{"href":"https:\/\/pizbube.ch\/en\/wp-json\/wp\/v2\/types\/product"}],"wp:featuredmedia":[{"embeddable":true,"href":"https:\/\/pizbube.ch\/en\/wp-json\/wp\/v2\/media\/34662"}],"wp:attachment":[{"href":"https:\/\/pizbube.ch\/en\/wp-json\/wp\/v2\/media?parent=146746"}],"wp:term":[{"taxonomy":"product_brand","embeddable":true,"href":"https:\/\/pizbube.ch\/en\/wp-json\/wp\/v2\/product_brand?post=146746"},{"taxonomy":"product_cat","embeddable":true,"href":"https:\/\/pizbube.ch\/en\/wp-json\/wp\/v2\/product_cat?post=146746"},{"taxonomy":"product_tag","embeddable":true,"href":"https:\/\/pizbube.ch\/en\/wp-json\/wp\/v2\/product_tag?post=146746"}],"curies":[{"name":"wp","href":"https:\/\/api.w.org\/{rel}","templated":true}]}}