{"id":146747,"date":"2021-01-15T10:54:11","date_gmt":"2021-01-15T10:54:11","guid":{"rendered":"https:\/\/codengine3.ch\/?product=import-placeholder-for-207172"},"modified":"2021-09-11T13:22:34","modified_gmt":"2021-09-11T11:22:34","slug":"austria-alpin","status":"publish","type":"product","link":"https:\/\/pizbube.ch\/en\/shop\/austria-alpin\/","title":{"rendered":"Austria alpin"},"content":{"rendered":"<p>Die gro\u00dfen Gipfel in \u00d6sterreich<\/p>\n<p>Eine fotografische Hymne an das Land der Berge und der Bergsteiger<br \/>\n\u00d6sterreich ist das Land der Berge, 60 Prozent seiner Fl\u00e4che sind von<br \/>\nGebirgsz\u00fcgen bedeckt. Ein echtes Paradies f\u00fcr Wanderer, Kletterer, Bergsteiger<br \/>\nund Skitourengeher.<br \/>\n&#8218;Austria alpin&#8216; vereinigt dabei alles, was Alpinistenherzen h\u00f6her schlagen<br \/>\nl\u00e4sst: weite Gletscher, steile Firne, himmelstrebende Grate und W\u00e4nde mit<br \/>\ngriffigem Fels. Aus der unersch\u00f6pflichen Vielfalt pr\u00e4sentiert dieser Bildband<br \/>\nsechzig der h\u00f6chsten und ber\u00fchmtesten Gipfel in ihrer ganzen Gr\u00f6\u00dfe und<br \/>\nSch\u00f6nheit.<\/p>\n<p>Darunter nat\u00fcrlich die nationale Bergprominenz wie Dachstein, Gro\u00dfglockner,<br \/>\nGro\u00dfvenediger, Hochfeiler, Zuckerh\u00fctl oder die \u00d6tztaler Wildspitze, aber auch<br \/>\nregionale Gr\u00f6\u00dfen wie Hochschwab, Hochtor und Grimming, Ankogel und Birnhorn,<br \/>\ndie Parseierspitze, Ellmauer Halt oder das Silvrettahorn.<\/p>\n<p>Vorgestellt werden dabei in der Regel die Normalwege f\u00fcr Sommer und Winter,<br \/>\naber auch klassische Routen, die zu den sch\u00f6nsten und erlebnisreichsten in den<br \/>\nAlpen z\u00e4hlen. Einzigartige, gro\u00dfformatige Abbildungen und informative Texte<br \/>\nlassen die Berge hautnah und unmittelbar erleben. Ein echtes Traumtourenbuch<br \/>\nf\u00fcr Genussbergsteiger und Gipfelsammler mit Zielen f\u00fcr ein ganzes<br \/>\nBergsteigerleben.<\/p>\n<p>2. aktualis. Auflage 2014<\/p>","protected":false},"excerpt":{"rendered":"<p>Die gro\u00dfen Gipfel in \u00d6sterreich Eine fotografische Hymne an das Land der Berge und der Bergsteiger \u00d6sterreich ist das Land der Berge, 60 Prozent seiner Fl\u00e4che sind von Gebirgsz\u00fcgen bedeckt. Ein echtes Paradies f\u00fcr Wanderer, Kletterer, Bergsteiger und Skitourengeher. &#8218;Austria alpin&#8216; vereinigt dabei alles, was Alpinistenherzen h\u00f6her schlagen l\u00e4sst: weite Gletscher, steile Firne, himmelstrebende Grate [&#8230;]\n","protected":false},"featured_media":36800,"template":"","meta":[],"product_brand":[],"product_cat":[21544],"product_tag":[],"class_list":{"0":"post-146747","1":"product","2":"type-product","3":"status-publish","4":"has-post-thumbnail","6":"product_cat-fuehrerliteratur-alpin-sommer","7":"pa_autor-raffalt-ritschel-demmel","8":"pa_erscheinungsjahr-21550","9":"pa_region-oesterreich","10":"pa_sprache-de","12":"first","13":"instock","14":"taxable","15":"shipping-taxable","16":"purchasable","17":"product-type-simple"},"_links":{"self":[{"href":"https:\/\/pizbube.ch\/en\/wp-json\/wp\/v2\/product\/146747","targetHints":{"allow":["GET"]}}],"collection":[{"href":"https:\/\/pizbube.ch\/en\/wp-json\/wp\/v2\/product"}],"about":[{"href":"https:\/\/pizbube.ch\/en\/wp-json\/wp\/v2\/types\/product"}],"wp:featuredmedia":[{"embeddable":true,"href":"https:\/\/pizbube.ch\/en\/wp-json\/wp\/v2\/media\/36800"}],"wp:attachment":[{"href":"https:\/\/pizbube.ch\/en\/wp-json\/wp\/v2\/media?parent=146747"}],"wp:term":[{"taxonomy":"product_brand","embeddable":true,"href":"https:\/\/pizbube.ch\/en\/wp-json\/wp\/v2\/product_brand?post=146747"},{"taxonomy":"product_cat","embeddable":true,"href":"https:\/\/pizbube.ch\/en\/wp-json\/wp\/v2\/product_cat?post=146747"},{"taxonomy":"product_tag","embeddable":true,"href":"https:\/\/pizbube.ch\/en\/wp-json\/wp\/v2\/product_tag?post=146747"}],"curies":[{"name":"wp","href":"https:\/\/api.w.org\/{rel}","templated":true}]}}