{"id":146748,"date":"2021-01-15T10:54:11","date_gmt":"2021-01-15T10:54:11","guid":{"rendered":"https:\/\/codengine3.ch\/?product=import-placeholder-for-207151"},"modified":"2021-01-15T14:55:37","modified_gmt":"2021-01-15T14:55:37","slug":"gipfelkreuze-in-tirol","status":"publish","type":"product","link":"https:\/\/pizbube.ch\/en\/shop\/gipfelkreuze-in-tirol\/","title":{"rendered":"Gipfelkreuze in Tirol"},"content":{"rendered":"<p>Eine Kulturgeschichte mit Gegenwartsbezug  <\/p>\n<p>Gipfelkreuze sind Symbole des christlichen Glaubens und markieren die h\u00f6chsten<br \/>\nPunkte der Berge. Als Zeichen kollektiver oder individueller religi\u00f6ser<br \/>\nHandlungen erm\u00f6glichen sie uns Einblicke in die Glaubenswelten der Menschen.<br \/>\nWer stellt \u00fcberhaupt Gipfelkreuze auf? Und warum tun das die Menschen? Wie<br \/>\npasst dieses Ph\u00e4nomen in eine Zeit der S\u00e4kularisierung? Als j\u00fcngste kulturell-<br \/>\nreligi\u00f6se Erscheinung auf den Gipfeln werden heute an den Kreuzen immer \u00f6fter<br \/>\nbuddhistische Gebetsfahnen befestigt; ja selbst die Ablehnung von<br \/>\nGipfelkreuzaufstellungen ist ein nicht zu \u00fcbersehendes Begleitph\u00e4nomen.  <\/p>\n<p>Auf alle diese Fragen suchte der Autor Antworten und l\u00e4dt den interessierten<br \/>\nLeser ein, diese kulturellen Aspekte einer Naturlandschaft kennenzulernen.  <\/p>","protected":false},"excerpt":{"rendered":"<p>Eine Kulturgeschichte mit Gegenwartsbezug Gipfelkreuze sind Symbole des christlichen Glaubens und markieren die h\u00f6chsten Punkte der Berge. Als Zeichen kollektiver oder individueller religi\u00f6ser Handlungen erm\u00f6glichen sie uns Einblicke in die Glaubenswelten der Menschen. Wer stellt \u00fcberhaupt Gipfelkreuze auf? Und warum tun das die Menschen? Wie passt dieses Ph\u00e4nomen in eine Zeit der S\u00e4kularisierung? Als j\u00fcngste [&#8230;]\n","protected":false},"featured_media":36769,"template":"","meta":[],"product_brand":[],"product_cat":[21580],"product_tag":[],"class_list":{"0":"post-146748","1":"product","2":"type-product","3":"status-publish","4":"has-post-thumbnail","6":"product_cat-kunst-kultur","7":"pa_autor-kunz","8":"pa_erscheinungsjahr-21621","9":"pa_region-oesterreich","10":"pa_sprache-de","12":"first","13":"instock","14":"taxable","15":"shipping-taxable","16":"purchasable","17":"product-type-simple"},"_links":{"self":[{"href":"https:\/\/pizbube.ch\/en\/wp-json\/wp\/v2\/product\/146748","targetHints":{"allow":["GET"]}}],"collection":[{"href":"https:\/\/pizbube.ch\/en\/wp-json\/wp\/v2\/product"}],"about":[{"href":"https:\/\/pizbube.ch\/en\/wp-json\/wp\/v2\/types\/product"}],"wp:featuredmedia":[{"embeddable":true,"href":"https:\/\/pizbube.ch\/en\/wp-json\/wp\/v2\/media\/36769"}],"wp:attachment":[{"href":"https:\/\/pizbube.ch\/en\/wp-json\/wp\/v2\/media?parent=146748"}],"wp:term":[{"taxonomy":"product_brand","embeddable":true,"href":"https:\/\/pizbube.ch\/en\/wp-json\/wp\/v2\/product_brand?post=146748"},{"taxonomy":"product_cat","embeddable":true,"href":"https:\/\/pizbube.ch\/en\/wp-json\/wp\/v2\/product_cat?post=146748"},{"taxonomy":"product_tag","embeddable":true,"href":"https:\/\/pizbube.ch\/en\/wp-json\/wp\/v2\/product_tag?post=146748"}],"curies":[{"name":"wp","href":"https:\/\/api.w.org\/{rel}","templated":true}]}}