{"id":146749,"date":"2021-01-15T10:54:11","date_gmt":"2021-01-15T10:54:11","guid":{"rendered":"https:\/\/codengine3.ch\/?product=import-placeholder-for-204891"},"modified":"2021-01-15T14:37:03","modified_gmt":"2021-01-15T14:37:03","slug":"i-grandi-spazi-delle-alpi-vol-6-dolomiti-dampezzo-oetztal-stubai-zillertal","status":"publish","type":"product","link":"https:\/\/pizbube.ch\/en\/shop\/i-grandi-spazi-delle-alpi-vol-6-dolomiti-dampezzo-oetztal-stubai-zillertal\/","title":{"rendered":"I GRANDI SPAZI DELLE ALPI Vol. 6 Dolomiti d&#8217;Ampezzo, \u00d6tztal, Stubai, Zillertal"},"content":{"rendered":"<p>Dolomiti d&#8217;Ampezzo, \u00d6tztal, Stubai, Zillertal<br \/>\nINDICE:<br \/>\nLe Alpi sono una grande opportunit\u00e0 geografica perch\u00e9 giacimento di immense<br \/>\nricchezze paesaggistiche cui attingere e gigantesco serbatoio di grandi<br \/>\nmercati in evoluzione, sempre pi\u00f9 interessati al reinvestimento degli utili.<br \/>\nPejo, Rabbi, \u00d9ltimo e Martello &#8211; Val Venosta e Glorenza Ridi oggi, ridi<br \/>\ndomani? Montagne usate o vissute? &#8211; Il reame delle nevi Kaisergebirge 1 &#8211;<br \/>\nKaisergebirge 2 &#8211; Il vascello fantasma Oltre &#8211; la Streif &#8211; L&#8217;uomo di sale Due<br \/>\n\u00e8 una folla Tirolo in festa &#8211; Evoluzione dell&#8217;alpinismo 1 &#8211; Gli occhi del toro<br \/>\nIntervista &#8211; La bellezza diversa Natale in Tirolo &#8211; Evoluzione dell&#8217;alpinismo<br \/>\n2 &#8211; Evoluzione dell&#8217;alpinismo 3 &#8211; Oltre il colle &#8211; I ghiacci dell&#8217;Osttirol &#8211;<br \/>\nSki Safari Ski-orienteering &#8211; La mina del Castelletto- La conca di Cortina &#8211;<br \/>\nCortina prima del turismo &#8211; Carta 2000 parte 1 &#8211; Carta 2000 parte 2 &#8211; Cortina<br \/>\nd&#8217;Ampezzo<\/p>","protected":false},"excerpt":{"rendered":"<p>Dolomiti d&#8217;Ampezzo, \u00d6tztal, Stubai, Zillertal INDICE: Le Alpi sono una grande opportunit\u00e0 geografica perch\u00e9 giacimento di immense ricchezze paesaggistiche cui attingere e gigantesco serbatoio di grandi mercati in evoluzione, sempre pi\u00f9 interessati al reinvestimento degli utili. Pejo, Rabbi, \u00d9ltimo e Martello &#8211; Val Venosta e Glorenza Ridi oggi, ridi domani? Montagne usate o vissute? &#8211; [&#8230;]\n","protected":false},"featured_media":33432,"template":"","meta":[],"product_brand":[],"product_cat":[21542],"product_tag":[],"class_list":{"0":"post-146749","1":"product","2":"type-product","3":"status-publish","4":"has-post-thumbnail","6":"product_cat-sachbuecher-dokumentationen","7":"pa_autor-gogna-milani-raiser","8":"pa_erscheinungsjahr-22242","9":"pa_region-italien","10":"pa_sprache-it","12":"first","13":"instock","14":"taxable","15":"shipping-taxable","16":"purchasable","17":"product-type-simple"},"_links":{"self":[{"href":"https:\/\/pizbube.ch\/en\/wp-json\/wp\/v2\/product\/146749","targetHints":{"allow":["GET"]}}],"collection":[{"href":"https:\/\/pizbube.ch\/en\/wp-json\/wp\/v2\/product"}],"about":[{"href":"https:\/\/pizbube.ch\/en\/wp-json\/wp\/v2\/types\/product"}],"wp:featuredmedia":[{"embeddable":true,"href":"https:\/\/pizbube.ch\/en\/wp-json\/wp\/v2\/media\/33432"}],"wp:attachment":[{"href":"https:\/\/pizbube.ch\/en\/wp-json\/wp\/v2\/media?parent=146749"}],"wp:term":[{"taxonomy":"product_brand","embeddable":true,"href":"https:\/\/pizbube.ch\/en\/wp-json\/wp\/v2\/product_brand?post=146749"},{"taxonomy":"product_cat","embeddable":true,"href":"https:\/\/pizbube.ch\/en\/wp-json\/wp\/v2\/product_cat?post=146749"},{"taxonomy":"product_tag","embeddable":true,"href":"https:\/\/pizbube.ch\/en\/wp-json\/wp\/v2\/product_tag?post=146749"}],"curies":[{"name":"wp","href":"https:\/\/api.w.org\/{rel}","templated":true}]}}