{"id":146750,"date":"2021-01-15T10:54:11","date_gmt":"2021-01-15T10:54:11","guid":{"rendered":"https:\/\/codengine3.ch\/?product=import-placeholder-for-200096"},"modified":"2021-01-15T10:54:15","modified_gmt":"2021-01-15T10:54:15","slug":"madonna-mia-transalp-auf-skiern","status":"publish","type":"product","link":"https:\/\/pizbube.ch\/en\/shop\/madonna-mia-transalp-auf-skiern\/","title":{"rendered":"Madonna mia &#8211; Transalp auf Skiern"},"content":{"rendered":"<p>Acht Tage, 250 Kilometer, jede Menge Gipfel und 13.000 H\u00f6henmeter &#8211; eine<br \/>\nAlpen\u00fcberquerung auf Skiern ist eine besondere Herausforderung. Peter<br \/>\nSchlickenrieder, Spitzensportler und ARD-Kommentator, hat drei<br \/>\nNichtleistungssportler auf eine Ski-Transalp vorbereitet und sie von Madonna<br \/>\ndi Campiglio nach Oberstdorf gef\u00fchrt. Dieser spannende und kurzweilige Bericht<br \/>\nnimmt den Leser mit auf eine Route, die \u00fcberw\u00e4ltigende Naturerlebnisse bot und<br \/>\nden Teilnehmern immer wieder k\u00f6rperliche und psychische H\u00f6chstleistungen<br \/>\nabverlangte. Und da das Buch ganz sicher zum Nachmachen animieren wird, finden<br \/>\nsich praktische Tipps zum Thema Ski-Transalp gleich im Anhang.<\/p>","protected":false},"excerpt":{"rendered":"<p>Acht Tage, 250 Kilometer, jede Menge Gipfel und 13.000 H\u00f6henmeter &#8211; eine Alpen\u00fcberquerung auf Skiern ist eine besondere Herausforderung. Peter Schlickenrieder, Spitzensportler und ARD-Kommentator, hat drei Nichtleistungssportler auf eine Ski-Transalp vorbereitet und sie von Madonna di Campiglio nach Oberstdorf gef\u00fchrt. Dieser spannende und kurzweilige Bericht nimmt den Leser mit auf eine Route, die \u00fcberw\u00e4ltigende Naturerlebnisse [&#8230;]\n","protected":false},"featured_media":25915,"template":"","meta":[],"product_brand":[],"product_cat":[21542],"product_tag":[],"class_list":{"0":"post-146750","1":"product","2":"type-product","3":"status-publish","4":"has-post-thumbnail","6":"product_cat-sachbuecher-dokumentationen","7":"pa_autor-jacobi-schlickenrieder","8":"pa_erscheinungsjahr-21568","9":"pa_region-deutschland","10":"pa_sprache-de","12":"first","13":"instock","14":"taxable","15":"shipping-taxable","16":"purchasable","17":"product-type-simple"},"_links":{"self":[{"href":"https:\/\/pizbube.ch\/en\/wp-json\/wp\/v2\/product\/146750","targetHints":{"allow":["GET"]}}],"collection":[{"href":"https:\/\/pizbube.ch\/en\/wp-json\/wp\/v2\/product"}],"about":[{"href":"https:\/\/pizbube.ch\/en\/wp-json\/wp\/v2\/types\/product"}],"wp:featuredmedia":[{"embeddable":true,"href":"https:\/\/pizbube.ch\/en\/wp-json\/wp\/v2\/media\/25915"}],"wp:attachment":[{"href":"https:\/\/pizbube.ch\/en\/wp-json\/wp\/v2\/media?parent=146750"}],"wp:term":[{"taxonomy":"product_brand","embeddable":true,"href":"https:\/\/pizbube.ch\/en\/wp-json\/wp\/v2\/product_brand?post=146750"},{"taxonomy":"product_cat","embeddable":true,"href":"https:\/\/pizbube.ch\/en\/wp-json\/wp\/v2\/product_cat?post=146750"},{"taxonomy":"product_tag","embeddable":true,"href":"https:\/\/pizbube.ch\/en\/wp-json\/wp\/v2\/product_tag?post=146750"}],"curies":[{"name":"wp","href":"https:\/\/api.w.org\/{rel}","templated":true}]}}