{"id":146751,"date":"2021-01-15T10:54:11","date_gmt":"2021-01-15T10:54:11","guid":{"rendered":"https:\/\/codengine3.ch\/?product=import-placeholder-for-207102"},"modified":"2024-10-23T09:12:15","modified_gmt":"2024-10-23T07:12:15","slug":"abenteuer-skitransalp","status":"publish","type":"product","link":"https:\/\/pizbube.ch\/en\/shop\/abenteuer-skitransalp\/","title":{"rendered":"Abenteuer SkiTransalp"},"content":{"rendered":"<p>Au\u00dfergew\u00f6hnliche \u00dcberschreitungen des Alpenhauptkamms<\/p>\n<p>Wegloses Gel\u00e4nde, verschneite P\u00e4sse, unverspurte Abfahrten, grandiose<br \/>\nPanoramen: Eine Alpen\u00fcberquerung auf Skiern ist eine besondere sportliche<br \/>\nHerausforderung und ein einmaliges Naturerlebnis. Der mit faszinierenden<br \/>\nBildern von Bernd Ritschel illustrierte Band folgt bekannten Bergsportlern wie<br \/>\nBenni B\u00f6hm, Extrembergsteiger, und Peter Schlickenrieder, Skilangl\u00e4ufer, vom<br \/>\nGardasee zum Kochelsee, von Oberstdorf nach Meran, von Landsberg nach<br \/>\nBriancon. Mit lebendigen Reportagen und vielen Profitipps zur eigenen<br \/>\nTourenplanung.<\/p>","protected":false},"excerpt":{"rendered":"<p>Au\u00dfergew\u00f6hnliche \u00dcberschreitungen des Alpenhauptkamms Wegloses Gel\u00e4nde, verschneite P\u00e4sse, unverspurte Abfahrten, grandiose Panoramen: Eine Alpen\u00fcberquerung auf Skiern ist eine besondere sportliche Herausforderung und ein einmaliges Naturerlebnis. Der mit faszinierenden Bildern von Bernd Ritschel illustrierte Band folgt bekannten Bergsportlern wie Benni B\u00f6hm, Extrembergsteiger, und Peter Schlickenrieder, Skilangl\u00e4ufer, vom Gardasee zum Kochelsee, von Oberstdorf nach Meran, von Landsberg [&#8230;]\n","protected":false},"featured_media":36708,"template":"","meta":[],"product_brand":[],"product_cat":[21540],"product_tag":[],"class_list":{"0":"post-146751","1":"product","2":"type-product","3":"status-publish","4":"has-post-thumbnail","6":"product_cat-fuehrerliteratur-alpin-winter","7":"pa_autor-schneeweiss","8":"pa_erscheinungsjahr-21610","9":"pa_region-uebrigers-europa","10":"pa_sprache-de","12":"first","13":"outofstock","14":"taxable","15":"shipping-taxable","16":"purchasable","17":"product-type-simple"},"_links":{"self":[{"href":"https:\/\/pizbube.ch\/en\/wp-json\/wp\/v2\/product\/146751","targetHints":{"allow":["GET"]}}],"collection":[{"href":"https:\/\/pizbube.ch\/en\/wp-json\/wp\/v2\/product"}],"about":[{"href":"https:\/\/pizbube.ch\/en\/wp-json\/wp\/v2\/types\/product"}],"wp:featuredmedia":[{"embeddable":true,"href":"https:\/\/pizbube.ch\/en\/wp-json\/wp\/v2\/media\/36708"}],"wp:attachment":[{"href":"https:\/\/pizbube.ch\/en\/wp-json\/wp\/v2\/media?parent=146751"}],"wp:term":[{"taxonomy":"product_brand","embeddable":true,"href":"https:\/\/pizbube.ch\/en\/wp-json\/wp\/v2\/product_brand?post=146751"},{"taxonomy":"product_cat","embeddable":true,"href":"https:\/\/pizbube.ch\/en\/wp-json\/wp\/v2\/product_cat?post=146751"},{"taxonomy":"product_tag","embeddable":true,"href":"https:\/\/pizbube.ch\/en\/wp-json\/wp\/v2\/product_tag?post=146751"}],"curies":[{"name":"wp","href":"https:\/\/api.w.org\/{rel}","templated":true}]}}