{"id":146752,"date":"2021-01-15T10:54:11","date_gmt":"2021-01-15T10:54:11","guid":{"rendered":"https:\/\/codengine3.ch\/?product=import-placeholder-for-202770"},"modified":"2021-01-15T12:39:11","modified_gmt":"2021-01-15T12:39:11","slug":"traumtouren-transalp","status":"publish","type":"product","link":"https:\/\/pizbube.ch\/en\/shop\/traumtouren-transalp\/","title":{"rendered":"Traumtouren Transalp"},"content":{"rendered":"<p>Die sch\u00f6nsten Alpen\u00fcberquerungen mit dem Montainbike.<\/p>\n<p>Die 20 neuen Transalp-Touren dieses Buches bieten f\u00fcr jeden Mountainbiker die<br \/>\npassende Tour &#8211; von ganz leichten Genusstouren mit weniger als 5000<br \/>\nH\u00f6henmetern bis hin zu konditionell und fahrtechnisch schwierigen<br \/>\nFaszinationstouren mit bis zu 20.000 H\u00f6henmetern. Dabei greift das Buch auch<br \/>\nden neuen Trend zu mehrt\u00e4gigen Rundtouren auf. Die Fotos sind atemberaubend,<br \/>\ndie exakten H\u00f6henprofile, die Tourdaten mit Schwierigkeitsbewertung und die<br \/>\nSatellitenbild-Karten geben genaue Beschreibungen des Verlaufs der Transalp-<br \/>\nTouren. Der ausf\u00fchrliche Serviceteil h\u00e4lt alle Tipps bereit, die man zur<br \/>\nPlanung und Durchf\u00fchrung einer Alpen\u00fcberquerung mit dem Mountainbike braucht.<\/p>\n<p>Der Clou ist das neue interaktive Planungssystem, mit dem sich jeder<br \/>\nMountainbiker seine individuelle Alpen\u00fcberquerung zusammenstellen kann. Die<br \/>\nbeiliegende DVD enth\u00e4lt ein deutlich weiterentwickeltes und sehr komfortables<br \/>\nProgramm zur Tourenplanung inklusive Satellitenbild der Alpen. Der Leser kann<br \/>\nsich neue Touren, Teilst\u00fccke oder Strecken\u00e4nderungen jederzeit herunterladen<br \/>\nund damit seine bisherigen Touren updaten.<\/p>\n<p>Die Beschreibungen von Erfolgsautor Ulrich Stanciu sind pr\u00e4zise und gespickt<br \/>\nmit n\u00fctzlichen Informationen, historischen und kulturellen Hintergr\u00fcnden. Alle<br \/>\nLeser erhalten die Roadbooks mit Pfeilsymbolen und H\u00f6henprofile mit<br \/>\nUntergrundangaben mitgeliefert. Die GPS-Daten kann man gegen eine kleine<br \/>\nGeb\u00fchr im Internet herunterladen<\/p>","protected":false},"excerpt":{"rendered":"<p>Die sch\u00f6nsten Alpen\u00fcberquerungen mit dem Montainbike. Die 20 neuen Transalp-Touren dieses Buches bieten f\u00fcr jeden Mountainbiker die passende Tour &#8211; von ganz leichten Genusstouren mit weniger als 5000 H\u00f6henmetern bis hin zu konditionell und fahrtechnisch schwierigen Faszinationstouren mit bis zu 20.000 H\u00f6henmetern. Dabei greift das Buch auch den neuen Trend zu mehrt\u00e4gigen Rundtouren auf. Die [&#8230;]\n","protected":false},"featured_media":30217,"template":"","meta":[],"product_brand":[],"product_cat":[21606],"product_tag":[],"class_list":{"0":"post-146752","1":"product","2":"type-product","3":"status-publish","4":"has-post-thumbnail","6":"product_cat-mountainbikefuehrer","7":"pa_autor-stanciu","8":"pa_erscheinungsjahr-21621","9":"pa_region-schweiz","10":"pa_sprache-de","12":"first","13":"instock","14":"taxable","15":"shipping-taxable","16":"purchasable","17":"product-type-simple"},"_links":{"self":[{"href":"https:\/\/pizbube.ch\/en\/wp-json\/wp\/v2\/product\/146752","targetHints":{"allow":["GET"]}}],"collection":[{"href":"https:\/\/pizbube.ch\/en\/wp-json\/wp\/v2\/product"}],"about":[{"href":"https:\/\/pizbube.ch\/en\/wp-json\/wp\/v2\/types\/product"}],"wp:featuredmedia":[{"embeddable":true,"href":"https:\/\/pizbube.ch\/en\/wp-json\/wp\/v2\/media\/30217"}],"wp:attachment":[{"href":"https:\/\/pizbube.ch\/en\/wp-json\/wp\/v2\/media?parent=146752"}],"wp:term":[{"taxonomy":"product_brand","embeddable":true,"href":"https:\/\/pizbube.ch\/en\/wp-json\/wp\/v2\/product_brand?post=146752"},{"taxonomy":"product_cat","embeddable":true,"href":"https:\/\/pizbube.ch\/en\/wp-json\/wp\/v2\/product_cat?post=146752"},{"taxonomy":"product_tag","embeddable":true,"href":"https:\/\/pizbube.ch\/en\/wp-json\/wp\/v2\/product_tag?post=146752"}],"curies":[{"name":"wp","href":"https:\/\/api.w.org\/{rel}","templated":true}]}}