{"id":146753,"date":"2021-01-15T10:54:11","date_gmt":"2021-01-15T10:54:11","guid":{"rendered":"https:\/\/codengine3.ch\/?product=import-placeholder-for-205938"},"modified":"2024-04-23T10:04:43","modified_gmt":"2024-04-23T08:04:43","slug":"super-haute-route-skifuehrer","status":"publish","type":"product","link":"https:\/\/pizbube.ch\/en\/shop\/super-haute-route-skifuehrer\/","title":{"rendered":"Super-Haute-Route Skif\u00fchrer"},"content":{"rendered":"<p>Mit Ski \u00fcber die Alpen von Nizza nach Wien<\/p>\n<p>Die Super-Haute-Route, das bedeutet: In 100 Etappen mit den Tourenski von<br \/>\nNizza nach Wien. Und das nicht etwa bequem mit dem Auto durch die T\u00e4ler,<br \/>\nsondern mit den Skiern an den F\u00fc\u00dfen oder auf der Schulter \u00fcber die Berge,<br \/>\nimmer entlang des gro\u00dfen Alpenbogens.<\/p>\n<p>Die Super-Haute-Route ist eine Skiunternehmung der Superlative, die man nicht<br \/>\nam St\u00fcck macht, und wahrscheinlich auch nicht in einem Jahr. Die Autoren waren<br \/>\nsatte zw\u00f6lf Jahre unterwegs, bis sie schlie\u00dflich alle Etappen stilrein<br \/>\nbew\u00e4ltigt hatten &#8211; selbst das werden so nur wenige wiederholen.<\/p>\n<p>Aber es reicht ja auch schon, vielleicht hin und wieder die eine oder andere<br \/>\nEtappe zu gehen, sich aus der Riesenunternehmung Teilst\u00fccke herauszupicken,<br \/>\ndie einen besonders motivieren. Oder sich einfach nur Anregungen zu holen, in<br \/>\nwelche Alpenecke man auch mal hin sollte.<\/p>\n<p>1. Auflage 2010, 228 Seiten, 120 x 185 mm,<br \/>\nSoftcover, komplett 4 Farbig<\/p>","protected":false},"excerpt":{"rendered":"<ul>\n<li><a href=\"https:\/\/pizbube.ch\/wp-content\/uploads\/attachments\/a_001\/09A30F95E770BF46982B7F10FA1F2EC1.pdf\" target=\"_blank\" rel=\"noopener\">PDF: Super Haute Route Leseprobe<\/a><\/li>\n<\/ul>","protected":false},"featured_media":164569,"template":"","meta":[],"product_brand":[],"product_cat":[21540],"product_tag":[27193],"class_list":{"0":"post-146753","1":"product","2":"type-product","3":"status-publish","4":"has-post-thumbnail","6":"product_cat-fuehrerliteratur-alpin-winter","7":"product_tag-super-haute-route","8":"pa_autor-schuele-et-alt","9":"pa_erscheinungsjahr-21830","10":"pa_region-uebrigers-europa","11":"pa_sprache-de","13":"first","14":"instock","15":"taxable","16":"shipping-taxable","17":"purchasable","18":"product-type-simple"},"_links":{"self":[{"href":"https:\/\/pizbube.ch\/en\/wp-json\/wp\/v2\/product\/146753","targetHints":{"allow":["GET"]}}],"collection":[{"href":"https:\/\/pizbube.ch\/en\/wp-json\/wp\/v2\/product"}],"about":[{"href":"https:\/\/pizbube.ch\/en\/wp-json\/wp\/v2\/types\/product"}],"wp:featuredmedia":[{"embeddable":true,"href":"https:\/\/pizbube.ch\/en\/wp-json\/wp\/v2\/media\/164569"}],"wp:attachment":[{"href":"https:\/\/pizbube.ch\/en\/wp-json\/wp\/v2\/media?parent=146753"}],"wp:term":[{"taxonomy":"product_brand","embeddable":true,"href":"https:\/\/pizbube.ch\/en\/wp-json\/wp\/v2\/product_brand?post=146753"},{"taxonomy":"product_cat","embeddable":true,"href":"https:\/\/pizbube.ch\/en\/wp-json\/wp\/v2\/product_cat?post=146753"},{"taxonomy":"product_tag","embeddable":true,"href":"https:\/\/pizbube.ch\/en\/wp-json\/wp\/v2\/product_tag?post=146753"}],"curies":[{"name":"wp","href":"https:\/\/api.w.org\/{rel}","templated":true}]}}