{"id":146754,"date":"2021-01-15T10:54:11","date_gmt":"2021-01-15T10:54:11","guid":{"rendered":"https:\/\/codengine3.ch\/?product=import-placeholder-for-208723"},"modified":"2026-03-27T11:45:18","modified_gmt":"2026-03-27T10:45:18","slug":"grande-traversee-des-alpes","status":"publish","type":"product","link":"https:\/\/pizbube.ch\/en\/shop\/grande-traversee-des-alpes\/","title":{"rendered":"Grande Travers\u00e9e des Alpes"},"content":{"rendered":"<p>Ski de randonn\u00e9e:<br \/>\n11 raids en France, Italie, Suisse et Autriche<\/p>\n<p>Ce nouveau guide de ski de randonn\u00e9e propose de nombreuses options de courses,<br \/>\nmassif par massif, toutes centr\u00e9es sur un triple objectif : go\u00fbter aux<br \/>\nmultiples plaisirs du ski de montagne en utilisant ses propres moyens de<br \/>\nprogression, d\u00e9couvrir une montagne secr\u00e8te en respectant les r\u00e8gles<br \/>\nn\u00e9cessaires \u00e0 sa pr\u00e9servation, ouvrir les yeux sur les richesses culturelles<br \/>\ndes villages et des personnes qui les font vivre.<\/p>\n<p>A chacune et chacun de tracer sa voie propre, en une semaine, un mois ou un<br \/>\nhiver, de Sospel \u00e0 Heiligenblut ou d\u2019Innsbruck \u00e0 Brian\u00e7on, selon son humeur et<br \/>\nses capacit\u00e9s, seul ou en bonne compagnie, en gardant en m\u00e9moire la maxime<br \/>\n\u00e9mise dans l\u2019imm\u00e9diat apr\u00e8s-guerre par Jacques Rouillard et toujours autant<br \/>\nd\u2019actualit\u00e9 : \u00ab Loin des pistes, l\u2019aventure ! \u00bb.<\/p>\n<p>PHILIPPE ERTLEN, amoureux des espaces naturels et sauvages, s\u2019est engag\u00e9 tr\u00e8s<br \/>\nt\u00f4t pour leur protection et privil\u00e9gie un ski plaisir respectueux de<br \/>\nl\u2019environnement. Il est \u00e9galement l\u2019auteur du Guide de ski de randonn\u00e9e Vall\u00e9e<br \/>\nd\u2019Aoste, paru dans la m\u00eame collection aux Editions Olizane.<br \/>\nApr\u00e8s une exploration des montagnes du monde, il s\u2019est \u00e9tabli au pied du Mont<br \/>\nBlanc d\u2019o\u00f9 il nous livre une synth\u00e8se de ses travers\u00e9es alpines.<\/p>\n<p>336 pages<\/p>","protected":false},"excerpt":{"rendered":"<p>Ski de randonn\u00e9e: 11 raids en France, Italie, Suisse et Autriche Ce nouveau guide de ski de randonn\u00e9e propose de nombreuses options de courses, massif par massif, toutes centr\u00e9es sur un triple objectif : go\u00fbter aux multiples plaisirs du ski de montagne en utilisant ses propres moyens de progression, d\u00e9couvrir une montagne secr\u00e8te en respectant [&#8230;]\n","protected":false},"featured_media":41187,"template":"","meta":[],"product_brand":[],"product_cat":[21540],"product_tag":[],"class_list":{"0":"post-146754","1":"product","2":"type-product","3":"status-publish","4":"has-post-thumbnail","6":"product_cat-fuehrerliteratur-alpin-winter","7":"pa_autor-ertlen","8":"pa_erscheinungsjahr-21558","9":"pa_region-schweiz","10":"pa_sprache-fr","12":"first","13":"onbackorder","14":"taxable","15":"shipping-taxable","16":"purchasable","17":"product-type-simple"},"_links":{"self":[{"href":"https:\/\/pizbube.ch\/en\/wp-json\/wp\/v2\/product\/146754","targetHints":{"allow":["GET"]}}],"collection":[{"href":"https:\/\/pizbube.ch\/en\/wp-json\/wp\/v2\/product"}],"about":[{"href":"https:\/\/pizbube.ch\/en\/wp-json\/wp\/v2\/types\/product"}],"wp:featuredmedia":[{"embeddable":true,"href":"https:\/\/pizbube.ch\/en\/wp-json\/wp\/v2\/media\/41187"}],"wp:attachment":[{"href":"https:\/\/pizbube.ch\/en\/wp-json\/wp\/v2\/media?parent=146754"}],"wp:term":[{"taxonomy":"product_brand","embeddable":true,"href":"https:\/\/pizbube.ch\/en\/wp-json\/wp\/v2\/product_brand?post=146754"},{"taxonomy":"product_cat","embeddable":true,"href":"https:\/\/pizbube.ch\/en\/wp-json\/wp\/v2\/product_cat?post=146754"},{"taxonomy":"product_tag","embeddable":true,"href":"https:\/\/pizbube.ch\/en\/wp-json\/wp\/v2\/product_tag?post=146754"}],"curies":[{"name":"wp","href":"https:\/\/api.w.org\/{rel}","templated":true}]}}