{"id":146755,"date":"2021-01-15T10:54:11","date_gmt":"2021-01-15T10:54:11","guid":{"rendered":"https:\/\/codengine3.ch\/?product=import-placeholder-for-200098"},"modified":"2021-01-15T10:54:15","modified_gmt":"2021-01-15T10:54:15","slug":"1865-lage-dor-de-lalpinisme","status":"publish","type":"product","link":"https:\/\/pizbube.ch\/en\/shop\/1865-lage-dor-de-lalpinisme\/","title":{"rendered":"1865 &#8211; l&#8217;\u00e2ge d&#8217;or de l&#8217;alpinisme"},"content":{"rendered":"<p>Du Wetterhorn (1854) au Cervin (1865), du bonheur \u00e0 la trag\u00e9die, une d\u00e9cennie<br \/>\nde conqu\u00eates dans toutes les Alpes. C\u2019est \u00ab l\u2019\u00e2ge d\u2019or de l\u2019alpinisme \u00bb selon<br \/>\nl\u2019expression du R\u00e9v\u00e9- rend Coolidge, l\u2019\u00e2ge des premiers grands guides<br \/>\n(Christian Almer, Melchior Anderegg, Michel Croz), et des gentlemen de la<br \/>\nmontagne (Leslie Stephen, John Tyndall et Edward Whymper). Presque tous les<br \/>\nclubs alpins naissent dans cette p\u00e9riode couronn\u00e9e par les ascensions de<br \/>\nl\u2019Aiguille Verte, du Cervin et de la Brenva au mont Blanc.  <\/p>\n<p>La montagne n\u2019est plus gravie au nom de la science.<br \/>\nLa beaut\u00e9 et la difficult\u00e9 de ses parois entrent dans les plaisirs d\u2019un \u00ab<br \/>\nnoble jeu \u00bb, bient\u00f4t baptis\u00e9 alpinisme.<br \/>\nLa d\u00e9cennie des fondateurs.<br \/>\nFormat : 23&#215;23; Environ 350 pages, 300 photos<\/p>","protected":false},"excerpt":{"rendered":"<p>Du Wetterhorn (1854) au Cervin (1865), du bonheur \u00e0 la trag\u00e9die, une d\u00e9cennie de conqu\u00eates dans toutes les Alpes. C\u2019est \u00ab l\u2019\u00e2ge d\u2019or de l\u2019alpinisme \u00bb selon l\u2019expression du R\u00e9v\u00e9- rend Coolidge, l\u2019\u00e2ge des premiers grands guides (Christian Almer, Melchior Anderegg, Michel Croz), et des gentlemen de la montagne (Leslie Stephen, John Tyndall et Edward [&#8230;]\n","protected":false},"featured_media":25921,"template":"","meta":[],"product_brand":[],"product_cat":[21542],"product_tag":[],"class_list":{"0":"post-146755","1":"product","2":"type-product","3":"status-publish","4":"has-post-thumbnail","6":"product_cat-sachbuecher-dokumentationen","7":"pa_autor-modica","8":"pa_erscheinungsjahr-21597","9":"pa_region-frankreich","10":"pa_sprache-fr","12":"first","13":"instock","14":"taxable","15":"shipping-taxable","16":"purchasable","17":"product-type-simple"},"_links":{"self":[{"href":"https:\/\/pizbube.ch\/en\/wp-json\/wp\/v2\/product\/146755","targetHints":{"allow":["GET"]}}],"collection":[{"href":"https:\/\/pizbube.ch\/en\/wp-json\/wp\/v2\/product"}],"about":[{"href":"https:\/\/pizbube.ch\/en\/wp-json\/wp\/v2\/types\/product"}],"wp:featuredmedia":[{"embeddable":true,"href":"https:\/\/pizbube.ch\/en\/wp-json\/wp\/v2\/media\/25921"}],"wp:attachment":[{"href":"https:\/\/pizbube.ch\/en\/wp-json\/wp\/v2\/media?parent=146755"}],"wp:term":[{"taxonomy":"product_brand","embeddable":true,"href":"https:\/\/pizbube.ch\/en\/wp-json\/wp\/v2\/product_brand?post=146755"},{"taxonomy":"product_cat","embeddable":true,"href":"https:\/\/pizbube.ch\/en\/wp-json\/wp\/v2\/product_cat?post=146755"},{"taxonomy":"product_tag","embeddable":true,"href":"https:\/\/pizbube.ch\/en\/wp-json\/wp\/v2\/product_tag?post=146755"}],"curies":[{"name":"wp","href":"https:\/\/api.w.org\/{rel}","templated":true}]}}