{"id":146756,"date":"2021-01-15T10:54:11","date_gmt":"2021-01-15T10:54:11","guid":{"rendered":"https:\/\/codengine3.ch\/?product=import-placeholder-for-205785"},"modified":"2021-01-15T14:43:54","modified_gmt":"2021-01-15T14:43:54","slug":"legendaere-erstbesteigungen","status":"publish","type":"product","link":"https:\/\/pizbube.ch\/en\/shop\/legendaere-erstbesteigungen\/","title":{"rendered":"Legend\u00e4re Erstbesteigungen"},"content":{"rendered":"<p>Die Eroberung der spektakul\u00e4rsten Gipfel.  <\/p>\n<p>`Legend\u00e4re Erstbesteigungen` erz\u00e4hlt von den Erlebnissen weltber\u00fchmter<br \/>\nBergsteiger bei ihren eindrucksvollsten Aufstiegen. Von der Erstbesteigung des<br \/>\nMont Blanc in den 1780er-Jahren, \u00fcber das goldene Zeitalter des alpinen<br \/>\nKletterns, in der das Matterhorn und das Bietschhorn erobert wurden, bis zur<br \/>\nBesteigung der h\u00f6chsten Gipfel auf dem amerikanischen Kontinent und im<br \/>\nHialaya.<br \/>\nAuch die neueste Entwicklungswelle des Sportkletterns an den Granitw\u00e4nden des<br \/>\nYosemite \u00fcber bis zur Marmolada wird ausf\u00fchrlich dokumentiert.<br \/>\nLesen Sie die Geschichten der M\u00e4nner und Frauen, die in den letzten 150 Jahren<br \/>\nihr Leben riskiert haben, um die Ersten zu sein und neue Wege zu beschreiten.<br \/>\nFarb., s\/w. Fotos. 192 S.<\/p>","protected":false},"excerpt":{"rendered":"<p>Die Eroberung der spektakul\u00e4rsten Gipfel. `Legend\u00e4re Erstbesteigungen` erz\u00e4hlt von den Erlebnissen weltber\u00fchmter Bergsteiger bei ihren eindrucksvollsten Aufstiegen. Von der Erstbesteigung des Mont Blanc in den 1780er-Jahren, \u00fcber das goldene Zeitalter des alpinen Kletterns, in der das Matterhorn und das Bietschhorn erobert wurden, bis zur Besteigung der h\u00f6chsten Gipfel auf dem amerikanischen Kontinent und im Hialaya. [&#8230;]\n","protected":false},"featured_media":34605,"template":"","meta":[],"product_brand":[],"product_cat":[21542],"product_tag":[],"class_list":{"0":"post-146756","1":"product","2":"type-product","3":"status-publish","4":"has-post-thumbnail","6":"product_cat-sachbuecher-dokumentationen","7":"pa_autor-venables","8":"pa_erscheinungsjahr-21693","9":"pa_region-deutschland","10":"pa_sprache-de","12":"first","13":"instock","14":"taxable","15":"shipping-taxable","16":"purchasable","17":"product-type-simple"},"_links":{"self":[{"href":"https:\/\/pizbube.ch\/en\/wp-json\/wp\/v2\/product\/146756","targetHints":{"allow":["GET"]}}],"collection":[{"href":"https:\/\/pizbube.ch\/en\/wp-json\/wp\/v2\/product"}],"about":[{"href":"https:\/\/pizbube.ch\/en\/wp-json\/wp\/v2\/types\/product"}],"wp:featuredmedia":[{"embeddable":true,"href":"https:\/\/pizbube.ch\/en\/wp-json\/wp\/v2\/media\/34605"}],"wp:attachment":[{"href":"https:\/\/pizbube.ch\/en\/wp-json\/wp\/v2\/media?parent=146756"}],"wp:term":[{"taxonomy":"product_brand","embeddable":true,"href":"https:\/\/pizbube.ch\/en\/wp-json\/wp\/v2\/product_brand?post=146756"},{"taxonomy":"product_cat","embeddable":true,"href":"https:\/\/pizbube.ch\/en\/wp-json\/wp\/v2\/product_cat?post=146756"},{"taxonomy":"product_tag","embeddable":true,"href":"https:\/\/pizbube.ch\/en\/wp-json\/wp\/v2\/product_tag?post=146756"}],"curies":[{"name":"wp","href":"https:\/\/api.w.org\/{rel}","templated":true}]}}