{"id":146758,"date":"2021-01-15T10:54:11","date_gmt":"2021-01-15T10:54:11","guid":{"rendered":"https:\/\/codengine3.ch\/?product=import-placeholder-for-207161"},"modified":"2022-09-09T11:18:17","modified_gmt":"2022-09-09T09:18:17","slug":"linvention-du-vide","status":"publish","type":"product","link":"https:\/\/pizbube.ch\/en\/shop\/linvention-du-vide\/","title":{"rendered":"L&#8217;Invention du vide"},"content":{"rendered":"<p>Avec L&#8217;Invention du vide, Debon signe une histoire compl\u00e8te qui, entre fiction<br \/>\net r\u00e9alit\u00e9, met en sc\u00e8ne les d\u00e9buts de l&#8217;alpinisme.<\/p>\n<p>L&#8217;Invention du vide, c&#8217;est ce d\u00e9fi vain et pourtant magnifique lanc\u00e9 au vide<br \/>\npar ces hommes qui, de tout temps, ont r\u00eav\u00e9 de gravir les plus hautes<br \/>\nmontagnes. Il faut dire que la montagne a ce don de rendre belles les<br \/>\ntentatives des hommes \u00e0 vouloir aller toujours plus haut. Parfois, elle ose se<br \/>\nrefuser \u00e0 leur vanit\u00e9, se faisant douleur et souffrance. Les Alpes ont ainsi<br \/>\n\u00e9t\u00e9 le th\u00e9\u00e2tre r\u00e9gulier des assauts de ces hommes, au point d&#8217;\u00eatre \u00e0 l&#8217;origine<br \/>\ndu mot &#8218;alpinisme&#8216;!<\/p>\n<p>Durant les ann\u00e9es 1880, ces conqu\u00eates furent l&#8217;objet d&#8217;une<br \/>\nformidable comp\u00e9tition symbolis\u00e9e par les aiguilles de Chamonix. S&#8217;inspirant<br \/>\ndes \u00e9crits d&#8217;Albert Frederick Mummery (1855-1895), Nicolas Debon raconte avec<br \/>\nbrio ces exploits inutiles et beaux \u00e0 la fois de Alexander Burgener et<br \/>\nFrederick Mummery . \u00c0 la mani\u00e8re du Tour des g\u00e9ants, qui mettait en sc\u00e8ne les<br \/>\ncyclistes au d\u00e9but du si\u00e8cle dernier, il raconte, de fa\u00e7on document\u00e9e et<br \/>\nprofond\u00e9ment humaine, cette \u00e9pop\u00e9e. \u00c0 la fois grave et savoureux, cet ouvrage<br \/>\n\u2013 qui reste d&#8217;abord une fiction \u2013 est aussi un sublime hommage \u00e0 la montagne.<\/p>\n<p>L&#8217;Invention du vide est une aventure documentaire, mais aussi une bande<br \/>\ndessin\u00e9e servie par un graphisme original avec des couleurs directes<br \/>\nparfaitement appropri\u00e9es aux d\u00e9cors majestueux.<\/p>\n<p>Nombre de pages: 80<br \/>\nDimensions: 32 x 24 x 1,3 cm<\/p>","protected":false},"excerpt":{"rendered":"<p>Avec L&#8217;Invention du vide, Debon signe une histoire compl\u00e8te qui, entre fiction et r\u00e9alit\u00e9, met en sc\u00e8ne les d\u00e9buts de l&#8217;alpinisme. L&#8217;Invention du vide, c&#8217;est ce d\u00e9fi vain et pourtant magnifique lanc\u00e9 au vide par ces hommes qui, de tout temps, ont r\u00eav\u00e9 de gravir les plus hautes montagnes. Il faut dire que la montagne [&#8230;]\n","protected":false},"featured_media":163502,"template":"","meta":[],"product_brand":[],"product_cat":[21881],"product_tag":[],"class_list":{"0":"post-146758","1":"product","2":"type-product","3":"status-publish","4":"has-post-thumbnail","6":"product_cat-comics","7":"pa_autor-debon","8":"pa_erscheinungsjahr-21621","9":"pa_region-frankreich","10":"pa_sprache-fr","12":"first","13":"instock","14":"taxable","15":"shipping-taxable","16":"purchasable","17":"product-type-simple"},"_links":{"self":[{"href":"https:\/\/pizbube.ch\/en\/wp-json\/wp\/v2\/product\/146758","targetHints":{"allow":["GET"]}}],"collection":[{"href":"https:\/\/pizbube.ch\/en\/wp-json\/wp\/v2\/product"}],"about":[{"href":"https:\/\/pizbube.ch\/en\/wp-json\/wp\/v2\/types\/product"}],"wp:featuredmedia":[{"embeddable":true,"href":"https:\/\/pizbube.ch\/en\/wp-json\/wp\/v2\/media\/163502"}],"wp:attachment":[{"href":"https:\/\/pizbube.ch\/en\/wp-json\/wp\/v2\/media?parent=146758"}],"wp:term":[{"taxonomy":"product_brand","embeddable":true,"href":"https:\/\/pizbube.ch\/en\/wp-json\/wp\/v2\/product_brand?post=146758"},{"taxonomy":"product_cat","embeddable":true,"href":"https:\/\/pizbube.ch\/en\/wp-json\/wp\/v2\/product_cat?post=146758"},{"taxonomy":"product_tag","embeddable":true,"href":"https:\/\/pizbube.ch\/en\/wp-json\/wp\/v2\/product_tag?post=146758"}],"curies":[{"name":"wp","href":"https:\/\/api.w.org\/{rel}","templated":true}]}}