{"id":146759,"date":"2021-01-15T10:54:11","date_gmt":"2021-01-15T10:54:11","guid":{"rendered":"https:\/\/codengine3.ch\/?product=import-placeholder-for-206325"},"modified":"2025-11-20T11:50:57","modified_gmt":"2025-11-20T10:50:57","slug":"alexander-burgener-koenig-der-bergfuehrer","status":"publish","type":"product","link":"https:\/\/pizbube.ch\/en\/shop\/alexander-burgener-koenig-der-bergfuehrer\/","title":{"rendered":"Alexander Burgener &#8211; K\u00f6nig der Bergf\u00fchrer"},"content":{"rendered":"<p>Die Alexander Burgener Stiftung hat zusammen mit der Stiftung Adolf Fux zum 100. Todestag von Alexander Burgener, also auf den 8. Juli 2010, eine Neuauflage dieses Klassikers \u00fcber Alexander Burgener besorgt.<\/p>\n<p>&#8218;An Erfahrungen und Erkenntnissen reich, eigenen Gesetzen gehorchend, Fehltritte und St\u00fcckwerk meidend, ging Alexander Burgener als ein Mann, den die meisten Taten mehr r\u00fchmen als alle Worte, jeder M\u00fchsal und Gefahr zum Trotz seinen schwierigen Lebensweg bis ans tragische Ende. Einmal nur ist er in den Bergen schwach und nachgiebig geworden, indem er sich hat \u00fcberreden lassen, seinem Grundsatz, nie einen Schritt zu tun, dessen er nicht sicher sei, untreu zu werden. Das war sein Verh\u00e4ngnis; damit hat eine unvergleichlich harte und gl\u00e4nzend erprobte Burgf\u00fchrerlaufbahn an der Jungfrau ein j\u00e4hes Ende gefunden.&#8216;<\/p>\n<p>Tatsachenroman \u00fcber den Alexander Burgener, den &#171;K\u00f6nig der Bergf\u00fchrer&#187;.<\/p>\n<p>Der 4. Nachdruck 2023 des 1961 erschienenen Originalromans, aus Anlass zum Jubil\u00e4um 40 Jahre Stiftung und der geplanten Dauerausstellung \u00fcber den Bergpionier Alexander Burgener in Saas-Grund.<\/p>\n<p>238 Seiten, 14 x 22 cm, Taschenbuch<\/p>","protected":false},"excerpt":{"rendered":"<p>Die Alexander Burgener Stiftung hat zusammen mit der Stiftung Adolf Fux zum 100. Todestag von Alexander Burgener, also auf den 8. Juli 2010, eine Neuauflage dieses Klassikers \u00fcber Alexander Burgener besorgt. &#8218;An Erfahrungen und Erkenntnissen reich, eigenen Gesetzen gehorchend, Fehltritte und St\u00fcckwerk meidend, ging Alexander Burgener als ein Mann, den die meisten Taten mehr r\u00fchmen [&#8230;]\n","protected":false},"featured_media":174633,"template":"","meta":[],"product_brand":[],"product_cat":[21542],"product_tag":[],"class_list":{"0":"post-146759","1":"product","2":"type-product","3":"status-publish","4":"has-post-thumbnail","6":"product_cat-sachbuecher-dokumentationen","7":"pa_autor-fux","8":"pa_erscheinungsjahr-27129","9":"pa_region-schweiz","10":"pa_sprache-de","12":"first","13":"instock","14":"taxable","15":"shipping-taxable","16":"purchasable","17":"product-type-simple"},"_links":{"self":[{"href":"https:\/\/pizbube.ch\/en\/wp-json\/wp\/v2\/product\/146759","targetHints":{"allow":["GET"]}}],"collection":[{"href":"https:\/\/pizbube.ch\/en\/wp-json\/wp\/v2\/product"}],"about":[{"href":"https:\/\/pizbube.ch\/en\/wp-json\/wp\/v2\/types\/product"}],"wp:featuredmedia":[{"embeddable":true,"href":"https:\/\/pizbube.ch\/en\/wp-json\/wp\/v2\/media\/174633"}],"wp:attachment":[{"href":"https:\/\/pizbube.ch\/en\/wp-json\/wp\/v2\/media?parent=146759"}],"wp:term":[{"taxonomy":"product_brand","embeddable":true,"href":"https:\/\/pizbube.ch\/en\/wp-json\/wp\/v2\/product_brand?post=146759"},{"taxonomy":"product_cat","embeddable":true,"href":"https:\/\/pizbube.ch\/en\/wp-json\/wp\/v2\/product_cat?post=146759"},{"taxonomy":"product_tag","embeddable":true,"href":"https:\/\/pizbube.ch\/en\/wp-json\/wp\/v2\/product_tag?post=146759"}],"curies":[{"name":"wp","href":"https:\/\/api.w.org\/{rel}","templated":true}]}}