{"id":146764,"date":"2021-01-15T10:54:11","date_gmt":"2021-01-15T10:54:11","guid":{"rendered":"https:\/\/codengine3.ch\/?product=import-placeholder-for-208081"},"modified":"2021-01-15T17:49:59","modified_gmt":"2021-01-15T17:49:59","slug":"mont-blanc-la-conquete-naturaliste","status":"publish","type":"product","link":"https:\/\/pizbube.ch\/en\/shop\/mont-blanc-la-conquete-naturaliste\/","title":{"rendered":"Mont-Blanc, la conqu\u00eate naturaliste"},"content":{"rendered":"<p>\n\u00c0 la fin du XVIIe si\u00e8cle, malgr\u00e9 l\u2019invention du Grand Tour et la naissance du<br \/>\nsentiment de la montagne, les Alpes restent encore largement une terra<br \/>\nincognita. Mais au Si\u00e8cle des Lumi\u00e8res, elles vont devenir, aux yeux des<br \/>\nsavants et des philosophes, un nouveau continent \u00e0 explorer et un fabuleux<br \/>\nlaboratoire de la nature susceptible d\u2019\u00e9clairer les myst\u00e8res de la Terre.<\/p>\n<p>Passionn\u00e9 de g\u00e9ologie, fascin\u00e9 par les r\u00e9cits de ces pionniers, \u00c9ric Asselborn<br \/>\na inlassablement parcouru les biblioth\u00e8ques et les mus\u00e9es d\u2019Europe, voire au-<br \/>\ndel\u00e0, pour d\u00e9nicher des documents in\u00e9dits ainsi que des illustrations<br \/>\noriginales dont il nous offre la primeur dans ce beau livre.<\/p>\n<p>La Conqu\u00eate naturaliste du Mont-Blanc est un ouvrage de r\u00e9f\u00e9rence pour tous<br \/>\nceux qui souhaitent approfondir l\u2019histoire de l\u2019exploration des Alpes, p\u00e9riode<br \/>\nqui s\u2019\u00e9tend de la Renaissance \u00e0 1860, avec le rattachement du duch\u00e9 de Savoie<br \/>\n\u00e0 la France. Un si\u00e8cle foisonnant de d\u00e9couvertes naturalistes, dont la qu\u00eate<br \/>\nsuscitera peu \u00e0 peu l\u2019int\u00e9r\u00eat d\u2019un public \u00e9largi, \u00e9merveill\u00e9 par ces \u00ab<br \/>\nglaci\u00e8res \u00bb. Des pr\u00e9mices de l\u2019exploration alpine aux d\u00e9buts d\u2019un tourisme qui<br \/>\nva profond\u00e9ment transformer les Alpes et ses habitants, une histoire<br \/>\ncaptivante et superbement illustr\u00e9e.  <\/p>\n<p>298 pages; Reli\u00e9; 420 illustrations  <\/p>","protected":false},"excerpt":{"rendered":"<p>\u00c0 la fin du XVIIe si\u00e8cle, malgr\u00e9 l\u2019invention du Grand Tour et la naissance du sentiment de la montagne, les Alpes restent encore largement une terra incognita. Mais au Si\u00e8cle des Lumi\u00e8res, elles vont devenir, aux yeux des savants et des philosophes, un nouveau continent \u00e0 explorer et un fabuleux laboratoire de la nature susceptible [&#8230;]\n","protected":false},"featured_media":39289,"template":"","meta":[],"product_brand":[],"product_cat":[21542],"product_tag":[],"class_list":{"0":"post-146764","1":"product","2":"type-product","3":"status-publish","4":"has-post-thumbnail","6":"product_cat-sachbuecher-dokumentationen","7":"pa_autor-asseborn","8":"pa_erscheinungsjahr-21586","9":"pa_region-frankreich","10":"pa_sprache-fr","12":"first","13":"instock","14":"taxable","15":"shipping-taxable","16":"purchasable","17":"product-type-simple"},"_links":{"self":[{"href":"https:\/\/pizbube.ch\/en\/wp-json\/wp\/v2\/product\/146764","targetHints":{"allow":["GET"]}}],"collection":[{"href":"https:\/\/pizbube.ch\/en\/wp-json\/wp\/v2\/product"}],"about":[{"href":"https:\/\/pizbube.ch\/en\/wp-json\/wp\/v2\/types\/product"}],"wp:featuredmedia":[{"embeddable":true,"href":"https:\/\/pizbube.ch\/en\/wp-json\/wp\/v2\/media\/39289"}],"wp:attachment":[{"href":"https:\/\/pizbube.ch\/en\/wp-json\/wp\/v2\/media?parent=146764"}],"wp:term":[{"taxonomy":"product_brand","embeddable":true,"href":"https:\/\/pizbube.ch\/en\/wp-json\/wp\/v2\/product_brand?post=146764"},{"taxonomy":"product_cat","embeddable":true,"href":"https:\/\/pizbube.ch\/en\/wp-json\/wp\/v2\/product_cat?post=146764"},{"taxonomy":"product_tag","embeddable":true,"href":"https:\/\/pizbube.ch\/en\/wp-json\/wp\/v2\/product_tag?post=146764"}],"curies":[{"name":"wp","href":"https:\/\/api.w.org\/{rel}","templated":true}]}}