{"id":146765,"date":"2021-01-15T10:54:11","date_gmt":"2021-01-15T10:54:11","guid":{"rendered":"https:\/\/codengine3.ch\/?product=import-placeholder-for-208248"},"modified":"2021-01-15T17:51:54","modified_gmt":"2021-01-15T17:51:54","slug":"lapprentissage-du-risque-lalpinisme-en-1900","status":"publish","type":"product","link":"https:\/\/pizbube.ch\/en\/shop\/lapprentissage-du-risque-lalpinisme-en-1900\/","title":{"rendered":"L&#8217;apprentissage du risque &#8211; L&#8217;alpinisme en 1900"},"content":{"rendered":"<p>\nL\u2019alpinisme est encore une activit\u00e9 balbutiante dans les ann\u00e9es 1900.<br \/>\nTechniques d\u2019escalade et mat\u00e9riel restent \u00e0 inventer, \u00e0 perfectionner\u2026<\/p>\n<p>La corde est-elle utile ou dangereuse ? Faut-il utiliser les \u00e9tranges<br \/>\nustensiles que sont les crampons ou faire une courte-\u00e9chelle pour franchir un<br \/>\nobstacle ? L\u2019impatience de la passion et de l\u2019audace bousculent pourtant les<br \/>\nlenteurs de l\u2019apprentissage pour conqu\u00e9rir les montagnes sans avoir vraiment<br \/>\nconscience du risque.  <\/p>\n<p>Un ouvrage qui ne manquera pas d\u2019\u00e9tonner les lecteurs. Ces alpinistes des<br \/>\nann\u00e9es 1900 avaient une audace folle. De nombreuses illustrations soutiennent<br \/>\nles propos de l\u2019auteur.  <\/p>\n<p>228 pages<br \/>\nBroch\u00e9 14 x 20,5 cm  <\/p>","protected":false},"excerpt":{"rendered":"<p>L\u2019alpinisme est encore une activit\u00e9 balbutiante dans les ann\u00e9es 1900. Techniques d\u2019escalade et mat\u00e9riel restent \u00e0 inventer, \u00e0 perfectionner\u2026 La corde est-elle utile ou dangereuse ? Faut-il utiliser les \u00e9tranges ustensiles que sont les crampons ou faire une courte-\u00e9chelle pour franchir un obstacle ? L\u2019impatience de la passion et de l\u2019audace bousculent pourtant les lenteurs [&#8230;]\n","protected":false},"featured_media":39742,"template":"","meta":[],"product_brand":[],"product_cat":[21542],"product_tag":[],"class_list":{"0":"post-146765","1":"product","2":"type-product","3":"status-publish","4":"has-post-thumbnail","6":"product_cat-sachbuecher-dokumentationen","7":"pa_autor-grevoz","8":"pa_erscheinungsjahr-21558","9":"pa_region-frankreich","10":"pa_sprache-fr","12":"first","13":"instock","14":"taxable","15":"shipping-taxable","16":"purchasable","17":"product-type-simple"},"_links":{"self":[{"href":"https:\/\/pizbube.ch\/en\/wp-json\/wp\/v2\/product\/146765","targetHints":{"allow":["GET"]}}],"collection":[{"href":"https:\/\/pizbube.ch\/en\/wp-json\/wp\/v2\/product"}],"about":[{"href":"https:\/\/pizbube.ch\/en\/wp-json\/wp\/v2\/types\/product"}],"wp:featuredmedia":[{"embeddable":true,"href":"https:\/\/pizbube.ch\/en\/wp-json\/wp\/v2\/media\/39742"}],"wp:attachment":[{"href":"https:\/\/pizbube.ch\/en\/wp-json\/wp\/v2\/media?parent=146765"}],"wp:term":[{"taxonomy":"product_brand","embeddable":true,"href":"https:\/\/pizbube.ch\/en\/wp-json\/wp\/v2\/product_brand?post=146765"},{"taxonomy":"product_cat","embeddable":true,"href":"https:\/\/pizbube.ch\/en\/wp-json\/wp\/v2\/product_cat?post=146765"},{"taxonomy":"product_tag","embeddable":true,"href":"https:\/\/pizbube.ch\/en\/wp-json\/wp\/v2\/product_tag?post=146765"}],"curies":[{"name":"wp","href":"https:\/\/api.w.org\/{rel}","templated":true}]}}