{"id":146766,"date":"2021-01-15T10:54:11","date_gmt":"2021-01-15T10:54:11","guid":{"rendered":"https:\/\/codengine3.ch\/?product=import-placeholder-for-200099"},"modified":"2021-01-15T10:54:16","modified_gmt":"2021-01-15T10:54:16","slug":"walliser-alpen-die-grossen-trekking-runden","status":"publish","type":"product","link":"https:\/\/pizbube.ch\/en\/shop\/walliser-alpen-die-grossen-trekking-runden\/","title":{"rendered":"Walliser Alpen &#8211; Die gro\u00dfen Trekking-Runden"},"content":{"rendered":"<p>Tour Monte Rosa \u00b7 Tour Matterhorn \u00b7 Tour des Combins<\/p>\n<p>Nirgends ballen sich solch gro\u00dfartige hochalpine Impressionen, so viele<br \/>\nViertausender auf engem Raum wie in den Walliser Alpen. Drei gro\u00dfe Rundtouren<br \/>\nbringen uns diesen Schaust\u00fccken nahe. L\u00e4ngst als Klassiker gilt die Tour Monte<br \/>\nRosa, zu der auch ber\u00fchmte Pfade wie der Europaweg und der Gr\u00e4chener H\u00f6henweg<br \/>\ngeh\u00f6ren. Nach diesem Vorbild ist vor einigen Jahren eine Umrundung des<br \/>\nMatterhorns entworfen worden, auf der es nat\u00fcrlich um viel mehr als das \u00bbHoru\u00ab<br \/>\ngeht.  <\/p>\n<p>Wiederum lernt man diverse T\u00e4ler auf Schweizer und italienischer Seite kennen<br \/>\nund mit ihnen verbl\u00fcffende Kontraste. Der dritte vorgestellte Trek, die Tour<br \/>\ndes Combins, mag etwas weniger bekannt sein, aber nicht minder interessant.<br \/>\nAuch der Westen der Walliser Alpen bietet n\u00e4mlich ein F\u00fcllhorn<br \/>\nlandschaftlicher Leckerbissen; im Verlauf von H\u00fctte zu H\u00fctte ist diese Tour<br \/>\nsogar besonders ideal. Der Wanderf\u00fchrer beschreibt ausf\u00fchrlich s\u00e4mtliche<br \/>\nEtappen einschlie\u00dflich lohnender Varianten.<\/p>","protected":false},"excerpt":{"rendered":"<ul>\n<li><a href=\"https:\/\/pizbube.ch\/wp-content\/uploads\/attachments\/a_001\/0995459DC091A3B52CDA6E988D796A0A.pdf\" target=\"_blank\" rel=\"noopener\">PDF: walliser alpen trekking-runden_inhalt<\/a><\/li>\n<\/ul>","protected":false},"featured_media":25918,"template":"","meta":[],"product_brand":[],"product_cat":[21605],"product_tag":[],"class_list":{"0":"post-146766","1":"product","2":"type-product","3":"status-publish","4":"has-post-thumbnail","6":"product_cat-wanderfuehrer-trekking","7":"pa_autor-zahel","8":"pa_erscheinungsjahr-21568","9":"pa_region-schweiz","10":"pa_sprache-de","12":"first","13":"instock","14":"taxable","15":"shipping-taxable","16":"purchasable","17":"product-type-simple"},"_links":{"self":[{"href":"https:\/\/pizbube.ch\/en\/wp-json\/wp\/v2\/product\/146766","targetHints":{"allow":["GET"]}}],"collection":[{"href":"https:\/\/pizbube.ch\/en\/wp-json\/wp\/v2\/product"}],"about":[{"href":"https:\/\/pizbube.ch\/en\/wp-json\/wp\/v2\/types\/product"}],"wp:featuredmedia":[{"embeddable":true,"href":"https:\/\/pizbube.ch\/en\/wp-json\/wp\/v2\/media\/25918"}],"wp:attachment":[{"href":"https:\/\/pizbube.ch\/en\/wp-json\/wp\/v2\/media?parent=146766"}],"wp:term":[{"taxonomy":"product_brand","embeddable":true,"href":"https:\/\/pizbube.ch\/en\/wp-json\/wp\/v2\/product_brand?post=146766"},{"taxonomy":"product_cat","embeddable":true,"href":"https:\/\/pizbube.ch\/en\/wp-json\/wp\/v2\/product_cat?post=146766"},{"taxonomy":"product_tag","embeddable":true,"href":"https:\/\/pizbube.ch\/en\/wp-json\/wp\/v2\/product_tag?post=146766"}],"curies":[{"name":"wp","href":"https:\/\/api.w.org\/{rel}","templated":true}]}}